{"id":16244,"date":"2023-05-12T17:07:04","date_gmt":"2023-05-12T17:07:04","guid":{"rendered":"https:\/\/plastimol.com\/produtos\/bateria\/"},"modified":"2023-06-27T15:15:27","modified_gmt":"2023-06-27T15:15:27","slug":"baterias","status":"publish","type":"page","link":"https:\/\/plastimol.com\/pt-pt\/produtos\/baterias\/","title":{"rendered":"Bateria"},"content":{"rendered":"\t\t<div data-elementor-type=\"wp-page\" data-elementor-id=\"16244\" class=\"elementor elementor-16244 elementor-1512\" data-elementor-post-type=\"page\">\n\t\t\t\t\t\t<section class=\"elementor-section elementor-top-section elementor-element elementor-element-6c69c67 elementor-section-boxed elementor-section-height-default elementor-section-height-default\" data-id=\"6c69c67\" data-element_type=\"section\">\n\t\t\t\t\t\t<div class=\"elementor-container elementor-column-gap-default\">\n\t\t\t\t\t<div class=\"elementor-column elementor-col-100 elementor-top-column elementor-element elementor-element-ae7c3b8\" data-id=\"ae7c3b8\" data-element_type=\"column\">\n\t\t\t<div class=\"elementor-widget-wrap elementor-element-populated\">\n\t\t\t\t\t\t<div class=\"elementor-element elementor-element-6d20bde elementor-widget elementor-widget-heading\" data-id=\"6d20bde\" data-element_type=\"widget\" data-widget_type=\"heading.default\">\n\t\t\t\t<div class=\"elementor-widget-container\">\n\t\t\t\t\t<h1 class=\"elementor-heading-title elementor-size-default\">CONTENTORES<\/h1>\t\t\t\t<\/div>\n\t\t\t\t<\/div>\n\t\t\t\t<div class=\"elementor-element elementor-element-1738227 elementor-widget-divider--view-line elementor-widget elementor-widget-divider\" data-id=\"1738227\" data-element_type=\"widget\" data-widget_type=\"divider.default\">\n\t\t\t\t<div class=\"elementor-widget-container\">\n\t\t\t\t\t\t\t<div class=\"elementor-divider\">\n\t\t\t<span class=\"elementor-divider-separator\">\n\t\t\t\t\t\t<\/span>\n\t\t<\/div>\n\t\t\t\t\t\t<\/div>\n\t\t\t\t<\/div>\n\t\t\t\t<div class=\"elementor-element elementor-element-f0f296b elementor-widget elementor-widget-heading\" data-id=\"f0f296b\" data-element_type=\"widget\" data-widget_type=\"heading.default\">\n\t\t\t\t<div class=\"elementor-widget-container\">\n\t\t\t\t\t<h2 class=\"elementor-heading-title elementor-size-medium\">Tambores azuis e acess\u00f3rios para tambores<\/h2>\t\t\t\t<\/div>\n\t\t\t\t<\/div>\n\t\t\t\t<div class=\"elementor-element elementor-element-c31ed06 elementor-widget elementor-widget-text-editor\" data-id=\"c31ed06\" data-element_type=\"widget\" data-widget_type=\"text-editor.default\">\n\t\t\t\t<div class=\"elementor-widget-container\">\n\t\t\t\t\t\t\t\t\t<p><strong>Tambores azuis de pl\u00e1stico<\/strong> <strong>e acess\u00f3rios para tambores<\/strong>, especialmente projetados para qualquer ind\u00fastria e setor de alimentos. Descubra todas as possibilidades que os tambores pl\u00e1sticos da <strong>Plastimol<\/strong> t\u00eam para lhe oferecer.<\/p>\n\t\t\t\t\t\t\t\t<\/div>\n\t\t\t\t<\/div>\n\t\t\t\t\t<\/div>\n\t\t<\/div>\n\t\t\t\t\t<\/div>\n\t\t<\/section>\n\t\t\t\t<section class=\"elementor-section elementor-top-section elementor-element elementor-element-2c4ed62 elementor-section-boxed elementor-section-height-default elementor-section-height-default\" data-id=\"2c4ed62\" data-element_type=\"section\">\n\t\t\t\t\t\t<div class=\"elementor-container elementor-column-gap-default\">\n\t\t\t\t\t<div class=\"elementor-column elementor-col-50 elementor-top-column elementor-element elementor-element-46bb6553\" data-id=\"46bb6553\" data-element_type=\"column\">\n\t\t\t<div class=\"elementor-widget-wrap elementor-element-populated\">\n\t\t\t\t\t\t<div class=\"elementor-element elementor-element-14ceb585 elementor-widget elementor-widget-heading\" data-id=\"14ceb585\" data-element_type=\"widget\" data-widget_type=\"heading.default\">\n\t\t\t\t<div class=\"elementor-widget-container\">\n\t\t\t\t\t<h3 class=\"elementor-heading-title elementor-size-medium\"><a href=\"https:\/\/plastimol.com\/productos\/bidones\/bidones\/\">Bateria<\/a><\/h3>\t\t\t\t<\/div>\n\t\t\t\t<\/div>\n\t\t\t\t<div class=\"elementor-element elementor-element-3aaa03f1 elementor-widget elementor-widget-image\" data-id=\"3aaa03f1\" data-element_type=\"widget\" data-widget_type=\"image.default\">\n\t\t\t\t<div class=\"elementor-widget-container\">\n\t\t\t\t\t\t\t\t\t\t\t\t\t\t\t\t<a href=\"https:\/\/plastimol.com\/productos\/bidones\/bidones\/\">\n\t\t\t\t\t\t\t<img fetchpriority=\"high\" decoding=\"async\" width=\"300\" height=\"200\" src=\"https:\/\/plastimol.com\/wp-content\/uploads\/2021\/02\/KB_2-ASAS-1-300x200.webp\" class=\"attachment-medium size-medium wp-image-11578\" alt=\"Bidones KB 2 ASAS 60 L\" srcset=\"https:\/\/plastimol.com\/wp-content\/uploads\/2021\/02\/KB_2-ASAS-1-300x200.webp 300w, https:\/\/plastimol.com\/wp-content\/uploads\/2021\/02\/KB_2-ASAS-1-768x512.webp 768w, https:\/\/plastimol.com\/wp-content\/uploads\/2021\/02\/KB_2-ASAS-1-600x400.webp 600w, https:\/\/plastimol.com\/wp-content\/uploads\/2021\/02\/KB_2-ASAS-1.webp 1000w\" sizes=\"(max-width: 300px) 100vw, 300px\" \/>\t\t\t\t\t\t\t\t<\/a>\n\t\t\t\t\t\t\t\t\t\t\t\t\t\t\t<\/div>\n\t\t\t\t<\/div>\n\t\t\t\t\t<\/div>\n\t\t<\/div>\n\t\t\t\t<div class=\"elementor-column elementor-col-50 elementor-top-column elementor-element elementor-element-a59f6ac\" data-id=\"a59f6ac\" data-element_type=\"column\">\n\t\t\t<div class=\"elementor-widget-wrap elementor-element-populated\">\n\t\t\t\t\t\t<div class=\"elementor-element elementor-element-2ed7f97 elementor-widget elementor-widget-heading\" data-id=\"2ed7f97\" data-element_type=\"widget\" data-widget_type=\"heading.default\">\n\t\t\t\t<div class=\"elementor-widget-container\">\n\t\t\t\t\t<h3 class=\"elementor-heading-title elementor-size-medium\"><a href=\"https:\/\/plastimol.com\/productos\/bidones\/accesorios-bidones\/\">Acess\u00f3rios<\/a><\/h3>\t\t\t\t<\/div>\n\t\t\t\t<\/div>\n\t\t\t\t<div class=\"elementor-element elementor-element-b12f387 elementor-widget elementor-widget-image\" data-id=\"b12f387\" data-element_type=\"widget\" data-widget_type=\"image.default\">\n\t\t\t\t<div class=\"elementor-widget-container\">\n\t\t\t\t\t\t\t\t\t\t\t\t\t\t\t\t<a href=\"https:\/\/plastimol.com\/productos\/bidones\/accesorios-bidones\/\">\n\t\t\t\t\t\t\t<img decoding=\"async\" width=\"300\" height=\"200\" src=\"https:\/\/plastimol.com\/wp-content\/uploads\/2022\/07\/220-REJILLA-OBTURADOR-300x200.webp\" class=\"attachment-medium size-medium wp-image-11607\" alt=\"Rejilla Obturador 220 L\" srcset=\"https:\/\/plastimol.com\/wp-content\/uploads\/2022\/07\/220-REJILLA-OBTURADOR-300x200.webp 300w, https:\/\/plastimol.com\/wp-content\/uploads\/2022\/07\/220-REJILLA-OBTURADOR-768x512.webp 768w, https:\/\/plastimol.com\/wp-content\/uploads\/2022\/07\/220-REJILLA-OBTURADOR-600x400.webp 600w, https:\/\/plastimol.com\/wp-content\/uploads\/2022\/07\/220-REJILLA-OBTURADOR.webp 1000w\" sizes=\"(max-width: 300px) 100vw, 300px\" \/>\t\t\t\t\t\t\t\t<\/a>\n\t\t\t\t\t\t\t\t\t\t\t\t\t\t\t<\/div>\n\t\t\t\t<\/div>\n\t\t\t\t\t<\/div>\n\t\t<\/div>\n\t\t\t\t\t<\/div>\n\t\t<\/section>\n\t\t\t\t<\/div>\n\t\t","protected":false},"excerpt":{"rendered":"<p>CONTENTORES Tambores azuis e acess\u00f3rios para tambores Tambores azuis de pl\u00e1stico e acess\u00f3rios para tambores, especialmente projetados para qualquer ind\u00fastria e setor de alimentos. Descubra todas as possibilidades que os tambores pl\u00e1sticos da Plastimol t\u00eam para lhe oferecer. Bateria Acess\u00f3rios<\/p>\n","protected":false},"author":8,"featured_media":0,"parent":16221,"menu_order":0,"comment_status":"closed","ping_status":"closed","template":"","meta":{"_uag_custom_page_level_css":"","site-sidebar-layout":"no-sidebar","site-content-layout":"page-builder","ast-site-content-layout":"default","site-content-style":"default","site-sidebar-style":"default","ast-global-header-display":"","ast-banner-title-visibility":"","ast-main-header-display":"","ast-hfb-above-header-display":"","ast-hfb-below-header-display":"","ast-hfb-mobile-header-display":"","site-post-title":"disabled","ast-breadcrumbs-content":"","ast-featured-img":"disabled","footer-sml-layout":"","ast-disable-related-posts":"","theme-transparent-header-meta":"default","adv-header-id-meta":"","stick-header-meta":"default","header-above-stick-meta":"","header-main-stick-meta":"","header-below-stick-meta":"","astra-migrate-meta-layouts":"default","ast-page-background-enabled":"default","ast-page-background-meta":{"desktop":{"background-color":"","background-image":"","background-repeat":"repeat","background-position":"center center","background-size":"auto","background-attachment":"scroll","background-type":"","background-media":"","overlay-type":"","overlay-color":"","overlay-opacity":"","overlay-gradient":""},"tablet":{"background-color":"","background-image":"","background-repeat":"repeat","background-position":"center center","background-size":"auto","background-attachment":"scroll","background-type":"","background-media":"","overlay-type":"","overlay-color":"","overlay-opacity":"","overlay-gradient":""},"mobile":{"background-color":"","background-image":"","background-repeat":"repeat","background-position":"center center","background-size":"auto","background-attachment":"scroll","background-type":"","background-media":"","overlay-type":"","overlay-color":"","overlay-opacity":"","overlay-gradient":""}},"ast-content-background-meta":{"desktop":{"background-color":"var(--ast-global-color-5)","background-image":"","background-repeat":"repeat","background-position":"center center","background-size":"auto","background-attachment":"scroll","background-type":"","background-media":"","overlay-type":"","overlay-color":"","overlay-opacity":"","overlay-gradient":""},"tablet":{"background-color":"var(--ast-global-color-5)","background-image":"","background-repeat":"repeat","background-position":"center center","background-size":"auto","background-attachment":"scroll","background-type":"","background-media":"","overlay-type":"","overlay-color":"","overlay-opacity":"","overlay-gradient":""},"mobile":{"background-color":"var(--ast-global-color-5)","background-image":"","background-repeat":"repeat","background-position":"center center","background-size":"auto","background-attachment":"scroll","background-type":"","background-media":"","overlay-type":"","overlay-color":"","overlay-opacity":"","overlay-gradient":""}},"_joinchat":[],"footnotes":""},"class_list":["post-16244","page","type-page","status-publish","hentry"],"yoast_head":"<!-- This site is optimized with the Yoast SEO Premium plugin v25.3 (Yoast SEO v25.3) - https:\/\/yoast.com\/wordpress\/plugins\/seo\/ -->\n<title>Bateria e tambores azuis | Plastimol<\/title>\n<meta name=\"description\" content=\"Tambores e tambores azuis: solu\u00e7\u00f5es de armazenamento pl\u00e1sticas confi\u00e1veis e seguras. Descubra a qualidade da Plastimol.com. Obtenha mais informa\u00e7\u00f5es aqui!\" \/>\n<meta name=\"robots\" content=\"index, follow, max-snippet:-1, max-image-preview:large, max-video-preview:-1\" \/>\n<link rel=\"canonical\" href=\"https:\/\/plastimol.com\/pt-pt\/produtos\/baterias\/\" \/>\n<meta property=\"og:locale\" content=\"pt_PT\" \/>\n<meta property=\"og:type\" content=\"article\" \/>\n<meta property=\"og:title\" content=\"Bateria\" \/>\n<meta property=\"og:description\" content=\"Tambores e tambores azuis: solu\u00e7\u00f5es de armazenamento pl\u00e1sticas confi\u00e1veis e seguras. Descubra a qualidade da Plastimol.com. Obtenha mais informa\u00e7\u00f5es aqui!\" \/>\n<meta property=\"og:url\" content=\"https:\/\/plastimol.com\/pt-pt\/produtos\/baterias\/\" \/>\n<meta property=\"og:site_name\" content=\"Plastimol\" \/>\n<meta property=\"article:publisher\" content=\"https:\/\/www.facebook.com\/Plasticos-De-Molina-SL-2231330860466005\/\" \/>\n<meta property=\"article:modified_time\" content=\"2023-06-27T15:15:27+00:00\" \/>\n<meta property=\"og:image\" content=\"https:\/\/plastimol.com\/wp-content\/uploads\/2021\/02\/KB_2-ASAS-1-300x200.webp\" \/>\n<meta name=\"twitter:card\" content=\"summary_large_image\" \/>\n<meta name=\"twitter:label1\" content=\"Tempo estimado de leitura\" \/>\n\t<meta name=\"twitter:data1\" content=\"1 minuto\" \/>\n<script type=\"application\/ld+json\" class=\"yoast-schema-graph\">{\"@context\":\"https:\/\/schema.org\",\"@graph\":[{\"@type\":\"WebPage\",\"@id\":\"https:\/\/plastimol.com\/pt-pt\/produtos\/baterias\/\",\"url\":\"https:\/\/plastimol.com\/pt-pt\/produtos\/baterias\/\",\"name\":\"Bateria e tambores azuis | Plastimol\",\"isPartOf\":{\"@id\":\"https:\/\/plastimol.com\/pt-pt\/#website\"},\"primaryImageOfPage\":{\"@id\":\"https:\/\/plastimol.com\/pt-pt\/produtos\/baterias\/#primaryimage\"},\"image\":{\"@id\":\"https:\/\/plastimol.com\/pt-pt\/produtos\/baterias\/#primaryimage\"},\"thumbnailUrl\":\"https:\/\/plastimol.com\/wp-content\/uploads\/2021\/02\/KB_2-ASAS-1-300x200.webp\",\"datePublished\":\"2023-05-12T17:07:04+00:00\",\"dateModified\":\"2023-06-27T15:15:27+00:00\",\"description\":\"Tambores e tambores azuis: solu\u00e7\u00f5es de armazenamento pl\u00e1sticas confi\u00e1veis e seguras. Descubra a qualidade da Plastimol.com. Obtenha mais informa\u00e7\u00f5es aqui!\",\"breadcrumb\":{\"@id\":\"https:\/\/plastimol.com\/pt-pt\/produtos\/baterias\/#breadcrumb\"},\"inLanguage\":\"pt-PT\",\"potentialAction\":[{\"@type\":\"ReadAction\",\"target\":[\"https:\/\/plastimol.com\/pt-pt\/produtos\/baterias\/\"]}]},{\"@type\":\"ImageObject\",\"inLanguage\":\"pt-PT\",\"@id\":\"https:\/\/plastimol.com\/pt-pt\/produtos\/baterias\/#primaryimage\",\"url\":\"https:\/\/plastimol.com\/wp-content\/uploads\/2021\/02\/KB_2-ASAS-1-300x200.webp\",\"contentUrl\":\"https:\/\/plastimol.com\/wp-content\/uploads\/2021\/02\/KB_2-ASAS-1-300x200.webp\"},{\"@type\":\"BreadcrumbList\",\"@id\":\"https:\/\/plastimol.com\/pt-pt\/produtos\/baterias\/#breadcrumb\",\"itemListElement\":[{\"@type\":\"ListItem\",\"position\":1,\"name\":\"Plastimol\",\"item\":\"https:\/\/plastimol.com\/pt-pt\/\"},{\"@type\":\"ListItem\",\"position\":2,\"name\":\"Produtos: Empresas de Plasticos\",\"item\":\"https:\/\/plastimol.com\/pt-pt\/produtos\/\"},{\"@type\":\"ListItem\",\"position\":3,\"name\":\"Bateria\"}]},{\"@type\":\"WebSite\",\"@id\":\"https:\/\/plastimol.com\/pt-pt\/#website\",\"url\":\"https:\/\/plastimol.com\/pt-pt\/\",\"name\":\"Plastimol.com\",\"description\":\"Fabricantes Bbox, Contenedores, Cajas, Bidones y Palets de Pl\u00e1stico\",\"publisher\":{\"@id\":\"https:\/\/plastimol.com\/pt-pt\/#organization\"},\"potentialAction\":[{\"@type\":\"SearchAction\",\"target\":{\"@type\":\"EntryPoint\",\"urlTemplate\":\"https:\/\/plastimol.com\/pt-pt\/?s={search_term_string}\"},\"query-input\":{\"@type\":\"PropertyValueSpecification\",\"valueRequired\":true,\"valueName\":\"search_term_string\"}}],\"inLanguage\":\"pt-PT\"},{\"@type\":\"Organization\",\"@id\":\"https:\/\/plastimol.com\/pt-pt\/#organization\",\"name\":\"Plastimol.com\",\"url\":\"https:\/\/plastimol.com\/pt-pt\/\",\"logo\":{\"@type\":\"ImageObject\",\"inLanguage\":\"pt-PT\",\"@id\":\"https:\/\/plastimol.com\/pt-pt\/#\/schema\/logo\/image\/\",\"url\":\"https:\/\/plastimol.com\/wp-content\/uploads\/2020\/12\/cropped-logo.png\",\"contentUrl\":\"https:\/\/plastimol.com\/wp-content\/uploads\/2020\/12\/cropped-logo.png\",\"width\":1957,\"height\":485,\"caption\":\"Plastimol.com\"},\"image\":{\"@id\":\"https:\/\/plastimol.com\/pt-pt\/#\/schema\/logo\/image\/\"},\"sameAs\":[\"https:\/\/www.facebook.com\/Plasticos-De-Molina-SL-2231330860466005\/\",\"https:\/\/in.linkedin.com\/company\/plastimol\",\"https:\/\/www.instagram.com\/plastimol_envases\",\"https:\/\/www.youtube.com\/channel\/UCtKxYvZ0eakrjy2gSCBETGg\/videos\"]}]}<\/script>\n<!-- \/ Yoast SEO Premium plugin. -->","yoast_head_json":{"title":"Bateria e tambores azuis | Plastimol","description":"Tambores e tambores azuis: solu\u00e7\u00f5es de armazenamento pl\u00e1sticas confi\u00e1veis e seguras. Descubra a qualidade da Plastimol.com. Obtenha mais informa\u00e7\u00f5es aqui!","robots":{"index":"index","follow":"follow","max-snippet":"max-snippet:-1","max-image-preview":"max-image-preview:large","max-video-preview":"max-video-preview:-1"},"canonical":"https:\/\/plastimol.com\/pt-pt\/produtos\/baterias\/","og_locale":"pt_PT","og_type":"article","og_title":"Bateria","og_description":"Tambores e tambores azuis: solu\u00e7\u00f5es de armazenamento pl\u00e1sticas confi\u00e1veis e seguras. Descubra a qualidade da Plastimol.com. Obtenha mais informa\u00e7\u00f5es aqui!","og_url":"https:\/\/plastimol.com\/pt-pt\/produtos\/baterias\/","og_site_name":"Plastimol","article_publisher":"https:\/\/www.facebook.com\/Plasticos-De-Molina-SL-2231330860466005\/","article_modified_time":"2023-06-27T15:15:27+00:00","og_image":[{"url":"https:\/\/plastimol.com\/wp-content\/uploads\/2021\/02\/KB_2-ASAS-1-300x200.webp","type":"","width":"","height":""}],"twitter_card":"summary_large_image","twitter_misc":{"Tempo estimado de leitura":"1 minuto"},"schema":{"@context":"https:\/\/schema.org","@graph":[{"@type":"WebPage","@id":"https:\/\/plastimol.com\/pt-pt\/produtos\/baterias\/","url":"https:\/\/plastimol.com\/pt-pt\/produtos\/baterias\/","name":"Bateria e tambores azuis | Plastimol","isPartOf":{"@id":"https:\/\/plastimol.com\/pt-pt\/#website"},"primaryImageOfPage":{"@id":"https:\/\/plastimol.com\/pt-pt\/produtos\/baterias\/#primaryimage"},"image":{"@id":"https:\/\/plastimol.com\/pt-pt\/produtos\/baterias\/#primaryimage"},"thumbnailUrl":"https:\/\/plastimol.com\/wp-content\/uploads\/2021\/02\/KB_2-ASAS-1-300x200.webp","datePublished":"2023-05-12T17:07:04+00:00","dateModified":"2023-06-27T15:15:27+00:00","description":"Tambores e tambores azuis: solu\u00e7\u00f5es de armazenamento pl\u00e1sticas confi\u00e1veis e seguras. Descubra a qualidade da Plastimol.com. Obtenha mais informa\u00e7\u00f5es aqui!","breadcrumb":{"@id":"https:\/\/plastimol.com\/pt-pt\/produtos\/baterias\/#breadcrumb"},"inLanguage":"pt-PT","potentialAction":[{"@type":"ReadAction","target":["https:\/\/plastimol.com\/pt-pt\/produtos\/baterias\/"]}]},{"@type":"ImageObject","inLanguage":"pt-PT","@id":"https:\/\/plastimol.com\/pt-pt\/produtos\/baterias\/#primaryimage","url":"https:\/\/plastimol.com\/wp-content\/uploads\/2021\/02\/KB_2-ASAS-1-300x200.webp","contentUrl":"https:\/\/plastimol.com\/wp-content\/uploads\/2021\/02\/KB_2-ASAS-1-300x200.webp"},{"@type":"BreadcrumbList","@id":"https:\/\/plastimol.com\/pt-pt\/produtos\/baterias\/#breadcrumb","itemListElement":[{"@type":"ListItem","position":1,"name":"Plastimol","item":"https:\/\/plastimol.com\/pt-pt\/"},{"@type":"ListItem","position":2,"name":"Produtos: Empresas de Plasticos","item":"https:\/\/plastimol.com\/pt-pt\/produtos\/"},{"@type":"ListItem","position":3,"name":"Bateria"}]},{"@type":"WebSite","@id":"https:\/\/plastimol.com\/pt-pt\/#website","url":"https:\/\/plastimol.com\/pt-pt\/","name":"Plastimol.com","description":"Fabricantes Bbox, Contenedores, Cajas, Bidones y Palets de Pl\u00e1stico","publisher":{"@id":"https:\/\/plastimol.com\/pt-pt\/#organization"},"potentialAction":[{"@type":"SearchAction","target":{"@type":"EntryPoint","urlTemplate":"https:\/\/plastimol.com\/pt-pt\/?s={search_term_string}"},"query-input":{"@type":"PropertyValueSpecification","valueRequired":true,"valueName":"search_term_string"}}],"inLanguage":"pt-PT"},{"@type":"Organization","@id":"https:\/\/plastimol.com\/pt-pt\/#organization","name":"Plastimol.com","url":"https:\/\/plastimol.com\/pt-pt\/","logo":{"@type":"ImageObject","inLanguage":"pt-PT","@id":"https:\/\/plastimol.com\/pt-pt\/#\/schema\/logo\/image\/","url":"https:\/\/plastimol.com\/wp-content\/uploads\/2020\/12\/cropped-logo.png","contentUrl":"https:\/\/plastimol.com\/wp-content\/uploads\/2020\/12\/cropped-logo.png","width":1957,"height":485,"caption":"Plastimol.com"},"image":{"@id":"https:\/\/plastimol.com\/pt-pt\/#\/schema\/logo\/image\/"},"sameAs":["https:\/\/www.facebook.com\/Plasticos-De-Molina-SL-2231330860466005\/","https:\/\/in.linkedin.com\/company\/plastimol","https:\/\/www.instagram.com\/plastimol_envases","https:\/\/www.youtube.com\/channel\/UCtKxYvZ0eakrjy2gSCBETGg\/videos"]}]}},"uagb_featured_image_src":{"full":false,"thumbnail":false,"medium":false,"medium_large":false,"large":false,"1536x1536":false,"2048x2048":false,"woocommerce_thumbnail":false,"woocommerce_single":false,"woocommerce_gallery_thumbnail":false},"uagb_author_info":{"display_name":"Plastimol","author_link":"https:\/\/plastimol.com\/pt-pt\/author\/plastimol\/"},"uagb_comment_info":0,"uagb_excerpt":"CONTENTORES Tambores azuis e acess\u00f3rios para tambores Tambores azuis de pl\u00e1stico e acess\u00f3rios para tambores, especialmente projetados para qualquer ind\u00fastria e setor de alimentos. Descubra todas as possibilidades que os tambores pl\u00e1sticos da Plastimol t\u00eam para lhe oferecer. Bateria Acess\u00f3rios","_links":{"self":[{"href":"https:\/\/plastimol.com\/pt-pt\/wp-json\/wp\/v2\/pages\/16244","targetHints":{"allow":["GET"]}}],"collection":[{"href":"https:\/\/plastimol.com\/pt-pt\/wp-json\/wp\/v2\/pages"}],"about":[{"href":"https:\/\/plastimol.com\/pt-pt\/wp-json\/wp\/v2\/types\/page"}],"author":[{"embeddable":true,"href":"https:\/\/plastimol.com\/pt-pt\/wp-json\/wp\/v2\/users\/8"}],"replies":[{"embeddable":true,"href":"https:\/\/plastimol.com\/pt-pt\/wp-json\/wp\/v2\/comments?post=16244"}],"version-history":[{"count":0,"href":"https:\/\/plastimol.com\/pt-pt\/wp-json\/wp\/v2\/pages\/16244\/revisions"}],"up":[{"embeddable":true,"href":"https:\/\/plastimol.com\/pt-pt\/wp-json\/wp\/v2\/pages\/16221"}],"wp:attachment":[{"href":"https:\/\/plastimol.com\/pt-pt\/wp-json\/wp\/v2\/media?parent=16244"}],"curies":[{"name":"wp","href":"https:\/\/api.w.org\/{rel}","templated":true}]}}