{"id":16221,"date":"2023-05-12T17:07:01","date_gmt":"2023-05-12T17:07:01","guid":{"rendered":"https:\/\/plastimol.com\/produtos\/"},"modified":"2023-06-16T09:14:00","modified_gmt":"2023-06-16T09:14:00","slug":"produtos","status":"publish","type":"page","link":"https:\/\/plastimol.com\/pt-pt\/produtos\/","title":{"rendered":"Produtos: Empresas de Plasticos"},"content":{"rendered":"\t\t<div data-elementor-type=\"wp-page\" data-elementor-id=\"16221\" class=\"elementor elementor-16221 elementor-1184\" data-elementor-post-type=\"page\">\n\t\t\t\t\t\t<section class=\"elementor-section elementor-top-section elementor-element elementor-element-105342d6 elementor-section-boxed elementor-section-height-default elementor-section-height-default\" data-id=\"105342d6\" data-element_type=\"section\" data-e-type=\"section\" data-settings=\"{&quot;background_background&quot;:&quot;classic&quot;}\">\n\t\t\t\t\t\t<div class=\"elementor-container elementor-column-gap-default\">\n\t\t\t\t\t<div class=\"elementor-column elementor-col-100 elementor-top-column elementor-element elementor-element-26172da6\" data-id=\"26172da6\" data-element_type=\"column\" data-e-type=\"column\">\n\t\t\t<div class=\"elementor-widget-wrap elementor-element-populated\">\n\t\t\t\t\t\t<div class=\"elementor-element elementor-element-54cb58c5 elementor-widget elementor-widget-heading\" data-id=\"54cb58c5\" data-element_type=\"widget\" data-e-type=\"widget\" data-widget_type=\"heading.default\">\n\t\t\t\t<div class=\"elementor-widget-container\">\n\t\t\t\t\t<h1 class=\"elementor-heading-title elementor-size-large\">PRODUTOS EMPRESAS DE PLASTICOS<\/h1>\t\t\t\t<\/div>\n\t\t\t\t<\/div>\n\t\t\t\t<div class=\"elementor-element elementor-element-3978140b elementor-widget-divider--view-line elementor-widget elementor-widget-divider\" data-id=\"3978140b\" data-element_type=\"widget\" data-e-type=\"widget\" data-widget_type=\"divider.default\">\n\t\t\t\t<div class=\"elementor-widget-container\">\n\t\t\t\t\t\t\t<div class=\"elementor-divider\">\n\t\t\t<span class=\"elementor-divider-separator\">\n\t\t\t\t\t\t<\/span>\n\t\t<\/div>\n\t\t\t\t\t\t<\/div>\n\t\t\t\t<\/div>\n\t\t\t\t<div class=\"elementor-element elementor-element-7e9e820 elementor-widget elementor-widget-heading\" data-id=\"7e9e820\" data-element_type=\"widget\" data-e-type=\"widget\" data-widget_type=\"heading.default\">\n\t\t\t\t<div class=\"elementor-widget-container\">\n\t\t\t\t\t<h2 class=\"elementor-heading-title elementor-size-medium\">PRODUTOS EMPRESAS DE PLASTICOS\u200b<\/h2>\t\t\t\t<\/div>\n\t\t\t\t<\/div>\n\t\t\t\t<div class=\"elementor-element elementor-element-47ca42ad elementor-widget elementor-widget-text-editor\" data-id=\"47ca42ad\" data-element_type=\"widget\" data-e-type=\"widget\" data-widget_type=\"text-editor.default\">\n\t\t\t\t<div class=\"elementor-widget-container\">\n\t\t\t\t\t\t\t\t\t<p>Na Plastimol, oferecemos <strong>muitos produtos de pl\u00e1stico<\/strong> diferentes, tais como <strong>caixas de pl\u00e1stico grandes, caixas de pl\u00e1stico, paletes e bid\u00f5es de pl\u00e1stico azuis.<\/strong> Todos os produtos s\u00e3o concebidos para serem utilizados pelos nossos clientes nos <strong>sectores alimentar e industrial.<\/strong> <strong>Cumprem todas as <a href=\"https:\/\/plastimol.com\/pt-pt\/responsabilidade-social-das-empresas\/\">normas de qualidade<\/a> necess\u00e1rias.<\/strong><\/p>\t\t\t\t\t\t\t\t<\/div>\n\t\t\t\t<\/div>\n\t\t\t\t<section class=\"elementor-section elementor-inner-section elementor-element elementor-element-3af14a0f elementor-section-boxed elementor-section-height-default elementor-section-height-default\" data-id=\"3af14a0f\" data-element_type=\"section\" data-e-type=\"section\">\n\t\t\t\t\t\t<div class=\"elementor-container elementor-column-gap-default\">\n\t\t\t\t\t<div class=\"elementor-column elementor-col-50 elementor-inner-column elementor-element elementor-element-54d92ed3\" data-id=\"54d92ed3\" data-element_type=\"column\" data-e-type=\"column\">\n\t\t\t<div class=\"elementor-widget-wrap elementor-element-populated\">\n\t\t\t\t\t\t<div class=\"elementor-element elementor-element-379b3a0 elementor-widget elementor-widget-text-editor\" data-id=\"379b3a0\" data-element_type=\"widget\" data-e-type=\"widget\" data-widget_type=\"text-editor.default\">\n\t\t\t\t<div class=\"elementor-widget-container\">\n\t\t\t\t\t\t\t\t\t<h3 style=\"text-align: center;\">BBOX<\/h3>\t\t\t\t\t\t\t\t<\/div>\n\t\t\t\t<\/div>\n\t\t\t\t<div class=\"elementor-element elementor-element-384dd15a elementor-widget elementor-widget-image\" data-id=\"384dd15a\" data-element_type=\"widget\" data-e-type=\"widget\" data-widget_type=\"image.default\">\n\t\t\t\t<div class=\"elementor-widget-container\">\n\t\t\t\t\t\t\t\t\t\t\t\t\t\t\t\t<a href=\"https:\/\/plastimol.com\/productos\/bbox\/\">\n\t\t\t\t\t\t\t<img fetchpriority=\"high\" decoding=\"async\" width=\"300\" height=\"200\" src=\"https:\/\/plastimol.com\/wp-content\/uploads\/2023\/03\/BBOX-300x200.webp\" class=\"attachment-medium size-medium wp-image-12065\" alt=\"BBOX Productos: Fabrica Productos Plasticos\" srcset=\"https:\/\/plastimol.com\/wp-content\/uploads\/2023\/03\/BBOX-300x200.webp 300w, https:\/\/plastimol.com\/wp-content\/uploads\/2023\/03\/BBOX-768x512.webp 768w, https:\/\/plastimol.com\/wp-content\/uploads\/2023\/03\/BBOX-600x400.webp 600w, https:\/\/plastimol.com\/wp-content\/uploads\/2023\/03\/BBOX.webp 1000w\" sizes=\"(max-width: 300px) 100vw, 300px\" \/>\t\t\t\t\t\t\t\t<\/a>\n\t\t\t\t\t\t\t\t\t\t\t\t\t\t\t<\/div>\n\t\t\t\t<\/div>\n\t\t\t\t\t<\/div>\n\t\t<\/div>\n\t\t\t\t<div class=\"elementor-column elementor-col-50 elementor-inner-column elementor-element elementor-element-3f0800ba\" data-id=\"3f0800ba\" data-element_type=\"column\" data-e-type=\"column\">\n\t\t\t<div class=\"elementor-widget-wrap elementor-element-populated\">\n\t\t\t\t\t\t<div class=\"elementor-element elementor-element-0673b67 elementor-widget elementor-widget-text-editor\" data-id=\"0673b67\" data-element_type=\"widget\" data-e-type=\"widget\" data-widget_type=\"text-editor.default\">\n\t\t\t\t<div class=\"elementor-widget-container\">\n\t\t\t\t\t\t\t\t\t<h3 style=\"text-align: center;\">CAIXAS<\/h3>\t\t\t\t\t\t\t\t<\/div>\n\t\t\t\t<\/div>\n\t\t\t\t<div class=\"elementor-element elementor-element-6ddf5b94 elementor-widget elementor-widget-image\" data-id=\"6ddf5b94\" data-element_type=\"widget\" data-e-type=\"widget\" data-widget_type=\"image.default\">\n\t\t\t\t<div class=\"elementor-widget-container\">\n\t\t\t\t\t\t\t\t\t\t\t\t\t\t\t\t<a href=\"https:\/\/plastimol.com\/productos\/cajas\/\">\n\t\t\t\t\t\t\t<img decoding=\"async\" width=\"300\" height=\"200\" src=\"https:\/\/plastimol.com\/wp-content\/uploads\/2022\/10\/OW-24_60-1-300x200.webp\" class=\"attachment-medium size-medium wp-image-11861\" alt=\"\" srcset=\"https:\/\/plastimol.com\/wp-content\/uploads\/2022\/10\/OW-24_60-1-300x200.webp 300w, https:\/\/plastimol.com\/wp-content\/uploads\/2022\/10\/OW-24_60-1-768x512.webp 768w, https:\/\/plastimol.com\/wp-content\/uploads\/2022\/10\/OW-24_60-1-600x400.webp 600w, https:\/\/plastimol.com\/wp-content\/uploads\/2022\/10\/OW-24_60-1.webp 1000w\" sizes=\"(max-width: 300px) 100vw, 300px\" \/>\t\t\t\t\t\t\t\t<\/a>\n\t\t\t\t\t\t\t\t\t\t\t\t\t\t\t<\/div>\n\t\t\t\t<\/div>\n\t\t\t\t\t<\/div>\n\t\t<\/div>\n\t\t\t\t\t<\/div>\n\t\t<\/section>\n\t\t\t\t<section class=\"elementor-section elementor-inner-section elementor-element elementor-element-6b9c4eb6 elementor-section-boxed elementor-section-height-default elementor-section-height-default\" data-id=\"6b9c4eb6\" data-element_type=\"section\" data-e-type=\"section\">\n\t\t\t\t\t\t<div class=\"elementor-container elementor-column-gap-default\">\n\t\t\t\t\t<div class=\"elementor-column elementor-col-50 elementor-inner-column elementor-element elementor-element-6593b113\" data-id=\"6593b113\" data-element_type=\"column\" data-e-type=\"column\">\n\t\t\t<div class=\"elementor-widget-wrap elementor-element-populated\">\n\t\t\t\t\t\t<div class=\"elementor-element elementor-element-cc26f78 elementor-widget elementor-widget-text-editor\" data-id=\"cc26f78\" data-element_type=\"widget\" data-e-type=\"widget\" data-widget_type=\"text-editor.default\">\n\t\t\t\t<div class=\"elementor-widget-container\">\n\t\t\t\t\t\t\t\t\t<h3 style=\"text-align: center;\">CONTENTORES<\/h3>\t\t\t\t\t\t\t\t<\/div>\n\t\t\t\t<\/div>\n\t\t\t\t<div class=\"elementor-element elementor-element-41671c7b elementor-widget elementor-widget-image\" data-id=\"41671c7b\" data-element_type=\"widget\" data-e-type=\"widget\" data-widget_type=\"image.default\">\n\t\t\t\t<div class=\"elementor-widget-container\">\n\t\t\t\t\t\t\t\t\t\t\t\t\t\t\t\t<a href=\"https:\/\/plastimol.com\/productos\/bidones\/\">\n\t\t\t\t\t\t\t<img decoding=\"async\" width=\"300\" height=\"200\" src=\"https:\/\/plastimol.com\/wp-content\/uploads\/2022\/07\/KB-1-300x200.webp\" class=\"attachment-medium size-medium wp-image-11573\" alt=\"Bidones KB 60 L 1\" srcset=\"https:\/\/plastimol.com\/wp-content\/uploads\/2022\/07\/KB-1-300x200.webp 300w, https:\/\/plastimol.com\/wp-content\/uploads\/2022\/07\/KB-1-768x512.webp 768w, https:\/\/plastimol.com\/wp-content\/uploads\/2022\/07\/KB-1-600x400.webp 600w, https:\/\/plastimol.com\/wp-content\/uploads\/2022\/07\/KB-1.webp 1000w\" sizes=\"(max-width: 300px) 100vw, 300px\" \/>\t\t\t\t\t\t\t\t<\/a>\n\t\t\t\t\t\t\t\t\t\t\t\t\t\t\t<\/div>\n\t\t\t\t<\/div>\n\t\t\t\t\t<\/div>\n\t\t<\/div>\n\t\t\t\t<div class=\"elementor-column elementor-col-50 elementor-inner-column elementor-element elementor-element-6a5881d9\" data-id=\"6a5881d9\" data-element_type=\"column\" data-e-type=\"column\">\n\t\t\t<div class=\"elementor-widget-wrap elementor-element-populated\">\n\t\t\t\t\t\t<div class=\"elementor-element elementor-element-bc8f498 elementor-widget elementor-widget-text-editor\" data-id=\"bc8f498\" data-element_type=\"widget\" data-e-type=\"widget\" data-widget_type=\"text-editor.default\">\n\t\t\t\t<div class=\"elementor-widget-container\">\n\t\t\t\t\t\t\t\t\t<h3 style=\"text-align: center;\">PALETES<\/h3>\t\t\t\t\t\t\t\t<\/div>\n\t\t\t\t<\/div>\n\t\t\t\t<div class=\"elementor-element elementor-element-4a85a368 elementor-widget elementor-widget-image\" data-id=\"4a85a368\" data-element_type=\"widget\" data-e-type=\"widget\" data-widget_type=\"image.default\">\n\t\t\t\t<div class=\"elementor-widget-container\">\n\t\t\t\t\t\t\t\t\t\t\t\t\t\t\t\t<a href=\"https:\/\/plastimol.com\/productos\/palets\/\">\n\t\t\t\t\t\t\t<img loading=\"lazy\" decoding=\"async\" width=\"300\" height=\"200\" src=\"https:\/\/plastimol.com\/wp-content\/uploads\/2023\/01\/OW-24_60-1-300x200-1.png\" class=\"attachment-medium size-medium wp-image-11893\" alt=\"Productos Palets OW-24_60-1-300x200\" \/>\t\t\t\t\t\t\t\t<\/a>\n\t\t\t\t\t\t\t\t\t\t\t\t\t\t\t<\/div>\n\t\t\t\t<\/div>\n\t\t\t\t\t<\/div>\n\t\t<\/div>\n\t\t\t\t\t<\/div>\n\t\t<\/section>\n\t\t\t\t<div class=\"elementor-element elementor-element-743a2cd8 elementor-widget elementor-widget-spacer\" data-id=\"743a2cd8\" data-element_type=\"widget\" data-e-type=\"widget\" data-widget_type=\"spacer.default\">\n\t\t\t\t<div class=\"elementor-widget-container\">\n\t\t\t\t\t\t\t<div class=\"elementor-spacer\">\n\t\t\t<div class=\"elementor-spacer-inner\"><\/div>\n\t\t<\/div>\n\t\t\t\t\t\t<\/div>\n\t\t\t\t<\/div>\n\t\t\t\t\t<\/div>\n\t\t<\/div>\n\t\t\t\t\t<\/div>\n\t\t<\/section>\n\t\t\t\t<\/div>\n\t\t","protected":false},"excerpt":{"rendered":"<p>PRODUTOS EMPRESAS DE PLASTICOS PRODUTOS EMPRESAS DE PLASTICOS\u200b Na Plastimol, oferecemos muitos produtos de pl\u00e1stico diferentes, tais como caixas de pl\u00e1stico grandes, caixas de pl\u00e1stico, paletes e bid\u00f5es de pl\u00e1stico azuis. Todos os produtos s\u00e3o concebidos para serem utilizados pelos nossos clientes nos sectores alimentar e industrial. Cumprem todas as normas de qualidade necess\u00e1rias. BBOX [&hellip;]<\/p>\n","protected":false},"author":8,"featured_media":0,"parent":0,"menu_order":0,"comment_status":"closed","ping_status":"closed","template":"","meta":{"_uag_custom_page_level_css":"","site-sidebar-layout":"no-sidebar","site-content-layout":"page-builder","ast-site-content-layout":"default","site-content-style":"default","site-sidebar-style":"default","ast-global-header-display":"","ast-banner-title-visibility":"","ast-main-header-display":"","ast-hfb-above-header-display":"","ast-hfb-below-header-display":"","ast-hfb-mobile-header-display":"","site-post-title":"disabled","ast-breadcrumbs-content":"","ast-featured-img":"disabled","footer-sml-layout":"","ast-disable-related-posts":"","theme-transparent-header-meta":"default","adv-header-id-meta":"","stick-header-meta":"default","header-above-stick-meta":"","header-main-stick-meta":"","header-below-stick-meta":"","astra-migrate-meta-layouts":"default","ast-page-background-enabled":"default","ast-page-background-meta":{"desktop":{"background-color":"","background-image":"","background-repeat":"repeat","background-position":"center center","background-size":"auto","background-attachment":"scroll","background-type":"","background-media":"","overlay-type":"","overlay-color":"","overlay-opacity":"","overlay-gradient":""},"tablet":{"background-color":"","background-image":"","background-repeat":"repeat","background-position":"center center","background-size":"auto","background-attachment":"scroll","background-type":"","background-media":"","overlay-type":"","overlay-color":"","overlay-opacity":"","overlay-gradient":""},"mobile":{"background-color":"","background-image":"","background-repeat":"repeat","background-position":"center center","background-size":"auto","background-attachment":"scroll","background-type":"","background-media":"","overlay-type":"","overlay-color":"","overlay-opacity":"","overlay-gradient":""}},"ast-content-background-meta":{"desktop":{"background-color":"var(--ast-global-color-5)","background-image":"","background-repeat":"repeat","background-position":"center center","background-size":"auto","background-attachment":"scroll","background-type":"","background-media":"","overlay-type":"","overlay-color":"","overlay-opacity":"","overlay-gradient":""},"tablet":{"background-color":"var(--ast-global-color-5)","background-image":"","background-repeat":"repeat","background-position":"center center","background-size":"auto","background-attachment":"scroll","background-type":"","background-media":"","overlay-type":"","overlay-color":"","overlay-opacity":"","overlay-gradient":""},"mobile":{"background-color":"var(--ast-global-color-5)","background-image":"","background-repeat":"repeat","background-position":"center center","background-size":"auto","background-attachment":"scroll","background-type":"","background-media":"","overlay-type":"","overlay-color":"","overlay-opacity":"","overlay-gradient":""}},"_joinchat":[],"footnotes":""},"class_list":["post-16221","page","type-page","status-publish","hentry"],"yoast_head":"<!-- This site is optimized with the Yoast SEO Premium plugin v25.3 (Yoast SEO v27.4) - https:\/\/yoast.com\/product\/yoast-seo-premium-wordpress\/ -->\n<title>Produtos: Empresas de Plasticos | Plastimol<\/title>\n<meta name=\"description\" content=\"Descubra A Excel\u00eancia Das Empresas De Pl\u00e1sticos Com A Plastimol.com. Qualidade, Inova\u00e7\u00e3o E Confiabilidade Em Cada Produto. Compre Agora!\" \/>\n<meta name=\"robots\" content=\"index, follow, max-snippet:-1, max-image-preview:large, max-video-preview:-1\" \/>\n<link rel=\"canonical\" href=\"https:\/\/plastimol.com\/pt-pt\/produtos\/\" \/>\n<meta property=\"og:locale\" content=\"pt_PT\" \/>\n<meta property=\"og:type\" content=\"article\" \/>\n<meta property=\"og:title\" content=\"Produtos: Empresas de Plasticos\" \/>\n<meta property=\"og:description\" content=\"Descubra A Excel\u00eancia Das Empresas De Pl\u00e1sticos Com A Plastimol.com. Qualidade, Inova\u00e7\u00e3o E Confiabilidade Em Cada Produto. Compre Agora!\" \/>\n<meta property=\"og:url\" content=\"https:\/\/plastimol.com\/pt-pt\/produtos\/\" \/>\n<meta property=\"og:site_name\" content=\"Plastimol\" \/>\n<meta property=\"article:publisher\" content=\"https:\/\/www.facebook.com\/Plasticos-De-Molina-SL-2231330860466005\/\" \/>\n<meta property=\"article:modified_time\" content=\"2023-06-16T09:14:00+00:00\" \/>\n<meta property=\"og:image\" content=\"https:\/\/plastimol.com\/wp-content\/uploads\/2023\/03\/BBOX-300x200.webp\" \/>\n<meta name=\"twitter:card\" content=\"summary_large_image\" \/>\n<meta name=\"twitter:label1\" content=\"Tempo estimado de leitura\" \/>\n\t<meta name=\"twitter:data1\" content=\"2 minutos\" \/>\n<script type=\"application\/ld+json\" class=\"yoast-schema-graph\">{\"@context\":\"https:\\\/\\\/schema.org\",\"@graph\":[{\"@type\":\"WebPage\",\"@id\":\"https:\\\/\\\/plastimol.com\\\/pt-pt\\\/produtos\\\/\",\"url\":\"https:\\\/\\\/plastimol.com\\\/pt-pt\\\/produtos\\\/\",\"name\":\"Produtos: Empresas de Plasticos | Plastimol\",\"isPartOf\":{\"@id\":\"https:\\\/\\\/plastimol.com\\\/pt-pt\\\/#website\"},\"primaryImageOfPage\":{\"@id\":\"https:\\\/\\\/plastimol.com\\\/pt-pt\\\/produtos\\\/#primaryimage\"},\"image\":{\"@id\":\"https:\\\/\\\/plastimol.com\\\/pt-pt\\\/produtos\\\/#primaryimage\"},\"thumbnailUrl\":\"https:\\\/\\\/plastimol.com\\\/wp-content\\\/uploads\\\/2023\\\/03\\\/BBOX-300x200.webp\",\"datePublished\":\"2023-05-12T17:07:01+00:00\",\"dateModified\":\"2023-06-16T09:14:00+00:00\",\"description\":\"Descubra A Excel\u00eancia Das Empresas De Pl\u00e1sticos Com A Plastimol.com. Qualidade, Inova\u00e7\u00e3o E Confiabilidade Em Cada Produto. Compre Agora!\",\"breadcrumb\":{\"@id\":\"https:\\\/\\\/plastimol.com\\\/pt-pt\\\/produtos\\\/#breadcrumb\"},\"inLanguage\":\"pt-PT\",\"potentialAction\":[{\"@type\":\"ReadAction\",\"target\":[\"https:\\\/\\\/plastimol.com\\\/pt-pt\\\/produtos\\\/\"]}]},{\"@type\":\"ImageObject\",\"inLanguage\":\"pt-PT\",\"@id\":\"https:\\\/\\\/plastimol.com\\\/pt-pt\\\/produtos\\\/#primaryimage\",\"url\":\"https:\\\/\\\/plastimol.com\\\/wp-content\\\/uploads\\\/2023\\\/03\\\/BBOX-300x200.webp\",\"contentUrl\":\"https:\\\/\\\/plastimol.com\\\/wp-content\\\/uploads\\\/2023\\\/03\\\/BBOX-300x200.webp\"},{\"@type\":\"BreadcrumbList\",\"@id\":\"https:\\\/\\\/plastimol.com\\\/pt-pt\\\/produtos\\\/#breadcrumb\",\"itemListElement\":[{\"@type\":\"ListItem\",\"position\":1,\"name\":\"Plastimol\",\"item\":\"https:\\\/\\\/plastimol.com\\\/pt-pt\\\/\"},{\"@type\":\"ListItem\",\"position\":2,\"name\":\"Produtos: Empresas de Plasticos\"}]},{\"@type\":\"WebSite\",\"@id\":\"https:\\\/\\\/plastimol.com\\\/pt-pt\\\/#website\",\"url\":\"https:\\\/\\\/plastimol.com\\\/pt-pt\\\/\",\"name\":\"Plastimol.com\",\"description\":\"Fabricantes Bbox, Contenedores, Cajas, Bidones y Palets de Pl\u00e1stico\",\"publisher\":{\"@id\":\"https:\\\/\\\/plastimol.com\\\/pt-pt\\\/#organization\"},\"potentialAction\":[{\"@type\":\"SearchAction\",\"target\":{\"@type\":\"EntryPoint\",\"urlTemplate\":\"https:\\\/\\\/plastimol.com\\\/pt-pt\\\/?s={search_term_string}\"},\"query-input\":{\"@type\":\"PropertyValueSpecification\",\"valueRequired\":true,\"valueName\":\"search_term_string\"}}],\"inLanguage\":\"pt-PT\"},{\"@type\":\"Organization\",\"@id\":\"https:\\\/\\\/plastimol.com\\\/pt-pt\\\/#organization\",\"name\":\"Plastimol.com\",\"url\":\"https:\\\/\\\/plastimol.com\\\/pt-pt\\\/\",\"logo\":{\"@type\":\"ImageObject\",\"inLanguage\":\"pt-PT\",\"@id\":\"https:\\\/\\\/plastimol.com\\\/pt-pt\\\/#\\\/schema\\\/logo\\\/image\\\/\",\"url\":\"https:\\\/\\\/plastimol.com\\\/wp-content\\\/uploads\\\/2020\\\/12\\\/cropped-logo.png\",\"contentUrl\":\"https:\\\/\\\/plastimol.com\\\/wp-content\\\/uploads\\\/2020\\\/12\\\/cropped-logo.png\",\"width\":1957,\"height\":485,\"caption\":\"Plastimol.com\"},\"image\":{\"@id\":\"https:\\\/\\\/plastimol.com\\\/pt-pt\\\/#\\\/schema\\\/logo\\\/image\\\/\"},\"sameAs\":[\"https:\\\/\\\/www.facebook.com\\\/Plasticos-De-Molina-SL-2231330860466005\\\/\",\"https:\\\/\\\/in.linkedin.com\\\/company\\\/plastimol\",\"https:\\\/\\\/www.instagram.com\\\/plastimol_envases\",\"https:\\\/\\\/www.youtube.com\\\/channel\\\/UCtKxYvZ0eakrjy2gSCBETGg\\\/videos\"]}]}<\/script>\n<!-- \/ Yoast SEO Premium plugin. -->","yoast_head_json":{"title":"Produtos: Empresas de Plasticos | Plastimol","description":"Descubra A Excel\u00eancia Das Empresas De Pl\u00e1sticos Com A Plastimol.com. Qualidade, Inova\u00e7\u00e3o E Confiabilidade Em Cada Produto. Compre Agora!","robots":{"index":"index","follow":"follow","max-snippet":"max-snippet:-1","max-image-preview":"max-image-preview:large","max-video-preview":"max-video-preview:-1"},"canonical":"https:\/\/plastimol.com\/pt-pt\/produtos\/","og_locale":"pt_PT","og_type":"article","og_title":"Produtos: Empresas de Plasticos","og_description":"Descubra A Excel\u00eancia Das Empresas De Pl\u00e1sticos Com A Plastimol.com. Qualidade, Inova\u00e7\u00e3o E Confiabilidade Em Cada Produto. Compre Agora!","og_url":"https:\/\/plastimol.com\/pt-pt\/produtos\/","og_site_name":"Plastimol","article_publisher":"https:\/\/www.facebook.com\/Plasticos-De-Molina-SL-2231330860466005\/","article_modified_time":"2023-06-16T09:14:00+00:00","og_image":[{"url":"https:\/\/plastimol.com\/wp-content\/uploads\/2023\/03\/BBOX-300x200.webp","type":"","width":"","height":""}],"twitter_card":"summary_large_image","twitter_misc":{"Tempo estimado de leitura":"2 minutos"},"schema":{"@context":"https:\/\/schema.org","@graph":[{"@type":"WebPage","@id":"https:\/\/plastimol.com\/pt-pt\/produtos\/","url":"https:\/\/plastimol.com\/pt-pt\/produtos\/","name":"Produtos: Empresas de Plasticos | Plastimol","isPartOf":{"@id":"https:\/\/plastimol.com\/pt-pt\/#website"},"primaryImageOfPage":{"@id":"https:\/\/plastimol.com\/pt-pt\/produtos\/#primaryimage"},"image":{"@id":"https:\/\/plastimol.com\/pt-pt\/produtos\/#primaryimage"},"thumbnailUrl":"https:\/\/plastimol.com\/wp-content\/uploads\/2023\/03\/BBOX-300x200.webp","datePublished":"2023-05-12T17:07:01+00:00","dateModified":"2023-06-16T09:14:00+00:00","description":"Descubra A Excel\u00eancia Das Empresas De Pl\u00e1sticos Com A Plastimol.com. Qualidade, Inova\u00e7\u00e3o E Confiabilidade Em Cada Produto. Compre Agora!","breadcrumb":{"@id":"https:\/\/plastimol.com\/pt-pt\/produtos\/#breadcrumb"},"inLanguage":"pt-PT","potentialAction":[{"@type":"ReadAction","target":["https:\/\/plastimol.com\/pt-pt\/produtos\/"]}]},{"@type":"ImageObject","inLanguage":"pt-PT","@id":"https:\/\/plastimol.com\/pt-pt\/produtos\/#primaryimage","url":"https:\/\/plastimol.com\/wp-content\/uploads\/2023\/03\/BBOX-300x200.webp","contentUrl":"https:\/\/plastimol.com\/wp-content\/uploads\/2023\/03\/BBOX-300x200.webp"},{"@type":"BreadcrumbList","@id":"https:\/\/plastimol.com\/pt-pt\/produtos\/#breadcrumb","itemListElement":[{"@type":"ListItem","position":1,"name":"Plastimol","item":"https:\/\/plastimol.com\/pt-pt\/"},{"@type":"ListItem","position":2,"name":"Produtos: Empresas de Plasticos"}]},{"@type":"WebSite","@id":"https:\/\/plastimol.com\/pt-pt\/#website","url":"https:\/\/plastimol.com\/pt-pt\/","name":"Plastimol.com","description":"Fabricantes Bbox, Contenedores, Cajas, Bidones y Palets de Pl\u00e1stico","publisher":{"@id":"https:\/\/plastimol.com\/pt-pt\/#organization"},"potentialAction":[{"@type":"SearchAction","target":{"@type":"EntryPoint","urlTemplate":"https:\/\/plastimol.com\/pt-pt\/?s={search_term_string}"},"query-input":{"@type":"PropertyValueSpecification","valueRequired":true,"valueName":"search_term_string"}}],"inLanguage":"pt-PT"},{"@type":"Organization","@id":"https:\/\/plastimol.com\/pt-pt\/#organization","name":"Plastimol.com","url":"https:\/\/plastimol.com\/pt-pt\/","logo":{"@type":"ImageObject","inLanguage":"pt-PT","@id":"https:\/\/plastimol.com\/pt-pt\/#\/schema\/logo\/image\/","url":"https:\/\/plastimol.com\/wp-content\/uploads\/2020\/12\/cropped-logo.png","contentUrl":"https:\/\/plastimol.com\/wp-content\/uploads\/2020\/12\/cropped-logo.png","width":1957,"height":485,"caption":"Plastimol.com"},"image":{"@id":"https:\/\/plastimol.com\/pt-pt\/#\/schema\/logo\/image\/"},"sameAs":["https:\/\/www.facebook.com\/Plasticos-De-Molina-SL-2231330860466005\/","https:\/\/in.linkedin.com\/company\/plastimol","https:\/\/www.instagram.com\/plastimol_envases","https:\/\/www.youtube.com\/channel\/UCtKxYvZ0eakrjy2gSCBETGg\/videos"]}]}},"uagb_featured_image_src":{"full":false,"thumbnail":false,"medium":false,"medium_large":false,"large":false,"1536x1536":false,"2048x2048":false,"woocommerce_thumbnail":false,"woocommerce_single":false,"woocommerce_gallery_thumbnail":false},"uagb_author_info":{"display_name":"Plastimol","author_link":"https:\/\/plastimol.com\/pt-pt\/author\/plastimol\/"},"uagb_comment_info":0,"uagb_excerpt":"PRODUTOS EMPRESAS DE PLASTICOS PRODUTOS EMPRESAS DE PLASTICOS\u200b Na Plastimol, oferecemos muitos produtos de pl\u00e1stico diferentes, tais como caixas de pl\u00e1stico grandes, caixas de pl\u00e1stico, paletes e bid\u00f5es de pl\u00e1stico azuis. Todos os produtos s\u00e3o concebidos para serem utilizados pelos nossos clientes nos sectores alimentar e industrial. Cumprem todas as normas de qualidade necess\u00e1rias. BBOX&hellip;","_links":{"self":[{"href":"https:\/\/plastimol.com\/pt-pt\/wp-json\/wp\/v2\/pages\/16221","targetHints":{"allow":["GET"]}}],"collection":[{"href":"https:\/\/plastimol.com\/pt-pt\/wp-json\/wp\/v2\/pages"}],"about":[{"href":"https:\/\/plastimol.com\/pt-pt\/wp-json\/wp\/v2\/types\/page"}],"author":[{"embeddable":true,"href":"https:\/\/plastimol.com\/pt-pt\/wp-json\/wp\/v2\/users\/8"}],"replies":[{"embeddable":true,"href":"https:\/\/plastimol.com\/pt-pt\/wp-json\/wp\/v2\/comments?post=16221"}],"version-history":[{"count":0,"href":"https:\/\/plastimol.com\/pt-pt\/wp-json\/wp\/v2\/pages\/16221\/revisions"}],"wp:attachment":[{"href":"https:\/\/plastimol.com\/pt-pt\/wp-json\/wp\/v2\/media?parent=16221"}],"curies":[{"name":"wp","href":"https:\/\/api.w.org\/{rel}","templated":true}]}}