{"id":16190,"date":"2023-05-12T17:06:20","date_gmt":"2023-05-12T17:06:20","guid":{"rendered":"https:\/\/plastimol.com\/bbox\/"},"modified":"2023-06-16T10:35:06","modified_gmt":"2023-06-16T10:35:06","slug":"bbox","status":"publish","type":"page","link":"https:\/\/plastimol.com\/pt-pt\/produtos\/bbox\/","title":{"rendered":"BBOX"},"content":{"rendered":"\t\t<div data-elementor-type=\"wp-page\" data-elementor-id=\"16190\" class=\"elementor elementor-16190 elementor-1514\" data-elementor-post-type=\"page\">\n\t\t\t\t\t\t<section class=\"elementor-section elementor-top-section elementor-element elementor-element-4df0339b elementor-section-boxed elementor-section-height-default elementor-section-height-default\" data-id=\"4df0339b\" data-element_type=\"section\" data-e-type=\"section\">\n\t\t\t\t\t\t<div class=\"elementor-container elementor-column-gap-default\">\n\t\t\t\t\t<div class=\"elementor-column elementor-col-100 elementor-top-column elementor-element elementor-element-79595b4a\" data-id=\"79595b4a\" data-element_type=\"column\" data-e-type=\"column\">\n\t\t\t<div class=\"elementor-widget-wrap elementor-element-populated\">\n\t\t\t\t\t\t<div class=\"elementor-element elementor-element-3caf18f9 elementor-widget elementor-widget-heading\" data-id=\"3caf18f9\" data-element_type=\"widget\" data-e-type=\"widget\" data-widget_type=\"heading.default\">\n\t\t\t\t<div class=\"elementor-widget-container\">\n\t\t\t\t\t<h1 class=\"elementor-heading-title elementor-size-large\">BBOX: CONTENTOR PALETE<\/h1>\t\t\t\t<\/div>\n\t\t\t\t<\/div>\n\t\t\t\t<div class=\"elementor-element elementor-element-149714ed elementor-widget-divider--view-line elementor-widget elementor-widget-divider\" data-id=\"149714ed\" data-element_type=\"widget\" data-e-type=\"widget\" data-widget_type=\"divider.default\">\n\t\t\t\t<div class=\"elementor-widget-container\">\n\t\t\t\t\t\t\t<div class=\"elementor-divider\">\n\t\t\t<span class=\"elementor-divider-separator\">\n\t\t\t\t\t\t<\/span>\n\t\t<\/div>\n\t\t\t\t\t\t<\/div>\n\t\t\t\t<\/div>\n\t\t\t\t<div class=\"elementor-element elementor-element-389ed99 elementor-widget elementor-widget-heading\" data-id=\"389ed99\" data-element_type=\"widget\" data-e-type=\"widget\" data-widget_type=\"heading.default\">\n\t\t\t\t<div class=\"elementor-widget-container\">\n\t\t\t\t\t<h2 class=\"elementor-heading-title elementor-size-medium\">Contentor-Palete, Paletes de pl\u00e1stico e Grandes Caixas de pl\u00e1stico para v\u00e1rios sectores.<\/h2>\t\t\t\t<\/div>\n\t\t\t\t<\/div>\n\t\t\t\t<div class=\"elementor-element elementor-element-075a20c elementor-widget elementor-widget-text-editor\" data-id=\"075a20c\" data-element_type=\"widget\" data-e-type=\"widget\" data-widget_type=\"text-editor.default\">\n\t\t\t\t<div class=\"elementor-widget-container\">\n\t\t\t\t\t\t\t\t\t<p><strong>Caixa, paletes de pl\u00e1stico e caixas de pl\u00e1stico de grandes dimens\u00f5es para v\u00e1rios sectores e formatos.<\/strong> Aqui pode encontrar uma vasta sele\u00e7\u00e3o dos nossos melhores produtos de <strong>caixas de pl\u00e1stico grandes com tampa, sem tampa, respir\u00e1veis, combin\u00e1veis.<\/strong>..<\/p>\t\t\t\t\t\t\t\t<\/div>\n\t\t\t\t<\/div>\n\t\t\t\t\t<\/div>\n\t\t<\/div>\n\t\t\t\t\t<\/div>\n\t\t<\/section>\n\t\t\t\t<section class=\"elementor-section elementor-top-section elementor-element elementor-element-390c011 elementor-section-boxed elementor-section-height-default elementor-section-height-default\" data-id=\"390c011\" data-element_type=\"section\" data-e-type=\"section\">\n\t\t\t\t\t\t<div class=\"elementor-container elementor-column-gap-default\">\n\t\t\t\t\t<div class=\"elementor-column elementor-col-25 elementor-top-column elementor-element elementor-element-c0aef37\" data-id=\"c0aef37\" data-element_type=\"column\" data-e-type=\"column\">\n\t\t\t<div class=\"elementor-widget-wrap elementor-element-populated\">\n\t\t\t\t\t\t<div class=\"elementor-element elementor-element-6bc4354 elementor-widget elementor-widget-heading\" data-id=\"6bc4354\" data-element_type=\"widget\" data-e-type=\"widget\" data-widget_type=\"heading.default\">\n\t\t\t\t<div class=\"elementor-widget-container\">\n\t\t\t\t\t<h3 class=\"elementor-heading-title elementor-size-medium\"><a href=\"https:\/\/plastimol.com\/productos\/bbox\/agricultura\/\">Agricultura<\/a><\/h3>\t\t\t\t<\/div>\n\t\t\t\t<\/div>\n\t\t\t\t<div class=\"elementor-element elementor-element-e1b67fd elementor-widget elementor-widget-image\" data-id=\"e1b67fd\" data-element_type=\"widget\" data-e-type=\"widget\" data-widget_type=\"image.default\">\n\t\t\t\t<div class=\"elementor-widget-container\">\n\t\t\t\t\t\t\t\t\t\t\t\t\t\t\t\t<a href=\"https:\/\/plastimol.com\/productos\/bbox\/agricultura\/\">\n\t\t\t\t\t\t\t<img fetchpriority=\"high\" decoding=\"async\" width=\"1011\" height=\"889\" src=\"https:\/\/plastimol.com\/wp-content\/uploads\/2021\/02\/1210.50-LR-FR-4P-R01-1.png\" class=\"attachment-large size-large wp-image-11132\" alt=\"Bbox Relajado Agricultura 1210.50 LR FR-4P R01\" srcset=\"https:\/\/plastimol.com\/wp-content\/uploads\/2021\/02\/1210.50-LR-FR-4P-R01-1.png 1011w, https:\/\/plastimol.com\/wp-content\/uploads\/2021\/02\/1210.50-LR-FR-4P-R01-1-300x264.png 300w, https:\/\/plastimol.com\/wp-content\/uploads\/2021\/02\/1210.50-LR-FR-4P-R01-1-768x675.png 768w, https:\/\/plastimol.com\/wp-content\/uploads\/2021\/02\/1210.50-LR-FR-4P-R01-1-600x528.png 600w\" sizes=\"(max-width: 1011px) 100vw, 1011px\" \/>\t\t\t\t\t\t\t\t<\/a>\n\t\t\t\t\t\t\t\t\t\t\t\t\t\t\t<\/div>\n\t\t\t\t<\/div>\n\t\t\t\t\t<\/div>\n\t\t<\/div>\n\t\t\t\t<div class=\"elementor-column elementor-col-25 elementor-top-column elementor-element elementor-element-2edb8fa\" data-id=\"2edb8fa\" data-element_type=\"column\" data-e-type=\"column\">\n\t\t\t<div class=\"elementor-widget-wrap elementor-element-populated\">\n\t\t\t\t\t\t<div class=\"elementor-element elementor-element-fb65021 elementor-widget elementor-widget-heading\" data-id=\"fb65021\" data-element_type=\"widget\" data-e-type=\"widget\" data-widget_type=\"heading.default\">\n\t\t\t\t<div class=\"elementor-widget-container\">\n\t\t\t\t\t<h3 class=\"elementor-heading-title elementor-size-medium\"><a href=\"https:\/\/plastimol.com\/productos\/bbox\/industria\/\">Ind\u00fastria<\/a><\/h3>\t\t\t\t<\/div>\n\t\t\t\t<\/div>\n\t\t\t\t<div class=\"elementor-element elementor-element-560c250 elementor-widget elementor-widget-image\" data-id=\"560c250\" data-element_type=\"widget\" data-e-type=\"widget\" data-widget_type=\"image.default\">\n\t\t\t\t<div class=\"elementor-widget-container\">\n\t\t\t\t\t\t\t\t\t\t\t\t\t\t\t\t<a href=\"https:\/\/plastimol.com\/productos\/bbox\/industria\/\">\n\t\t\t\t\t\t\t<img decoding=\"async\" width=\"999\" height=\"889\" src=\"https:\/\/plastimol.com\/wp-content\/uploads\/2022\/07\/1210.63-LC-FC-4P-R01.webp\" class=\"attachment-large size-large wp-image-11741\" alt=\"BBOX 1210.63 LC FC-4P R01\" srcset=\"https:\/\/plastimol.com\/wp-content\/uploads\/2022\/07\/1210.63-LC-FC-4P-R01.webp 999w, https:\/\/plastimol.com\/wp-content\/uploads\/2022\/07\/1210.63-LC-FC-4P-R01-300x267.webp 300w, https:\/\/plastimol.com\/wp-content\/uploads\/2022\/07\/1210.63-LC-FC-4P-R01-768x683.webp 768w, https:\/\/plastimol.com\/wp-content\/uploads\/2022\/07\/1210.63-LC-FC-4P-R01-600x534.webp 600w\" sizes=\"(max-width: 999px) 100vw, 999px\" \/>\t\t\t\t\t\t\t\t<\/a>\n\t\t\t\t\t\t\t\t\t\t\t\t\t\t\t<\/div>\n\t\t\t\t<\/div>\n\t\t\t\t\t<\/div>\n\t\t<\/div>\n\t\t\t\t<div class=\"elementor-column elementor-col-25 elementor-top-column elementor-element elementor-element-3466c57\" data-id=\"3466c57\" data-element_type=\"column\" data-e-type=\"column\">\n\t\t\t<div class=\"elementor-widget-wrap elementor-element-populated\">\n\t\t\t\t\t\t<div class=\"elementor-element elementor-element-e5ad6e1 elementor-widget elementor-widget-heading\" data-id=\"e5ad6e1\" data-element_type=\"widget\" data-e-type=\"widget\" data-widget_type=\"heading.default\">\n\t\t\t\t<div class=\"elementor-widget-container\">\n\t\t\t\t\t<h3 class=\"elementor-heading-title elementor-size-medium\"><a href=\"https:\/\/plastimol.com\/productos\/bbox\/combinados\/\">Combinado<\/a><\/h3>\t\t\t\t<\/div>\n\t\t\t\t<\/div>\n\t\t\t\t<div class=\"elementor-element elementor-element-c253562 elementor-widget elementor-widget-image\" data-id=\"c253562\" data-element_type=\"widget\" data-e-type=\"widget\" data-widget_type=\"image.default\">\n\t\t\t\t<div class=\"elementor-widget-container\">\n\t\t\t\t\t\t\t\t\t\t\t\t\t\t\t\t<a href=\"https:\/\/plastimol.com\/productos\/bbox\/combinados\/\">\n\t\t\t\t\t\t\t<img decoding=\"async\" width=\"1020\" height=\"889\" src=\"https:\/\/plastimol.com\/wp-content\/uploads\/2022\/07\/1210.63-LC-FRR-4P-R01.webp\" class=\"attachment-large size-large wp-image-11777\" alt=\"BBOX 1210.63 LC FRR-4P R01\" srcset=\"https:\/\/plastimol.com\/wp-content\/uploads\/2022\/07\/1210.63-LC-FRR-4P-R01.webp 1020w, https:\/\/plastimol.com\/wp-content\/uploads\/2022\/07\/1210.63-LC-FRR-4P-R01-300x261.webp 300w, https:\/\/plastimol.com\/wp-content\/uploads\/2022\/07\/1210.63-LC-FRR-4P-R01-768x669.webp 768w, https:\/\/plastimol.com\/wp-content\/uploads\/2022\/07\/1210.63-LC-FRR-4P-R01-600x523.webp 600w\" sizes=\"(max-width: 1020px) 100vw, 1020px\" \/>\t\t\t\t\t\t\t\t<\/a>\n\t\t\t\t\t\t\t\t\t\t\t\t\t\t\t<\/div>\n\t\t\t\t<\/div>\n\t\t\t\t\t<\/div>\n\t\t<\/div>\n\t\t\t\t<div class=\"elementor-column elementor-col-25 elementor-top-column elementor-element elementor-element-53b1633\" data-id=\"53b1633\" data-element_type=\"column\" data-e-type=\"column\">\n\t\t\t<div class=\"elementor-widget-wrap elementor-element-populated\">\n\t\t\t\t\t\t<div class=\"elementor-element elementor-element-7ee508c elementor-widget elementor-widget-heading\" data-id=\"7ee508c\" data-element_type=\"widget\" data-e-type=\"widget\" data-widget_type=\"heading.default\">\n\t\t\t\t<div class=\"elementor-widget-container\">\n\t\t\t\t\t<h3 class=\"elementor-heading-title elementor-size-medium\"><a href=\"https:\/\/plastimol.com\/productos\/bbox\/accesorios-bbox\/\">Acess\u00f3rios<\/a><\/h3>\t\t\t\t<\/div>\n\t\t\t\t<\/div>\n\t\t\t\t<div class=\"elementor-element elementor-element-8f47474 elementor-widget elementor-widget-image\" data-id=\"8f47474\" data-element_type=\"widget\" data-e-type=\"widget\" data-widget_type=\"image.default\">\n\t\t\t\t<div class=\"elementor-widget-container\">\n\t\t\t\t\t\t\t\t\t\t\t\t\t\t\t\t<a href=\"https:\/\/plastimol.com\/productos\/bbox\/accesorios-bbox\/\">\n\t\t\t\t\t\t\t<img loading=\"lazy\" decoding=\"async\" width=\"1000\" height=\"667\" src=\"https:\/\/plastimol.com\/wp-content\/uploads\/2023\/04\/TAPA-2.webp\" class=\"attachment-large size-large wp-image-12825\" alt=\"TAPA BBOX\" srcset=\"https:\/\/plastimol.com\/wp-content\/uploads\/2023\/04\/TAPA-2.webp 1000w, https:\/\/plastimol.com\/wp-content\/uploads\/2023\/04\/TAPA-2-300x200.webp 300w, https:\/\/plastimol.com\/wp-content\/uploads\/2023\/04\/TAPA-2-768x512.webp 768w, https:\/\/plastimol.com\/wp-content\/uploads\/2023\/04\/TAPA-2-600x400.webp 600w\" sizes=\"(max-width: 1000px) 100vw, 1000px\" \/>\t\t\t\t\t\t\t\t<\/a>\n\t\t\t\t\t\t\t\t\t\t\t\t\t\t\t<\/div>\n\t\t\t\t<\/div>\n\t\t\t\t\t<\/div>\n\t\t<\/div>\n\t\t\t\t\t<\/div>\n\t\t<\/section>\n\t\t\t\t<\/div>\n\t\t","protected":false},"excerpt":{"rendered":"<p>BBOX: CONTENTOR PALETE Contentor-Palete, Paletes de pl\u00e1stico e Grandes Caixas de pl\u00e1stico para v\u00e1rios sectores. Caixa, paletes de pl\u00e1stico e caixas de pl\u00e1stico de grandes dimens\u00f5es para v\u00e1rios sectores e formatos. Aqui pode encontrar uma vasta sele\u00e7\u00e3o dos nossos melhores produtos de caixas de pl\u00e1stico grandes com tampa, sem tampa, respir\u00e1veis, combin\u00e1veis&#8230; Agricultura Ind\u00fastria Combinado [&hellip;]<\/p>\n","protected":false},"author":8,"featured_media":0,"parent":16221,"menu_order":0,"comment_status":"closed","ping_status":"closed","template":"","meta":{"_uag_custom_page_level_css":"","site-sidebar-layout":"no-sidebar","site-content-layout":"page-builder","ast-site-content-layout":"default","site-content-style":"default","site-sidebar-style":"default","ast-global-header-display":"","ast-banner-title-visibility":"","ast-main-header-display":"","ast-hfb-above-header-display":"","ast-hfb-below-header-display":"","ast-hfb-mobile-header-display":"","site-post-title":"disabled","ast-breadcrumbs-content":"","ast-featured-img":"disabled","footer-sml-layout":"","ast-disable-related-posts":"","theme-transparent-header-meta":"default","adv-header-id-meta":"","stick-header-meta":"default","header-above-stick-meta":"","header-main-stick-meta":"","header-below-stick-meta":"","astra-migrate-meta-layouts":"default","ast-page-background-enabled":"default","ast-page-background-meta":{"desktop":{"background-color":"","background-image":"","background-repeat":"repeat","background-position":"center center","background-size":"auto","background-attachment":"scroll","background-type":"","background-media":"","overlay-type":"","overlay-color":"","overlay-opacity":"","overlay-gradient":""},"tablet":{"background-color":"","background-image":"","background-repeat":"repeat","background-position":"center center","background-size":"auto","background-attachment":"scroll","background-type":"","background-media":"","overlay-type":"","overlay-color":"","overlay-opacity":"","overlay-gradient":""},"mobile":{"background-color":"","background-image":"","background-repeat":"repeat","background-position":"center center","background-size":"auto","background-attachment":"scroll","background-type":"","background-media":"","overlay-type":"","overlay-color":"","overlay-opacity":"","overlay-gradient":""}},"ast-content-background-meta":{"desktop":{"background-color":"var(--ast-global-color-5)","background-image":"","background-repeat":"repeat","background-position":"center center","background-size":"auto","background-attachment":"scroll","background-type":"","background-media":"","overlay-type":"","overlay-color":"","overlay-opacity":"","overlay-gradient":""},"tablet":{"background-color":"var(--ast-global-color-5)","background-image":"","background-repeat":"repeat","background-position":"center center","background-size":"auto","background-attachment":"scroll","background-type":"","background-media":"","overlay-type":"","overlay-color":"","overlay-opacity":"","overlay-gradient":""},"mobile":{"background-color":"var(--ast-global-color-5)","background-image":"","background-repeat":"repeat","background-position":"center center","background-size":"auto","background-attachment":"scroll","background-type":"","background-media":"","overlay-type":"","overlay-color":"","overlay-opacity":"","overlay-gradient":""}},"_joinchat":[],"footnotes":""},"class_list":["post-16190","page","type-page","status-publish","hentry"],"yoast_head":"<!-- This site is optimized with the Yoast SEO Premium plugin v25.3 (Yoast SEO v27.4) - https:\/\/yoast.com\/product\/yoast-seo-premium-wordpress\/ -->\n<title>Bbox | Palote | Contentor-Palette | Cest\u00f5es Plasticos | Plastimol<\/title>\n<meta name=\"description\" content=\"A compra de Palote | Contentor-Palette | Cest\u00f5es Plasticos ajuda a melhorar a log\u00edstica e o transporte de suas mercadorias. Compre na!\" \/>\n<meta name=\"robots\" content=\"index, follow, max-snippet:-1, max-image-preview:large, max-video-preview:-1\" \/>\n<link rel=\"canonical\" href=\"https:\/\/plastimol.com\/pt-pt\/produtos\/bbox\/\" \/>\n<meta property=\"og:locale\" content=\"pt_PT\" \/>\n<meta property=\"og:type\" content=\"article\" \/>\n<meta property=\"og:title\" content=\"BBOX\" \/>\n<meta property=\"og:description\" content=\"A compra de Palote | Contentor-Palette | Cest\u00f5es Plasticos ajuda a melhorar a log\u00edstica e o transporte de suas mercadorias. Compre na!\" \/>\n<meta property=\"og:url\" content=\"https:\/\/plastimol.com\/pt-pt\/produtos\/bbox\/\" \/>\n<meta property=\"og:site_name\" content=\"Plastimol\" \/>\n<meta property=\"article:publisher\" content=\"https:\/\/www.facebook.com\/Plasticos-De-Molina-SL-2231330860466005\/\" \/>\n<meta property=\"article:modified_time\" content=\"2023-06-16T10:35:06+00:00\" \/>\n<meta property=\"og:image\" content=\"https:\/\/plastimol.com\/wp-content\/uploads\/2021\/02\/1210.50-LR-FR-4P-R01-1.png\" \/>\n<meta name=\"twitter:card\" content=\"summary_large_image\" \/>\n<meta name=\"twitter:label1\" content=\"Tempo estimado de leitura\" \/>\n\t<meta name=\"twitter:data1\" content=\"2 minutos\" \/>\n<script type=\"application\/ld+json\" class=\"yoast-schema-graph\">{\"@context\":\"https:\\\/\\\/schema.org\",\"@graph\":[{\"@type\":\"WebPage\",\"@id\":\"https:\\\/\\\/plastimol.com\\\/pt-pt\\\/produtos\\\/bbox\\\/\",\"url\":\"https:\\\/\\\/plastimol.com\\\/pt-pt\\\/produtos\\\/bbox\\\/\",\"name\":\"Bbox | Palote | Contentor-Palette | Cest\u00f5es Plasticos | Plastimol\",\"isPartOf\":{\"@id\":\"https:\\\/\\\/plastimol.com\\\/pt-pt\\\/#website\"},\"primaryImageOfPage\":{\"@id\":\"https:\\\/\\\/plastimol.com\\\/pt-pt\\\/produtos\\\/bbox\\\/#primaryimage\"},\"image\":{\"@id\":\"https:\\\/\\\/plastimol.com\\\/pt-pt\\\/produtos\\\/bbox\\\/#primaryimage\"},\"thumbnailUrl\":\"https:\\\/\\\/plastimol.com\\\/wp-content\\\/uploads\\\/2021\\\/02\\\/1210.50-LR-FR-4P-R01-1.png\",\"datePublished\":\"2023-05-12T17:06:20+00:00\",\"dateModified\":\"2023-06-16T10:35:06+00:00\",\"description\":\"A compra de Palote | Contentor-Palette | Cest\u00f5es Plasticos ajuda a melhorar a log\u00edstica e o transporte de suas mercadorias. Compre na!\",\"breadcrumb\":{\"@id\":\"https:\\\/\\\/plastimol.com\\\/pt-pt\\\/produtos\\\/bbox\\\/#breadcrumb\"},\"inLanguage\":\"pt-PT\",\"potentialAction\":[{\"@type\":\"ReadAction\",\"target\":[\"https:\\\/\\\/plastimol.com\\\/pt-pt\\\/produtos\\\/bbox\\\/\"]}]},{\"@type\":\"ImageObject\",\"inLanguage\":\"pt-PT\",\"@id\":\"https:\\\/\\\/plastimol.com\\\/pt-pt\\\/produtos\\\/bbox\\\/#primaryimage\",\"url\":\"https:\\\/\\\/plastimol.com\\\/wp-content\\\/uploads\\\/2021\\\/02\\\/1210.50-LR-FR-4P-R01-1.png\",\"contentUrl\":\"https:\\\/\\\/plastimol.com\\\/wp-content\\\/uploads\\\/2021\\\/02\\\/1210.50-LR-FR-4P-R01-1.png\"},{\"@type\":\"BreadcrumbList\",\"@id\":\"https:\\\/\\\/plastimol.com\\\/pt-pt\\\/produtos\\\/bbox\\\/#breadcrumb\",\"itemListElement\":[{\"@type\":\"ListItem\",\"position\":1,\"name\":\"Plastimol\",\"item\":\"https:\\\/\\\/plastimol.com\\\/pt-pt\\\/\"},{\"@type\":\"ListItem\",\"position\":2,\"name\":\"Produtos: Empresas de Plasticos\",\"item\":\"https:\\\/\\\/plastimol.com\\\/pt-pt\\\/produtos\\\/\"},{\"@type\":\"ListItem\",\"position\":3,\"name\":\"BBOX\"}]},{\"@type\":\"WebSite\",\"@id\":\"https:\\\/\\\/plastimol.com\\\/pt-pt\\\/#website\",\"url\":\"https:\\\/\\\/plastimol.com\\\/pt-pt\\\/\",\"name\":\"Plastimol.com\",\"description\":\"Fabricantes Bbox, Contenedores, Cajas, Bidones y Palets de Pl\u00e1stico\",\"publisher\":{\"@id\":\"https:\\\/\\\/plastimol.com\\\/pt-pt\\\/#organization\"},\"potentialAction\":[{\"@type\":\"SearchAction\",\"target\":{\"@type\":\"EntryPoint\",\"urlTemplate\":\"https:\\\/\\\/plastimol.com\\\/pt-pt\\\/?s={search_term_string}\"},\"query-input\":{\"@type\":\"PropertyValueSpecification\",\"valueRequired\":true,\"valueName\":\"search_term_string\"}}],\"inLanguage\":\"pt-PT\"},{\"@type\":\"Organization\",\"@id\":\"https:\\\/\\\/plastimol.com\\\/pt-pt\\\/#organization\",\"name\":\"Plastimol.com\",\"url\":\"https:\\\/\\\/plastimol.com\\\/pt-pt\\\/\",\"logo\":{\"@type\":\"ImageObject\",\"inLanguage\":\"pt-PT\",\"@id\":\"https:\\\/\\\/plastimol.com\\\/pt-pt\\\/#\\\/schema\\\/logo\\\/image\\\/\",\"url\":\"https:\\\/\\\/plastimol.com\\\/wp-content\\\/uploads\\\/2020\\\/12\\\/cropped-logo.png\",\"contentUrl\":\"https:\\\/\\\/plastimol.com\\\/wp-content\\\/uploads\\\/2020\\\/12\\\/cropped-logo.png\",\"width\":1957,\"height\":485,\"caption\":\"Plastimol.com\"},\"image\":{\"@id\":\"https:\\\/\\\/plastimol.com\\\/pt-pt\\\/#\\\/schema\\\/logo\\\/image\\\/\"},\"sameAs\":[\"https:\\\/\\\/www.facebook.com\\\/Plasticos-De-Molina-SL-2231330860466005\\\/\",\"https:\\\/\\\/in.linkedin.com\\\/company\\\/plastimol\",\"https:\\\/\\\/www.instagram.com\\\/plastimol_envases\",\"https:\\\/\\\/www.youtube.com\\\/channel\\\/UCtKxYvZ0eakrjy2gSCBETGg\\\/videos\"]}]}<\/script>\n<!-- \/ Yoast SEO Premium plugin. -->","yoast_head_json":{"title":"Bbox | Palote | Contentor-Palette | Cest\u00f5es Plasticos | Plastimol","description":"A compra de Palote | Contentor-Palette | Cest\u00f5es Plasticos ajuda a melhorar a log\u00edstica e o transporte de suas mercadorias. Compre na!","robots":{"index":"index","follow":"follow","max-snippet":"max-snippet:-1","max-image-preview":"max-image-preview:large","max-video-preview":"max-video-preview:-1"},"canonical":"https:\/\/plastimol.com\/pt-pt\/produtos\/bbox\/","og_locale":"pt_PT","og_type":"article","og_title":"BBOX","og_description":"A compra de Palote | Contentor-Palette | Cest\u00f5es Plasticos ajuda a melhorar a log\u00edstica e o transporte de suas mercadorias. Compre na!","og_url":"https:\/\/plastimol.com\/pt-pt\/produtos\/bbox\/","og_site_name":"Plastimol","article_publisher":"https:\/\/www.facebook.com\/Plasticos-De-Molina-SL-2231330860466005\/","article_modified_time":"2023-06-16T10:35:06+00:00","og_image":[{"url":"https:\/\/plastimol.com\/wp-content\/uploads\/2021\/02\/1210.50-LR-FR-4P-R01-1.png","type":"","width":"","height":""}],"twitter_card":"summary_large_image","twitter_misc":{"Tempo estimado de leitura":"2 minutos"},"schema":{"@context":"https:\/\/schema.org","@graph":[{"@type":"WebPage","@id":"https:\/\/plastimol.com\/pt-pt\/produtos\/bbox\/","url":"https:\/\/plastimol.com\/pt-pt\/produtos\/bbox\/","name":"Bbox | Palote | Contentor-Palette | Cest\u00f5es Plasticos | Plastimol","isPartOf":{"@id":"https:\/\/plastimol.com\/pt-pt\/#website"},"primaryImageOfPage":{"@id":"https:\/\/plastimol.com\/pt-pt\/produtos\/bbox\/#primaryimage"},"image":{"@id":"https:\/\/plastimol.com\/pt-pt\/produtos\/bbox\/#primaryimage"},"thumbnailUrl":"https:\/\/plastimol.com\/wp-content\/uploads\/2021\/02\/1210.50-LR-FR-4P-R01-1.png","datePublished":"2023-05-12T17:06:20+00:00","dateModified":"2023-06-16T10:35:06+00:00","description":"A compra de Palote | Contentor-Palette | Cest\u00f5es Plasticos ajuda a melhorar a log\u00edstica e o transporte de suas mercadorias. Compre na!","breadcrumb":{"@id":"https:\/\/plastimol.com\/pt-pt\/produtos\/bbox\/#breadcrumb"},"inLanguage":"pt-PT","potentialAction":[{"@type":"ReadAction","target":["https:\/\/plastimol.com\/pt-pt\/produtos\/bbox\/"]}]},{"@type":"ImageObject","inLanguage":"pt-PT","@id":"https:\/\/plastimol.com\/pt-pt\/produtos\/bbox\/#primaryimage","url":"https:\/\/plastimol.com\/wp-content\/uploads\/2021\/02\/1210.50-LR-FR-4P-R01-1.png","contentUrl":"https:\/\/plastimol.com\/wp-content\/uploads\/2021\/02\/1210.50-LR-FR-4P-R01-1.png"},{"@type":"BreadcrumbList","@id":"https:\/\/plastimol.com\/pt-pt\/produtos\/bbox\/#breadcrumb","itemListElement":[{"@type":"ListItem","position":1,"name":"Plastimol","item":"https:\/\/plastimol.com\/pt-pt\/"},{"@type":"ListItem","position":2,"name":"Produtos: Empresas de Plasticos","item":"https:\/\/plastimol.com\/pt-pt\/produtos\/"},{"@type":"ListItem","position":3,"name":"BBOX"}]},{"@type":"WebSite","@id":"https:\/\/plastimol.com\/pt-pt\/#website","url":"https:\/\/plastimol.com\/pt-pt\/","name":"Plastimol.com","description":"Fabricantes Bbox, Contenedores, Cajas, Bidones y Palets de Pl\u00e1stico","publisher":{"@id":"https:\/\/plastimol.com\/pt-pt\/#organization"},"potentialAction":[{"@type":"SearchAction","target":{"@type":"EntryPoint","urlTemplate":"https:\/\/plastimol.com\/pt-pt\/?s={search_term_string}"},"query-input":{"@type":"PropertyValueSpecification","valueRequired":true,"valueName":"search_term_string"}}],"inLanguage":"pt-PT"},{"@type":"Organization","@id":"https:\/\/plastimol.com\/pt-pt\/#organization","name":"Plastimol.com","url":"https:\/\/plastimol.com\/pt-pt\/","logo":{"@type":"ImageObject","inLanguage":"pt-PT","@id":"https:\/\/plastimol.com\/pt-pt\/#\/schema\/logo\/image\/","url":"https:\/\/plastimol.com\/wp-content\/uploads\/2020\/12\/cropped-logo.png","contentUrl":"https:\/\/plastimol.com\/wp-content\/uploads\/2020\/12\/cropped-logo.png","width":1957,"height":485,"caption":"Plastimol.com"},"image":{"@id":"https:\/\/plastimol.com\/pt-pt\/#\/schema\/logo\/image\/"},"sameAs":["https:\/\/www.facebook.com\/Plasticos-De-Molina-SL-2231330860466005\/","https:\/\/in.linkedin.com\/company\/plastimol","https:\/\/www.instagram.com\/plastimol_envases","https:\/\/www.youtube.com\/channel\/UCtKxYvZ0eakrjy2gSCBETGg\/videos"]}]}},"uagb_featured_image_src":{"full":false,"thumbnail":false,"medium":false,"medium_large":false,"large":false,"1536x1536":false,"2048x2048":false,"woocommerce_thumbnail":false,"woocommerce_single":false,"woocommerce_gallery_thumbnail":false},"uagb_author_info":{"display_name":"Plastimol","author_link":"https:\/\/plastimol.com\/pt-pt\/author\/plastimol\/"},"uagb_comment_info":0,"uagb_excerpt":"BBOX: CONTENTOR PALETE Contentor-Palete, Paletes de pl\u00e1stico e Grandes Caixas de pl\u00e1stico para v\u00e1rios sectores. Caixa, paletes de pl\u00e1stico e caixas de pl\u00e1stico de grandes dimens\u00f5es para v\u00e1rios sectores e formatos. Aqui pode encontrar uma vasta sele\u00e7\u00e3o dos nossos melhores produtos de caixas de pl\u00e1stico grandes com tampa, sem tampa, respir\u00e1veis, combin\u00e1veis... Agricultura Ind\u00fastria Combinado&hellip;","_links":{"self":[{"href":"https:\/\/plastimol.com\/pt-pt\/wp-json\/wp\/v2\/pages\/16190","targetHints":{"allow":["GET"]}}],"collection":[{"href":"https:\/\/plastimol.com\/pt-pt\/wp-json\/wp\/v2\/pages"}],"about":[{"href":"https:\/\/plastimol.com\/pt-pt\/wp-json\/wp\/v2\/types\/page"}],"author":[{"embeddable":true,"href":"https:\/\/plastimol.com\/pt-pt\/wp-json\/wp\/v2\/users\/8"}],"replies":[{"embeddable":true,"href":"https:\/\/plastimol.com\/pt-pt\/wp-json\/wp\/v2\/comments?post=16190"}],"version-history":[{"count":0,"href":"https:\/\/plastimol.com\/pt-pt\/wp-json\/wp\/v2\/pages\/16190\/revisions"}],"up":[{"embeddable":true,"href":"https:\/\/plastimol.com\/pt-pt\/wp-json\/wp\/v2\/pages\/16221"}],"wp:attachment":[{"href":"https:\/\/plastimol.com\/pt-pt\/wp-json\/wp\/v2\/media?parent=16190"}],"curies":[{"name":"wp","href":"https:\/\/api.w.org\/{rel}","templated":true}]}}