{"id":16672,"date":"2023-05-15T11:19:09","date_gmt":"2023-05-15T11:19:09","guid":{"rendered":"https:\/\/plastimol.com\/juridique\/"},"modified":"2023-06-14T14:37:47","modified_gmt":"2023-06-14T14:37:47","slug":"juridique","status":"publish","type":"page","link":"https:\/\/plastimol.com\/fr\/juridique\/","title":{"rendered":"Juridique"},"content":{"rendered":"\t\t<div data-elementor-type=\"wp-page\" data-elementor-id=\"16672\" class=\"elementor elementor-16672 elementor-826\" data-elementor-post-type=\"page\">\n\t\t\t\t\t\t<section class=\"elementor-section elementor-top-section elementor-element elementor-element-7bca094 elementor-section-boxed elementor-section-height-default elementor-section-height-default\" data-id=\"7bca094\" data-element_type=\"section\">\n\t\t\t\t\t\t<div class=\"elementor-container elementor-column-gap-default\">\n\t\t\t\t\t<div class=\"elementor-column elementor-col-100 elementor-top-column elementor-element elementor-element-87b59cc\" data-id=\"87b59cc\" data-element_type=\"column\">\n\t\t\t<div class=\"elementor-widget-wrap elementor-element-populated\">\n\t\t\t\t\t\t<div class=\"elementor-element elementor-element-ff511c0 elementor-widget elementor-widget-heading\" data-id=\"ff511c0\" data-element_type=\"widget\" data-widget_type=\"heading.default\">\n\t\t\t\t<div class=\"elementor-widget-container\">\n\t\t\t\t\t<p class=\"elementor-heading-title elementor-size-large\">AVIS JURIDIQUE<\/p>\t\t\t\t<\/div>\n\t\t\t\t<\/div>\n\t\t\t\t<div class=\"elementor-element elementor-element-c326f77 elementor-widget-divider--view-line elementor-widget elementor-widget-divider\" data-id=\"c326f77\" data-element_type=\"widget\" data-widget_type=\"divider.default\">\n\t\t\t\t<div class=\"elementor-widget-container\">\n\t\t\t\t\t\t\t<div class=\"elementor-divider\">\n\t\t\t<span class=\"elementor-divider-separator\">\n\t\t\t\t\t\t<\/span>\n\t\t<\/div>\n\t\t\t\t\t\t<\/div>\n\t\t\t\t<\/div>\n\t\t\t\t\t<\/div>\n\t\t<\/div>\n\t\t\t\t\t<\/div>\n\t\t<\/section>\n\t\t\t\t<section class=\"elementor-section elementor-top-section elementor-element elementor-element-d95dc14 elementor-section-boxed elementor-section-height-default elementor-section-height-default\" data-id=\"d95dc14\" data-element_type=\"section\">\n\t\t\t\t\t\t<div class=\"elementor-container elementor-column-gap-default\">\n\t\t\t\t\t<div class=\"elementor-column elementor-col-100 elementor-top-column elementor-element elementor-element-9a88aec\" data-id=\"9a88aec\" data-element_type=\"column\">\n\t\t\t<div class=\"elementor-widget-wrap elementor-element-populated\">\n\t\t\t\t\t\t<div class=\"elementor-element elementor-element-d3a4832 elementor-widget elementor-widget-text-editor\" data-id=\"d3a4832\" data-element_type=\"widget\" data-widget_type=\"text-editor.default\">\n\t\t\t\t<div class=\"elementor-widget-container\">\n\t\t\t\t\t\t\t\t\t<p>Le texte suivant r\u00e9git l&rsquo;utilisation du site web par les internautes. Veuillez lire attentivement les mentions l\u00e9gales chaque fois que vous visitez ce site web, car elles peuvent \u00eatre modifi\u00e9es \u00e0 tout moment. Si vous n&rsquo;acceptez pas ces conditions, veuillez ne pas utiliser le site web.<\/p>\n<h4>Propri\u00e9t\u00e9<\/h4>\n<p>Conform\u00e9ment aux dispositions de la loi 34\/2002, du 11 juillet, sur les services de la soci\u00e9t\u00e9 de l&rsquo;information et le commerce \u00e9lectronique, nous vous informons que le propri\u00e9taire du site web est PL\u00c1STICOS DE MOLINA, S.L., dont le si\u00e8ge social est situ\u00e9 \u00e0 AUTOV\u00cdA A-30 KM. 118,8 SALIDA 121B FORTUNA 30627 MOLINA DE SEGURA (MURCIA), CIF B73005043 et inscrite au registre du commerce de Murcie, volume 1.496, section 8\u00aa, page MU-27518, folio 157, inscription 4\u00aa.<\/p>\n<h4>Objet<\/h4>\n<p>Ce site Web permet aux utilisateurs d&rsquo;acc\u00e9der \u00e0 divers contenus et informations mis \u00e0 disposition par PL\u00c1STICOS DE MOLINA, S.L.<strong> <\/strong>ou par des fournisseurs de services et de contenu tiers. PL\u00c1STICOS DE MOLINA, S.L.<strong> <\/strong>se r\u00e9serve le droit de modifier \u00e0 tout moment la pr\u00e9sentation, la configuration et la localisation du site, ainsi que les contenus, produits et services qu&rsquo;il contient. L&rsquo;acc\u00e8s, la navigation et l&rsquo;utilisation du site Web de PL\u00c1STICOS DE MOLINA, S.L. sont soumis aux conditions g\u00e9n\u00e9rales suivantes.<strong> <\/strong>entra\u00eene et implique l&rsquo;acceptation par l&rsquo;utilisateur des pr\u00e9sentes conditions g\u00e9n\u00e9rales. En ce sens, on entend par utilisateur la personne qui acc\u00e8de, navigue, utilise ou participe aux services et activit\u00e9s, gratuits ou payants, r\u00e9alis\u00e9s sur le site web. Le pr\u00e9sent avis l\u00e9gal a pour objet de r\u00e9glementer l&rsquo;acc\u00e8s, la navigation et l&rsquo;utilisation du site Internet, sans pr\u00e9judice du fait que PL\u00c1STICOS DE MOLINA, S.L. puisse \u00e9tablir des conditions particuli\u00e8res r\u00e9gissant l&rsquo;utilisation des services et\/ou la souscription de produits sp\u00e9cifiques offerts aux utilisateurs \u00e0 travers le site Internet.<\/p>\n<\/p>\n<h4>Conditions d&rsquo;acc\u00e8s<\/h4>\n<p>L&rsquo;acc\u00e8s au site est gratuit, mais l&rsquo;acc\u00e8s \u00e0 certains services n\u00e9cessite une authentification pr\u00e9alable par la saisie d&rsquo;un nom d&rsquo;utilisateur et d&rsquo;un mot de passe. Lorsqu&rsquo;il est n\u00e9cessaire de fournir des donn\u00e9es personnelles pour acc\u00e9der \u00e0 certains contenus ou utiliser certains services, les utilisateurs doivent en garantir la v\u00e9racit\u00e9, l&rsquo;exactitude, l&rsquo;authenticit\u00e9 et la validit\u00e9. PL\u00c1STICOS DE MOLINA, S.L. donnera \u00e0 ces donn\u00e9es le traitement automatis\u00e9 qui correspond \u00e0 leur nature ou \u00e0 leur finalit\u00e9, dans les conditions et les termes indiqu\u00e9s dans la section des <a href=\"https:\/\/plastimol.com\/privacidad\/\"><br \/>\n  <strong><br \/>\n    <span style=\"color: #000000;\">Politique de confidentialit\u00e9<\/span><br \/>\n  <\/strong><br \/>\n<\/a>.<\/p>\n<\/p>\n<h4>Propri\u00e9t\u00e9 intellectuelle \/ Droits d&rsquo;auteur<\/h4>\n<p>PL\u00c1STICOS DE MOLINA, S.L. est le propri\u00e9taire de ce site web. Tous les droits de propri\u00e9t\u00e9 industrielle et intellectuelle de ce portail Internet sont la propri\u00e9t\u00e9 exclusive de l&rsquo;entreprise propri\u00e9taire du site ou de tiers (sauf indication contraire), de sorte que l&rsquo;acc\u00e8s ou l&rsquo;utilisation de celui-ci par l&rsquo;utilisateur ne doit en aucun cas \u00eatre consid\u00e9r\u00e9 comme l&rsquo;octroi d&rsquo;une licence d&rsquo;utilisation ou d&rsquo;un droit sur un bien quelconque.<\/p>\n<p>Les utilisateurs du site web ne peuvent faire qu&rsquo;un usage priv\u00e9, personnel ou professionnel du contenu du site web. L&rsquo;utilisation du site web ou de l&rsquo;un de ses \u00e9l\u00e9ments \u00e0 des fins commerciales ou ill\u00e9gales est strictement interdite.<\/p>\n<p>Aucun acte de reproduction, de modification, de distribution ou de communication publique du site Web ou de ses contenus ne peut \u00eatre r\u00e9alis\u00e9 sans le consentement \u00e9crit pr\u00e9alable de PL\u00c1STICOS DE MOLINA, S.L., sauf autorisation l\u00e9gale.<\/p>\n<p>PL\u00c1STICOS DE MOLINA, S.L. n&rsquo;assumera aucune responsabilit\u00e9 d\u00e9riv\u00e9e de l&rsquo;utilisation par des tiers du contenu du site web et pourra exercer toutes les actions civiles ou p\u00e9nales qui lui correspondent en cas d&rsquo;infraction de ces droits par l&rsquo;utilisateur.<\/p>\n<p>Il est n\u00e9cessaire d&rsquo;autoriser l&rsquo;installation des cookies envoy\u00e9s par le serveur du site web.<\/p>\n<\/p>\n<h4>Clause de non-responsabilit\u00e9<\/h4>\n<p>Les contenus incorpor\u00e9s au site web ont \u00e9t\u00e9 \u00e9labor\u00e9s \u00e0 tout moment en toute bonne foi dans le but de fournir des informations aux utilisateurs, de sorte que l&rsquo;entreprise n&rsquo;assume aucune responsabilit\u00e9 quant \u00e0 l&rsquo;exhaustivit\u00e9 ou \u00e0 l&rsquo;exactitude de ces informations, ni ne garantit l&rsquo;exactitude ou la mise \u00e0 jour des informations qui peuvent \u00eatre obtenues \u00e0 partir de ces derni\u00e8res, qui peuvent \u00eatre modifi\u00e9es sans pr\u00e9avis. Il n&rsquo;est pas non plus responsable des erreurs typographiques, formelles ou num\u00e9riques que le site peut contenir.<\/p>\n<p>PL\u00c1STICOS DE MOLINA, S.L. n&rsquo;est pas responsable du mauvais usage que les utilisateurs peuvent faire du site Web.<\/p>\n<\/p>\n<h4>1. la responsabilit\u00e9 du fonctionnement du site web.<\/h4>\n<p>PLASTICOS DE MOLINA, S.L. s&rsquo;efforcera de minimiser les probl\u00e8mes caus\u00e9s par les erreurs techniques, et pourra proc\u00e9der \u00e0 la suspension temporaire des services et des contenus du site web pour effectuer la maintenance, l&rsquo;am\u00e9lioration ou la r\u00e9paration de ces derniers, sans donner lieu \u00e0 une quelconque indemnisation de l&rsquo;utilisateur pour ces concepts.<\/p>\n<p>Veuillez noter que certaines informations contenues sur ce site web peuvent avoir \u00e9t\u00e9 cr\u00e9\u00e9es ou collect\u00e9es dans des fichiers ou des formats qui ne sont pas exempts d&rsquo;erreurs et que, par cons\u00e9quent, aucune garantie ne peut \u00eatre donn\u00e9e quant au fait que le service sera ininterrompu ou qu&rsquo;il ne sera pas affect\u00e9 par de tels probl\u00e8mes.<\/p>\n<p>L&rsquo;entreprise d\u00e9cline toute responsabilit\u00e9 pour les dommages qui pourraient \u00eatre caus\u00e9s \u00e0 l&rsquo;utilisateur \u00e0 la suite de la consultation de ce site web, ou de tout autre site web externe qui pourrait lui \u00eatre transmis.<\/p>\n<p>L&rsquo;entreprise n&rsquo;est pas responsable en cas d&rsquo;interruptions de service ou de dysfonctionnements dus \u00e0 des cas fortuits, de force majeure ou \u00e0 d&rsquo;autres causes ind\u00e9pendantes de sa volont\u00e9.<\/p>\n<\/p>\n<h4>2. responsabilit\u00e9 pour l&rsquo;utilisation des liens<\/h4>\n<p>L&rsquo;entreprise n&rsquo;assume aucune responsabilit\u00e9 quant \u00e0 l&rsquo;existence de liens entre le contenu de ce site et des contenus situ\u00e9s en dehors de ce site, ou pour toute autre mention de contenus externes \u00e0 ce site.<\/p>\n<p>La page contient des liens vers nos profils de m\u00e9dias sociaux.<\/p>\n<p>Si l&rsquo;entreprise constate, par quelque moyen que ce soit, que le site web est ill\u00e9gal ou qu&rsquo;il porte atteinte \u00e0 la propri\u00e9t\u00e9 ou aux droits d&rsquo;un tiers susceptible d&rsquo;\u00eatre indemnis\u00e9, l&rsquo;entreprise supprimera ou d\u00e9sactivera le lien.<\/p>\n<p>La pr\u00e9sence d&rsquo;autres liens sur le site web est uniquement informative et ne constitue en aucun cas une invitation ou une recommandation d&rsquo;achat de produits ou de services offerts sur le site web de destination, et n&rsquo;implique en aucun cas un soutien aux personnes ou entit\u00e9s auteurs de ces contenus ou propri\u00e9taires des sites o\u00f9 ils se trouvent.<\/p>\n<p>ACCEPTATION DE NOS CONDITIONS DE SERVICE<\/p>\n<p>En tant que visiteur de notre site web www.plastimol.com, vous pouvez visualiser, acc\u00e9der ou utiliser l&rsquo;un des services ou l&rsquo;une des informations qui y sont g\u00e9n\u00e9r\u00e9es, collect\u00e9es, trait\u00e9es ou soumises, en acceptant les conditions g\u00e9n\u00e9rales de service suivantes. Si vous n&rsquo;avez pas l&rsquo;intention d&rsquo;\u00eatre li\u00e9 par ces conditions g\u00e9n\u00e9rales, vous pouvez choisir de ne pas visiter ou utiliser les services offerts sur ce site web. En acc\u00e9dant \u00e0 ce site web ou en le visitant, vous reconnaissez et acceptez les pr\u00e9sentes conditions g\u00e9n\u00e9rales, qui constituent un accord pleinement contraignant entre vous et PL\u00c1STICOS DE MOLINA, S.L.<\/p>\n<p><strong> <\/strong>PRESTATION DE SERVICES<\/p>\n<p>Vous acceptez et reconnaissez que PLASTICOS DE MOLINA S.L. peut modifier ou interrompre unilat\u00e9ralement n&rsquo;importe lequel de ses services \u00e0 sa seule discr\u00e9tion et sans pr\u00e9avis.<\/p>\n<p><strong> <\/strong>TRANSFERT DE CONTENU<\/p>\n<p>Vous acceptez qu&rsquo;en soumettant du contenu \u00e0 www.plastimol.com, vous accordez \u00e9galement \u00e0 PL\u00c1STICOS DE MOLINA, S.L. une licence irr\u00e9vocable et libre de droits pour publier, afficher, modifier et distribuer votre contenu \u00e0 l&rsquo;\u00e9chelle internationale.<\/p>\n<p>DUR\u00c9E DE L&rsquo;ACCORD<\/p>\n<p>Les dispositions du pr\u00e9sent accord restent valables pour une dur\u00e9e ind\u00e9termin\u00e9e jusqu&rsquo;\u00e0 ce qu&rsquo;il y soit mis fin par l&rsquo;une ou l&rsquo;autre des parties, sans pr\u00e9avis et sans motif.<\/p>\n<p>JURIDICTION<\/p>\n<p>Vous acceptez express\u00e9ment de vous soumettre \u00e0 la loi espagnole et \u00e0 la juridiction des tribunaux de Molina de Segura (Murcia &#8211; Espagne) pour r\u00e9soudre toute question juridique d\u00e9coulant de cet accord ou li\u00e9e \u00e0 l&rsquo;utilisation de ce site web.<\/p>\n<p><strong> <\/strong>MODIFICATION DES TERMES ET CONDITIONS<\/p>\n<p>PL\u00c1STICOS DE MOLINA, S.L. se r\u00e9serve le droit unilat\u00e9ral de modifier ces conditions sans pr\u00e9avis. Les modifications apport\u00e9es aux conditions g\u00e9n\u00e9rales entrent en vigueur \u00e0 la date de leur publication et, \u00e0 toutes fins utiles, la poursuite de l&rsquo;utilisation de ce site web apr\u00e8s la publication de ces modifications est consid\u00e9r\u00e9e comme une acceptation totale de celles-ci.<\/p>\n\t\t\t\t\t\t\t\t<\/div>\n\t\t\t\t<\/div>\n\t\t\t\t\t<\/div>\n\t\t<\/div>\n\t\t\t\t\t<\/div>\n\t\t<\/section>\n\t\t\t\t<\/div>\n\t\t","protected":false},"excerpt":{"rendered":"<p>AVIS JURIDIQUE Le texte suivant r\u00e9git l&rsquo;utilisation du site web par les internautes. Veuillez lire attentivement les mentions l\u00e9gales chaque fois que vous visitez ce site web, car elles peuvent \u00eatre modifi\u00e9es \u00e0 tout moment. Si vous n&rsquo;acceptez pas ces conditions, veuillez ne pas utiliser le site web. Propri\u00e9t\u00e9 Conform\u00e9ment aux dispositions de la loi [&hellip;]<\/p>\n","protected":false},"author":8,"featured_media":0,"parent":0,"menu_order":0,"comment_status":"closed","ping_status":"closed","template":"","meta":{"_uag_custom_page_level_css":"","site-sidebar-layout":"no-sidebar","site-content-layout":"page-builder","ast-site-content-layout":"default","site-content-style":"default","site-sidebar-style":"default","ast-global-header-display":"","ast-banner-title-visibility":"","ast-main-header-display":"","ast-hfb-above-header-display":"","ast-hfb-below-header-display":"","ast-hfb-mobile-header-display":"","site-post-title":"disabled","ast-breadcrumbs-content":"","ast-featured-img":"disabled","footer-sml-layout":null,"ast-disable-related-posts":"","theme-transparent-header-meta":"default","adv-header-id-meta":"","stick-header-meta":"","header-above-stick-meta":"","header-main-stick-meta":"","header-below-stick-meta":null,"astra-migrate-meta-layouts":"default","ast-page-background-enabled":"default","ast-page-background-meta":{"desktop":{"background-color":"","background-image":"","background-repeat":"repeat","background-position":"center center","background-size":"auto","background-attachment":"scroll","background-type":"","background-media":"","overlay-type":"","overlay-color":"","overlay-opacity":"","overlay-gradient":""},"tablet":{"background-color":"","background-image":"","background-repeat":"repeat","background-position":"center center","background-size":"auto","background-attachment":"scroll","background-type":"","background-media":"","overlay-type":"","overlay-color":"","overlay-opacity":"","overlay-gradient":""},"mobile":{"background-color":"","background-image":"","background-repeat":"repeat","background-position":"center center","background-size":"auto","background-attachment":"scroll","background-type":"","background-media":"","overlay-type":"","overlay-color":"","overlay-opacity":"","overlay-gradient":""}},"ast-content-background-meta":{"desktop":{"background-color":"var(--ast-global-color-5)","background-image":"","background-repeat":"repeat","background-position":"center center","background-size":"auto","background-attachment":"scroll","background-type":"","background-media":"","overlay-type":"","overlay-color":"","overlay-opacity":"","overlay-gradient":""},"tablet":{"background-color":"var(--ast-global-color-5)","background-image":"","background-repeat":"repeat","background-position":"center center","background-size":"auto","background-attachment":"scroll","background-type":"","background-media":"","overlay-type":"","overlay-color":"","overlay-opacity":"","overlay-gradient":""},"mobile":{"background-color":"var(--ast-global-color-5)","background-image":"","background-repeat":"repeat","background-position":"center center","background-size":"auto","background-attachment":"scroll","background-type":"","background-media":"","overlay-type":"","overlay-color":"","overlay-opacity":"","overlay-gradient":""}},"_joinchat":[],"footnotes":""},"class_list":["post-16672","page","type-page","status-publish","hentry"],"yoast_head":"<!-- This site is optimized with the Yoast SEO Premium plugin v25.3 (Yoast SEO v25.3) - https:\/\/yoast.com\/wordpress\/plugins\/seo\/ -->\n<title>Juridique | Plastimol<\/title>\n<meta name=\"robots\" content=\"index, follow, max-snippet:-1, max-image-preview:large, max-video-preview:-1\" \/>\n<link rel=\"canonical\" href=\"https:\/\/plastimol.com\/fr\/juridique\/\" \/>\n<meta property=\"og:locale\" content=\"fr_FR\" \/>\n<meta property=\"og:type\" content=\"article\" \/>\n<meta property=\"og:title\" content=\"Juridique\" \/>\n<meta property=\"og:description\" content=\"AVIS JURIDIQUE Le texte suivant r\u00e9git l&rsquo;utilisation du site web par les internautes. Veuillez lire attentivement les mentions l\u00e9gales chaque fois que vous visitez ce site web, car elles peuvent \u00eatre modifi\u00e9es \u00e0 tout moment. Si vous n&rsquo;acceptez pas ces conditions, veuillez ne pas utiliser le site web. Propri\u00e9t\u00e9 Conform\u00e9ment aux dispositions de la loi [&hellip;]\" \/>\n<meta property=\"og:url\" content=\"https:\/\/plastimol.com\/fr\/juridique\/\" \/>\n<meta property=\"og:site_name\" content=\"Plastimol\" \/>\n<meta property=\"article:publisher\" content=\"https:\/\/www.facebook.com\/Plasticos-De-Molina-SL-2231330860466005\/\" \/>\n<meta property=\"article:modified_time\" content=\"2023-06-14T14:37:47+00:00\" \/>\n<meta name=\"twitter:card\" content=\"summary_large_image\" \/>\n<meta name=\"twitter:label1\" content=\"Dur\u00e9e de lecture estim\u00e9e\" \/>\n\t<meta name=\"twitter:data1\" content=\"7 minutes\" \/>\n<script type=\"application\/ld+json\" class=\"yoast-schema-graph\">{\"@context\":\"https:\/\/schema.org\",\"@graph\":[{\"@type\":\"WebPage\",\"@id\":\"https:\/\/plastimol.com\/fr\/juridique\/\",\"url\":\"https:\/\/plastimol.com\/fr\/juridique\/\",\"name\":\"Juridique | Plastimol\",\"isPartOf\":{\"@id\":\"https:\/\/plastimol.com\/fr\/#website\"},\"datePublished\":\"2023-05-15T11:19:09+00:00\",\"dateModified\":\"2023-06-14T14:37:47+00:00\",\"breadcrumb\":{\"@id\":\"https:\/\/plastimol.com\/fr\/juridique\/#breadcrumb\"},\"inLanguage\":\"fr-FR\",\"potentialAction\":[{\"@type\":\"ReadAction\",\"target\":[\"https:\/\/plastimol.com\/fr\/juridique\/\"]}]},{\"@type\":\"BreadcrumbList\",\"@id\":\"https:\/\/plastimol.com\/fr\/juridique\/#breadcrumb\",\"itemListElement\":[{\"@type\":\"ListItem\",\"position\":1,\"name\":\"Plastimol\",\"item\":\"https:\/\/plastimol.com\/fr\/\"},{\"@type\":\"ListItem\",\"position\":2,\"name\":\"Juridique\"}]},{\"@type\":\"WebSite\",\"@id\":\"https:\/\/plastimol.com\/fr\/#website\",\"url\":\"https:\/\/plastimol.com\/fr\/\",\"name\":\"Plastimol.com\",\"description\":\"Fabricantes Bbox, Contenedores, Cajas, Bidones y Palets de Pl\u00e1stico\",\"publisher\":{\"@id\":\"https:\/\/plastimol.com\/fr\/#organization\"},\"potentialAction\":[{\"@type\":\"SearchAction\",\"target\":{\"@type\":\"EntryPoint\",\"urlTemplate\":\"https:\/\/plastimol.com\/fr\/?s={search_term_string}\"},\"query-input\":{\"@type\":\"PropertyValueSpecification\",\"valueRequired\":true,\"valueName\":\"search_term_string\"}}],\"inLanguage\":\"fr-FR\"},{\"@type\":\"Organization\",\"@id\":\"https:\/\/plastimol.com\/fr\/#organization\",\"name\":\"Plastimol.com\",\"url\":\"https:\/\/plastimol.com\/fr\/\",\"logo\":{\"@type\":\"ImageObject\",\"inLanguage\":\"fr-FR\",\"@id\":\"https:\/\/plastimol.com\/fr\/#\/schema\/logo\/image\/\",\"url\":\"https:\/\/plastimol.com\/wp-content\/uploads\/2020\/12\/cropped-logo.png\",\"contentUrl\":\"https:\/\/plastimol.com\/wp-content\/uploads\/2020\/12\/cropped-logo.png\",\"width\":1957,\"height\":485,\"caption\":\"Plastimol.com\"},\"image\":{\"@id\":\"https:\/\/plastimol.com\/fr\/#\/schema\/logo\/image\/\"},\"sameAs\":[\"https:\/\/www.facebook.com\/Plasticos-De-Molina-SL-2231330860466005\/\",\"https:\/\/in.linkedin.com\/company\/plastimol\",\"https:\/\/www.instagram.com\/plastimol_envases\",\"https:\/\/www.youtube.com\/channel\/UCtKxYvZ0eakrjy2gSCBETGg\/videos\"]}]}<\/script>\n<!-- \/ Yoast SEO Premium plugin. -->","yoast_head_json":{"title":"Juridique | Plastimol","robots":{"index":"index","follow":"follow","max-snippet":"max-snippet:-1","max-image-preview":"max-image-preview:large","max-video-preview":"max-video-preview:-1"},"canonical":"https:\/\/plastimol.com\/fr\/juridique\/","og_locale":"fr_FR","og_type":"article","og_title":"Juridique","og_description":"AVIS JURIDIQUE Le texte suivant r\u00e9git l&rsquo;utilisation du site web par les internautes. Veuillez lire attentivement les mentions l\u00e9gales chaque fois que vous visitez ce site web, car elles peuvent \u00eatre modifi\u00e9es \u00e0 tout moment. Si vous n&rsquo;acceptez pas ces conditions, veuillez ne pas utiliser le site web. Propri\u00e9t\u00e9 Conform\u00e9ment aux dispositions de la loi [&hellip;]","og_url":"https:\/\/plastimol.com\/fr\/juridique\/","og_site_name":"Plastimol","article_publisher":"https:\/\/www.facebook.com\/Plasticos-De-Molina-SL-2231330860466005\/","article_modified_time":"2023-06-14T14:37:47+00:00","twitter_card":"summary_large_image","twitter_misc":{"Dur\u00e9e de lecture estim\u00e9e":"7 minutes"},"schema":{"@context":"https:\/\/schema.org","@graph":[{"@type":"WebPage","@id":"https:\/\/plastimol.com\/fr\/juridique\/","url":"https:\/\/plastimol.com\/fr\/juridique\/","name":"Juridique | Plastimol","isPartOf":{"@id":"https:\/\/plastimol.com\/fr\/#website"},"datePublished":"2023-05-15T11:19:09+00:00","dateModified":"2023-06-14T14:37:47+00:00","breadcrumb":{"@id":"https:\/\/plastimol.com\/fr\/juridique\/#breadcrumb"},"inLanguage":"fr-FR","potentialAction":[{"@type":"ReadAction","target":["https:\/\/plastimol.com\/fr\/juridique\/"]}]},{"@type":"BreadcrumbList","@id":"https:\/\/plastimol.com\/fr\/juridique\/#breadcrumb","itemListElement":[{"@type":"ListItem","position":1,"name":"Plastimol","item":"https:\/\/plastimol.com\/fr\/"},{"@type":"ListItem","position":2,"name":"Juridique"}]},{"@type":"WebSite","@id":"https:\/\/plastimol.com\/fr\/#website","url":"https:\/\/plastimol.com\/fr\/","name":"Plastimol.com","description":"Fabricantes Bbox, Contenedores, Cajas, Bidones y Palets de Pl\u00e1stico","publisher":{"@id":"https:\/\/plastimol.com\/fr\/#organization"},"potentialAction":[{"@type":"SearchAction","target":{"@type":"EntryPoint","urlTemplate":"https:\/\/plastimol.com\/fr\/?s={search_term_string}"},"query-input":{"@type":"PropertyValueSpecification","valueRequired":true,"valueName":"search_term_string"}}],"inLanguage":"fr-FR"},{"@type":"Organization","@id":"https:\/\/plastimol.com\/fr\/#organization","name":"Plastimol.com","url":"https:\/\/plastimol.com\/fr\/","logo":{"@type":"ImageObject","inLanguage":"fr-FR","@id":"https:\/\/plastimol.com\/fr\/#\/schema\/logo\/image\/","url":"https:\/\/plastimol.com\/wp-content\/uploads\/2020\/12\/cropped-logo.png","contentUrl":"https:\/\/plastimol.com\/wp-content\/uploads\/2020\/12\/cropped-logo.png","width":1957,"height":485,"caption":"Plastimol.com"},"image":{"@id":"https:\/\/plastimol.com\/fr\/#\/schema\/logo\/image\/"},"sameAs":["https:\/\/www.facebook.com\/Plasticos-De-Molina-SL-2231330860466005\/","https:\/\/in.linkedin.com\/company\/plastimol","https:\/\/www.instagram.com\/plastimol_envases","https:\/\/www.youtube.com\/channel\/UCtKxYvZ0eakrjy2gSCBETGg\/videos"]}]}},"uagb_featured_image_src":{"full":false,"thumbnail":false,"medium":false,"medium_large":false,"large":false,"1536x1536":false,"2048x2048":false,"woocommerce_thumbnail":false,"woocommerce_single":false,"woocommerce_gallery_thumbnail":false},"uagb_author_info":{"display_name":"Plastimol","author_link":"https:\/\/plastimol.com\/fr\/author\/plastimol\/"},"uagb_comment_info":0,"uagb_excerpt":"AVIS JURIDIQUE Le texte suivant r\u00e9git l&rsquo;utilisation du site web par les internautes. Veuillez lire attentivement les mentions l\u00e9gales chaque fois que vous visitez ce site web, car elles peuvent \u00eatre modifi\u00e9es \u00e0 tout moment. Si vous n&rsquo;acceptez pas ces conditions, veuillez ne pas utiliser le site web. Propri\u00e9t\u00e9 Conform\u00e9ment aux dispositions de la loi\u2026","_links":{"self":[{"href":"https:\/\/plastimol.com\/fr\/wp-json\/wp\/v2\/pages\/16672","targetHints":{"allow":["GET"]}}],"collection":[{"href":"https:\/\/plastimol.com\/fr\/wp-json\/wp\/v2\/pages"}],"about":[{"href":"https:\/\/plastimol.com\/fr\/wp-json\/wp\/v2\/types\/page"}],"author":[{"embeddable":true,"href":"https:\/\/plastimol.com\/fr\/wp-json\/wp\/v2\/users\/8"}],"replies":[{"embeddable":true,"href":"https:\/\/plastimol.com\/fr\/wp-json\/wp\/v2\/comments?post=16672"}],"version-history":[{"count":0,"href":"https:\/\/plastimol.com\/fr\/wp-json\/wp\/v2\/pages\/16672\/revisions"}],"wp:attachment":[{"href":"https:\/\/plastimol.com\/fr\/wp-json\/wp\/v2\/media?parent=16672"}],"curies":[{"name":"wp","href":"https:\/\/api.w.org\/{rel}","templated":true}]}}