{"id":16202,"date":"2023-05-12T17:06:22","date_gmt":"2023-05-12T17:06:22","guid":{"rendered":"https:\/\/plastimol.com\/produits\/futs\/"},"modified":"2023-06-27T15:12:38","modified_gmt":"2023-06-27T15:12:38","slug":"futs","status":"publish","type":"page","link":"https:\/\/plastimol.com\/fr\/produits\/futs\/","title":{"rendered":"F\u00dbTS"},"content":{"rendered":"\t\t<div data-elementor-type=\"wp-page\" data-elementor-id=\"16202\" class=\"elementor elementor-16202 elementor-1512\" data-elementor-post-type=\"page\">\n\t\t\t\t\t\t<section class=\"elementor-section elementor-top-section elementor-element elementor-element-6c69c67 elementor-section-boxed elementor-section-height-default elementor-section-height-default\" data-id=\"6c69c67\" data-element_type=\"section\">\n\t\t\t\t\t\t<div class=\"elementor-container elementor-column-gap-default\">\n\t\t\t\t\t<div class=\"elementor-column elementor-col-100 elementor-top-column elementor-element elementor-element-ae7c3b8\" data-id=\"ae7c3b8\" data-element_type=\"column\">\n\t\t\t<div class=\"elementor-widget-wrap elementor-element-populated\">\n\t\t\t\t\t\t<div class=\"elementor-element elementor-element-6d20bde elementor-widget elementor-widget-heading\" data-id=\"6d20bde\" data-element_type=\"widget\" data-widget_type=\"heading.default\">\n\t\t\t\t<div class=\"elementor-widget-container\">\n\t\t\t\t\t<h1 class=\"elementor-heading-title elementor-size-default\">CONTENEURS<\/h1>\t\t\t\t<\/div>\n\t\t\t\t<\/div>\n\t\t\t\t<div class=\"elementor-element elementor-element-1738227 elementor-widget-divider--view-line elementor-widget elementor-widget-divider\" data-id=\"1738227\" data-element_type=\"widget\" data-widget_type=\"divider.default\">\n\t\t\t\t<div class=\"elementor-widget-container\">\n\t\t\t\t\t\t\t<div class=\"elementor-divider\">\n\t\t\t<span class=\"elementor-divider-separator\">\n\t\t\t\t\t\t<\/span>\n\t\t<\/div>\n\t\t\t\t\t\t<\/div>\n\t\t\t\t<\/div>\n\t\t\t\t<div class=\"elementor-element elementor-element-f0f296b elementor-widget elementor-widget-heading\" data-id=\"f0f296b\" data-element_type=\"widget\" data-widget_type=\"heading.default\">\n\t\t\t\t<div class=\"elementor-widget-container\">\n\t\t\t\t\t<h2 class=\"elementor-heading-title elementor-size-medium\">F\u00fbts bleus et accessoires pour f\u00fbts<\/h2>\t\t\t\t<\/div>\n\t\t\t\t<\/div>\n\t\t\t\t<div class=\"elementor-element elementor-element-c31ed06 elementor-widget elementor-widget-text-editor\" data-id=\"c31ed06\" data-element_type=\"widget\" data-widget_type=\"text-editor.default\">\n\t\t\t\t<div class=\"elementor-widget-container\">\n\t\t\t\t\t\t\t\t\t<p><strong>F\u00fbts bleus en plastique<\/strong> <strong>et accessoires pour les f\u00fbts<\/strong>, sp\u00e9cialement con\u00e7us pour toutes les industries et l&rsquo;alimentation. D\u00e9couvrez toutes les possibilit\u00e9s que les bidons en plastique de <strong>Plastimol<\/strong> vous offrent.<\/p>\n\t\t\t\t\t\t\t\t<\/div>\n\t\t\t\t<\/div>\n\t\t\t\t\t<\/div>\n\t\t<\/div>\n\t\t\t\t\t<\/div>\n\t\t<\/section>\n\t\t\t\t<section class=\"elementor-section elementor-top-section elementor-element elementor-element-2c4ed62 elementor-section-boxed elementor-section-height-default elementor-section-height-default\" data-id=\"2c4ed62\" data-element_type=\"section\">\n\t\t\t\t\t\t<div class=\"elementor-container elementor-column-gap-default\">\n\t\t\t\t\t<div class=\"elementor-column elementor-col-50 elementor-top-column elementor-element elementor-element-46bb6553\" data-id=\"46bb6553\" data-element_type=\"column\">\n\t\t\t<div class=\"elementor-widget-wrap elementor-element-populated\">\n\t\t\t\t\t\t<div class=\"elementor-element elementor-element-14ceb585 elementor-widget elementor-widget-heading\" data-id=\"14ceb585\" data-element_type=\"widget\" data-widget_type=\"heading.default\">\n\t\t\t\t<div class=\"elementor-widget-container\">\n\t\t\t\t\t<h3 class=\"elementor-heading-title elementor-size-medium\"><a href=\"https:\/\/plastimol.com\/productos\/bidones\/bidones\/\">F\u00dbTS<\/a><\/h3>\t\t\t\t<\/div>\n\t\t\t\t<\/div>\n\t\t\t\t<div class=\"elementor-element elementor-element-3aaa03f1 elementor-widget elementor-widget-image\" data-id=\"3aaa03f1\" data-element_type=\"widget\" data-widget_type=\"image.default\">\n\t\t\t\t<div class=\"elementor-widget-container\">\n\t\t\t\t\t\t\t\t\t\t\t\t\t\t\t\t<a href=\"https:\/\/plastimol.com\/productos\/bidones\/bidones\/\">\n\t\t\t\t\t\t\t<img fetchpriority=\"high\" decoding=\"async\" width=\"300\" height=\"200\" src=\"https:\/\/plastimol.com\/wp-content\/uploads\/2021\/02\/KB_2-ASAS-1-300x200.webp\" class=\"attachment-medium size-medium wp-image-7486\" alt=\"KB 60L 2 ASAS\" srcset=\"https:\/\/plastimol.com\/wp-content\/uploads\/2021\/02\/KB_2-ASAS-1-300x200.webp 300w, https:\/\/plastimol.com\/wp-content\/uploads\/2021\/02\/KB_2-ASAS-1-768x512.webp 768w, https:\/\/plastimol.com\/wp-content\/uploads\/2021\/02\/KB_2-ASAS-1-600x400.webp 600w, https:\/\/plastimol.com\/wp-content\/uploads\/2021\/02\/KB_2-ASAS-1.webp 1000w\" sizes=\"(max-width: 300px) 100vw, 300px\" \/>\t\t\t\t\t\t\t\t<\/a>\n\t\t\t\t\t\t\t\t\t\t\t\t\t\t\t<\/div>\n\t\t\t\t<\/div>\n\t\t\t\t\t<\/div>\n\t\t<\/div>\n\t\t\t\t<div class=\"elementor-column elementor-col-50 elementor-top-column elementor-element elementor-element-a59f6ac\" data-id=\"a59f6ac\" data-element_type=\"column\">\n\t\t\t<div class=\"elementor-widget-wrap elementor-element-populated\">\n\t\t\t\t\t\t<div class=\"elementor-element elementor-element-2ed7f97 elementor-widget elementor-widget-heading\" data-id=\"2ed7f97\" data-element_type=\"widget\" data-widget_type=\"heading.default\">\n\t\t\t\t<div class=\"elementor-widget-container\">\n\t\t\t\t\t<h3 class=\"elementor-heading-title elementor-size-medium\"><a href=\"https:\/\/plastimol.com\/productos\/bidones\/accesorios-bidones\/\">Accessoires<\/a><\/h3>\t\t\t\t<\/div>\n\t\t\t\t<\/div>\n\t\t\t\t<div class=\"elementor-element elementor-element-b12f387 elementor-widget elementor-widget-image\" data-id=\"b12f387\" data-element_type=\"widget\" data-widget_type=\"image.default\">\n\t\t\t\t<div class=\"elementor-widget-container\">\n\t\t\t\t\t\t\t\t\t\t\t\t\t\t\t\t<a href=\"https:\/\/plastimol.com\/productos\/bidones\/accesorios-bidones\/\">\n\t\t\t\t\t\t\t<img decoding=\"async\" width=\"300\" height=\"200\" src=\"https:\/\/plastimol.com\/wp-content\/uploads\/2022\/07\/220-REJILLA-OBTURADOR-300x200.webp\" class=\"attachment-medium size-medium wp-image-7658\" alt=\"REJILLA OBTURADOR 220L\" srcset=\"https:\/\/plastimol.com\/wp-content\/uploads\/2022\/07\/220-REJILLA-OBTURADOR-300x200.webp 300w, https:\/\/plastimol.com\/wp-content\/uploads\/2022\/07\/220-REJILLA-OBTURADOR-768x512.webp 768w, https:\/\/plastimol.com\/wp-content\/uploads\/2022\/07\/220-REJILLA-OBTURADOR-600x400.webp 600w, https:\/\/plastimol.com\/wp-content\/uploads\/2022\/07\/220-REJILLA-OBTURADOR.webp 1000w\" sizes=\"(max-width: 300px) 100vw, 300px\" \/>\t\t\t\t\t\t\t\t<\/a>\n\t\t\t\t\t\t\t\t\t\t\t\t\t\t\t<\/div>\n\t\t\t\t<\/div>\n\t\t\t\t\t<\/div>\n\t\t<\/div>\n\t\t\t\t\t<\/div>\n\t\t<\/section>\n\t\t\t\t<\/div>\n\t\t","protected":false},"excerpt":{"rendered":"<p>CONTENEURS F\u00fbts bleus et accessoires pour f\u00fbts F\u00fbts bleus en plastique et accessoires pour les f\u00fbts, sp\u00e9cialement con\u00e7us pour toutes les industries et l&rsquo;alimentation. D\u00e9couvrez toutes les possibilit\u00e9s que les bidons en plastique de Plastimol vous offrent. F\u00dbTS Accessoires<\/p>\n","protected":false},"author":8,"featured_media":0,"parent":16193,"menu_order":0,"comment_status":"closed","ping_status":"closed","template":"","meta":{"_uag_custom_page_level_css":"","site-sidebar-layout":"no-sidebar","site-content-layout":"page-builder","ast-site-content-layout":"default","site-content-style":"default","site-sidebar-style":"default","ast-global-header-display":"","ast-banner-title-visibility":"","ast-main-header-display":"","ast-hfb-above-header-display":"","ast-hfb-below-header-display":"","ast-hfb-mobile-header-display":"","site-post-title":"disabled","ast-breadcrumbs-content":"","ast-featured-img":"disabled","footer-sml-layout":"","ast-disable-related-posts":"","theme-transparent-header-meta":"default","adv-header-id-meta":"","stick-header-meta":"default","header-above-stick-meta":"","header-main-stick-meta":"","header-below-stick-meta":"","astra-migrate-meta-layouts":"default","ast-page-background-enabled":"default","ast-page-background-meta":{"desktop":{"background-color":"","background-image":"","background-repeat":"repeat","background-position":"center center","background-size":"auto","background-attachment":"scroll","background-type":"","background-media":"","overlay-type":"","overlay-color":"","overlay-opacity":"","overlay-gradient":""},"tablet":{"background-color":"","background-image":"","background-repeat":"repeat","background-position":"center center","background-size":"auto","background-attachment":"scroll","background-type":"","background-media":"","overlay-type":"","overlay-color":"","overlay-opacity":"","overlay-gradient":""},"mobile":{"background-color":"","background-image":"","background-repeat":"repeat","background-position":"center center","background-size":"auto","background-attachment":"scroll","background-type":"","background-media":"","overlay-type":"","overlay-color":"","overlay-opacity":"","overlay-gradient":""}},"ast-content-background-meta":{"desktop":{"background-color":"var(--ast-global-color-5)","background-image":"","background-repeat":"repeat","background-position":"center center","background-size":"auto","background-attachment":"scroll","background-type":"","background-media":"","overlay-type":"","overlay-color":"","overlay-opacity":"","overlay-gradient":""},"tablet":{"background-color":"var(--ast-global-color-5)","background-image":"","background-repeat":"repeat","background-position":"center center","background-size":"auto","background-attachment":"scroll","background-type":"","background-media":"","overlay-type":"","overlay-color":"","overlay-opacity":"","overlay-gradient":""},"mobile":{"background-color":"var(--ast-global-color-5)","background-image":"","background-repeat":"repeat","background-position":"center center","background-size":"auto","background-attachment":"scroll","background-type":"","background-media":"","overlay-type":"","overlay-color":"","overlay-opacity":"","overlay-gradient":""}},"_joinchat":[],"footnotes":""},"class_list":["post-16202","page","type-page","status-publish","hentry"],"yoast_head":"<!-- This site is optimized with the Yoast SEO Premium plugin v25.3 (Yoast SEO v25.3) - https:\/\/yoast.com\/wordpress\/plugins\/seo\/ -->\n<title>F\u00dbTS et des bidons bleus | Plastimol<\/title>\n<meta name=\"description\" content=\"F\u00fbts et f\u00fbts bleus : Solutions de stockage en plastique fiables et s\u00e9curis\u00e9es. D\u00e9couvrez la qualit\u00e9 de Plastimol.com. Informez-vous ici !\" \/>\n<meta name=\"robots\" content=\"index, follow, max-snippet:-1, max-image-preview:large, max-video-preview:-1\" \/>\n<link rel=\"canonical\" href=\"https:\/\/plastimol.com\/fr\/produits\/futs\/\" \/>\n<meta property=\"og:locale\" content=\"fr_FR\" \/>\n<meta property=\"og:type\" content=\"article\" \/>\n<meta property=\"og:title\" content=\"F\u00dbTS\" \/>\n<meta property=\"og:description\" content=\"F\u00fbts et f\u00fbts bleus : Solutions de stockage en plastique fiables et s\u00e9curis\u00e9es. D\u00e9couvrez la qualit\u00e9 de Plastimol.com. Informez-vous ici !\" \/>\n<meta property=\"og:url\" content=\"https:\/\/plastimol.com\/fr\/produits\/futs\/\" \/>\n<meta property=\"og:site_name\" content=\"Plastimol\" \/>\n<meta property=\"article:publisher\" content=\"https:\/\/www.facebook.com\/Plasticos-De-Molina-SL-2231330860466005\/\" \/>\n<meta property=\"article:modified_time\" content=\"2023-06-27T15:12:38+00:00\" \/>\n<meta property=\"og:image\" content=\"https:\/\/plastimol.com\/wp-content\/uploads\/2021\/02\/KB_2-ASAS-1-300x200.webp\" \/>\n<meta name=\"twitter:card\" content=\"summary_large_image\" \/>\n<script type=\"application\/ld+json\" class=\"yoast-schema-graph\">{\"@context\":\"https:\/\/schema.org\",\"@graph\":[{\"@type\":\"WebPage\",\"@id\":\"https:\/\/plastimol.com\/fr\/produits\/futs\/\",\"url\":\"https:\/\/plastimol.com\/fr\/produits\/futs\/\",\"name\":\"F\u00dbTS et des bidons bleus | Plastimol\",\"isPartOf\":{\"@id\":\"https:\/\/plastimol.com\/fr\/#website\"},\"primaryImageOfPage\":{\"@id\":\"https:\/\/plastimol.com\/fr\/produits\/futs\/#primaryimage\"},\"image\":{\"@id\":\"https:\/\/plastimol.com\/fr\/produits\/futs\/#primaryimage\"},\"thumbnailUrl\":\"https:\/\/plastimol.com\/wp-content\/uploads\/2021\/02\/KB_2-ASAS-1-300x200.webp\",\"datePublished\":\"2023-05-12T17:06:22+00:00\",\"dateModified\":\"2023-06-27T15:12:38+00:00\",\"description\":\"F\u00fbts et f\u00fbts bleus : Solutions de stockage en plastique fiables et s\u00e9curis\u00e9es. D\u00e9couvrez la qualit\u00e9 de Plastimol.com. Informez-vous ici !\",\"breadcrumb\":{\"@id\":\"https:\/\/plastimol.com\/fr\/produits\/futs\/#breadcrumb\"},\"inLanguage\":\"fr-FR\",\"potentialAction\":[{\"@type\":\"ReadAction\",\"target\":[\"https:\/\/plastimol.com\/fr\/produits\/futs\/\"]}]},{\"@type\":\"ImageObject\",\"inLanguage\":\"fr-FR\",\"@id\":\"https:\/\/plastimol.com\/fr\/produits\/futs\/#primaryimage\",\"url\":\"https:\/\/plastimol.com\/wp-content\/uploads\/2021\/02\/KB_2-ASAS-1-300x200.webp\",\"contentUrl\":\"https:\/\/plastimol.com\/wp-content\/uploads\/2021\/02\/KB_2-ASAS-1-300x200.webp\"},{\"@type\":\"BreadcrumbList\",\"@id\":\"https:\/\/plastimol.com\/fr\/produits\/futs\/#breadcrumb\",\"itemListElement\":[{\"@type\":\"ListItem\",\"position\":1,\"name\":\"Plastimol\",\"item\":\"https:\/\/plastimol.com\/fr\/\"},{\"@type\":\"ListItem\",\"position\":2,\"name\":\"Produits : Fabrication de produits en plastique\",\"item\":\"https:\/\/plastimol.com\/fr\/productos\/\"},{\"@type\":\"ListItem\",\"position\":3,\"name\":\"F\u00dbTS\"}]},{\"@type\":\"WebSite\",\"@id\":\"https:\/\/plastimol.com\/fr\/#website\",\"url\":\"https:\/\/plastimol.com\/fr\/\",\"name\":\"Plastimol.com\",\"description\":\"Fabricantes Bbox, Contenedores, Cajas, Bidones y Palets de Pl\u00e1stico\",\"publisher\":{\"@id\":\"https:\/\/plastimol.com\/fr\/#organization\"},\"potentialAction\":[{\"@type\":\"SearchAction\",\"target\":{\"@type\":\"EntryPoint\",\"urlTemplate\":\"https:\/\/plastimol.com\/fr\/?s={search_term_string}\"},\"query-input\":{\"@type\":\"PropertyValueSpecification\",\"valueRequired\":true,\"valueName\":\"search_term_string\"}}],\"inLanguage\":\"fr-FR\"},{\"@type\":\"Organization\",\"@id\":\"https:\/\/plastimol.com\/fr\/#organization\",\"name\":\"Plastimol.com\",\"url\":\"https:\/\/plastimol.com\/fr\/\",\"logo\":{\"@type\":\"ImageObject\",\"inLanguage\":\"fr-FR\",\"@id\":\"https:\/\/plastimol.com\/fr\/#\/schema\/logo\/image\/\",\"url\":\"https:\/\/plastimol.com\/wp-content\/uploads\/2020\/12\/cropped-logo.png\",\"contentUrl\":\"https:\/\/plastimol.com\/wp-content\/uploads\/2020\/12\/cropped-logo.png\",\"width\":1957,\"height\":485,\"caption\":\"Plastimol.com\"},\"image\":{\"@id\":\"https:\/\/plastimol.com\/fr\/#\/schema\/logo\/image\/\"},\"sameAs\":[\"https:\/\/www.facebook.com\/Plasticos-De-Molina-SL-2231330860466005\/\",\"https:\/\/in.linkedin.com\/company\/plastimol\",\"https:\/\/www.instagram.com\/plastimol_envases\",\"https:\/\/www.youtube.com\/channel\/UCtKxYvZ0eakrjy2gSCBETGg\/videos\"]}]}<\/script>\n<!-- \/ Yoast SEO Premium plugin. -->","yoast_head_json":{"title":"F\u00dbTS et des bidons bleus | Plastimol","description":"F\u00fbts et f\u00fbts bleus : Solutions de stockage en plastique fiables et s\u00e9curis\u00e9es. D\u00e9couvrez la qualit\u00e9 de Plastimol.com. Informez-vous ici !","robots":{"index":"index","follow":"follow","max-snippet":"max-snippet:-1","max-image-preview":"max-image-preview:large","max-video-preview":"max-video-preview:-1"},"canonical":"https:\/\/plastimol.com\/fr\/produits\/futs\/","og_locale":"fr_FR","og_type":"article","og_title":"F\u00dbTS","og_description":"F\u00fbts et f\u00fbts bleus : Solutions de stockage en plastique fiables et s\u00e9curis\u00e9es. D\u00e9couvrez la qualit\u00e9 de Plastimol.com. Informez-vous ici !","og_url":"https:\/\/plastimol.com\/fr\/produits\/futs\/","og_site_name":"Plastimol","article_publisher":"https:\/\/www.facebook.com\/Plasticos-De-Molina-SL-2231330860466005\/","article_modified_time":"2023-06-27T15:12:38+00:00","og_image":[{"url":"https:\/\/plastimol.com\/wp-content\/uploads\/2021\/02\/KB_2-ASAS-1-300x200.webp","type":"","width":"","height":""}],"twitter_card":"summary_large_image","schema":{"@context":"https:\/\/schema.org","@graph":[{"@type":"WebPage","@id":"https:\/\/plastimol.com\/fr\/produits\/futs\/","url":"https:\/\/plastimol.com\/fr\/produits\/futs\/","name":"F\u00dbTS et des bidons bleus | Plastimol","isPartOf":{"@id":"https:\/\/plastimol.com\/fr\/#website"},"primaryImageOfPage":{"@id":"https:\/\/plastimol.com\/fr\/produits\/futs\/#primaryimage"},"image":{"@id":"https:\/\/plastimol.com\/fr\/produits\/futs\/#primaryimage"},"thumbnailUrl":"https:\/\/plastimol.com\/wp-content\/uploads\/2021\/02\/KB_2-ASAS-1-300x200.webp","datePublished":"2023-05-12T17:06:22+00:00","dateModified":"2023-06-27T15:12:38+00:00","description":"F\u00fbts et f\u00fbts bleus : Solutions de stockage en plastique fiables et s\u00e9curis\u00e9es. D\u00e9couvrez la qualit\u00e9 de Plastimol.com. Informez-vous ici !","breadcrumb":{"@id":"https:\/\/plastimol.com\/fr\/produits\/futs\/#breadcrumb"},"inLanguage":"fr-FR","potentialAction":[{"@type":"ReadAction","target":["https:\/\/plastimol.com\/fr\/produits\/futs\/"]}]},{"@type":"ImageObject","inLanguage":"fr-FR","@id":"https:\/\/plastimol.com\/fr\/produits\/futs\/#primaryimage","url":"https:\/\/plastimol.com\/wp-content\/uploads\/2021\/02\/KB_2-ASAS-1-300x200.webp","contentUrl":"https:\/\/plastimol.com\/wp-content\/uploads\/2021\/02\/KB_2-ASAS-1-300x200.webp"},{"@type":"BreadcrumbList","@id":"https:\/\/plastimol.com\/fr\/produits\/futs\/#breadcrumb","itemListElement":[{"@type":"ListItem","position":1,"name":"Plastimol","item":"https:\/\/plastimol.com\/fr\/"},{"@type":"ListItem","position":2,"name":"Produits : Fabrication de produits en plastique","item":"https:\/\/plastimol.com\/fr\/productos\/"},{"@type":"ListItem","position":3,"name":"F\u00dbTS"}]},{"@type":"WebSite","@id":"https:\/\/plastimol.com\/fr\/#website","url":"https:\/\/plastimol.com\/fr\/","name":"Plastimol.com","description":"Fabricantes Bbox, Contenedores, Cajas, Bidones y Palets de Pl\u00e1stico","publisher":{"@id":"https:\/\/plastimol.com\/fr\/#organization"},"potentialAction":[{"@type":"SearchAction","target":{"@type":"EntryPoint","urlTemplate":"https:\/\/plastimol.com\/fr\/?s={search_term_string}"},"query-input":{"@type":"PropertyValueSpecification","valueRequired":true,"valueName":"search_term_string"}}],"inLanguage":"fr-FR"},{"@type":"Organization","@id":"https:\/\/plastimol.com\/fr\/#organization","name":"Plastimol.com","url":"https:\/\/plastimol.com\/fr\/","logo":{"@type":"ImageObject","inLanguage":"fr-FR","@id":"https:\/\/plastimol.com\/fr\/#\/schema\/logo\/image\/","url":"https:\/\/plastimol.com\/wp-content\/uploads\/2020\/12\/cropped-logo.png","contentUrl":"https:\/\/plastimol.com\/wp-content\/uploads\/2020\/12\/cropped-logo.png","width":1957,"height":485,"caption":"Plastimol.com"},"image":{"@id":"https:\/\/plastimol.com\/fr\/#\/schema\/logo\/image\/"},"sameAs":["https:\/\/www.facebook.com\/Plasticos-De-Molina-SL-2231330860466005\/","https:\/\/in.linkedin.com\/company\/plastimol","https:\/\/www.instagram.com\/plastimol_envases","https:\/\/www.youtube.com\/channel\/UCtKxYvZ0eakrjy2gSCBETGg\/videos"]}]}},"uagb_featured_image_src":{"full":false,"thumbnail":false,"medium":false,"medium_large":false,"large":false,"1536x1536":false,"2048x2048":false,"woocommerce_thumbnail":false,"woocommerce_single":false,"woocommerce_gallery_thumbnail":false},"uagb_author_info":{"display_name":"Plastimol","author_link":"https:\/\/plastimol.com\/fr\/author\/plastimol\/"},"uagb_comment_info":0,"uagb_excerpt":"CONTENEURS F\u00fbts bleus et accessoires pour f\u00fbts F\u00fbts bleus en plastique et accessoires pour les f\u00fbts, sp\u00e9cialement con\u00e7us pour toutes les industries et l&rsquo;alimentation. D\u00e9couvrez toutes les possibilit\u00e9s que les bidons en plastique de Plastimol vous offrent. F\u00dbTS Accessoires","_links":{"self":[{"href":"https:\/\/plastimol.com\/fr\/wp-json\/wp\/v2\/pages\/16202","targetHints":{"allow":["GET"]}}],"collection":[{"href":"https:\/\/plastimol.com\/fr\/wp-json\/wp\/v2\/pages"}],"about":[{"href":"https:\/\/plastimol.com\/fr\/wp-json\/wp\/v2\/types\/page"}],"author":[{"embeddable":true,"href":"https:\/\/plastimol.com\/fr\/wp-json\/wp\/v2\/users\/8"}],"replies":[{"embeddable":true,"href":"https:\/\/plastimol.com\/fr\/wp-json\/wp\/v2\/comments?post=16202"}],"version-history":[{"count":0,"href":"https:\/\/plastimol.com\/fr\/wp-json\/wp\/v2\/pages\/16202\/revisions"}],"up":[{"embeddable":true,"href":"https:\/\/plastimol.com\/fr\/wp-json\/wp\/v2\/pages\/16193"}],"wp:attachment":[{"href":"https:\/\/plastimol.com\/fr\/wp-json\/wp\/v2\/media?parent=16202"}],"curies":[{"name":"wp","href":"https:\/\/api.w.org\/{rel}","templated":true}]}}