{"id":16193,"date":"2023-05-12T17:06:20","date_gmt":"2023-05-12T17:06:20","guid":{"rendered":"https:\/\/plastimol.com\/produits\/"},"modified":"2023-06-27T11:32:35","modified_gmt":"2023-06-27T11:32:35","slug":"produits","status":"publish","type":"page","link":"https:\/\/plastimol.com\/fr\/produits\/","title":{"rendered":"Produits : Fabrication de produits en plastique"},"content":{"rendered":"\t\t<div data-elementor-type=\"wp-page\" data-elementor-id=\"16193\" class=\"elementor elementor-16193 elementor-1184\" data-elementor-post-type=\"page\">\n\t\t\t\t\t\t<section class=\"elementor-section elementor-top-section elementor-element elementor-element-105342d6 elementor-section-boxed elementor-section-height-default elementor-section-height-default\" data-id=\"105342d6\" data-element_type=\"section\" data-settings=\"{&quot;background_background&quot;:&quot;classic&quot;}\">\n\t\t\t\t\t\t<div class=\"elementor-container elementor-column-gap-default\">\n\t\t\t\t\t<div class=\"elementor-column elementor-col-100 elementor-top-column elementor-element elementor-element-26172da6\" data-id=\"26172da6\" data-element_type=\"column\">\n\t\t\t<div class=\"elementor-widget-wrap elementor-element-populated\">\n\t\t\t\t\t\t<div class=\"elementor-element elementor-element-54cb58c5 elementor-widget elementor-widget-heading\" data-id=\"54cb58c5\" data-element_type=\"widget\" data-widget_type=\"heading.default\">\n\t\t\t\t<div class=\"elementor-widget-container\">\n\t\t\t\t\t<h1 class=\"elementor-heading-title elementor-size-large\">PRODUITS : FABRICATION DE PRODUITS EN PLASTIQUE<\/h1>\t\t\t\t<\/div>\n\t\t\t\t<\/div>\n\t\t\t\t<div class=\"elementor-element elementor-element-3978140b elementor-widget-divider--view-line elementor-widget elementor-widget-divider\" data-id=\"3978140b\" data-element_type=\"widget\" data-widget_type=\"divider.default\">\n\t\t\t\t<div class=\"elementor-widget-container\">\n\t\t\t\t\t\t\t<div class=\"elementor-divider\">\n\t\t\t<span class=\"elementor-divider-separator\">\n\t\t\t\t\t\t<\/span>\n\t\t<\/div>\n\t\t\t\t\t\t<\/div>\n\t\t\t\t<\/div>\n\t\t\t\t<div class=\"elementor-element elementor-element-cb4f6c6 elementor-widget elementor-widget-heading\" data-id=\"cb4f6c6\" data-element_type=\"widget\" data-widget_type=\"heading.default\">\n\t\t\t\t<div class=\"elementor-widget-container\">\n\t\t\t\t\t<h2 class=\"elementor-heading-title elementor-size-medium\">PRODUITS : ENTREPRISES DE PRODUITS EN PLASTIQUE\n<\/h2>\t\t\t\t<\/div>\n\t\t\t\t<\/div>\n\t\t\t\t<div class=\"elementor-element elementor-element-a687866 elementor-widget elementor-widget-text-editor\" data-id=\"a687866\" data-element_type=\"widget\" data-widget_type=\"text-editor.default\">\n\t\t\t\t<div class=\"elementor-widget-container\">\n\t\t\t\t\t\t\t\t\t<p>Chez <b>Plastimol<\/b>, nous proposons une large gamme de <b>produits en plastique<\/b> tels que des <b>big box en plastique, des caisses en plastique, des palettes et des f\u00fbts<\/b> en plastique bleu. <br \/>Tous nos produits sont <b>con\u00e7us pour \u00eatre utilis\u00e9s par nos clients dans l&rsquo;industrie alimentaire et industrielle.<\/b> Ils respectent toutes les <a href=\"https:\/\/plastimol.com\/rsc\/\">normes de qualit\u00e9<\/a> n\u00e9cessaires.<\/p>\n\t\t\t\t\t\t\t\t<\/div>\n\t\t\t\t<\/div>\n\t\t\t\t<section class=\"elementor-section elementor-inner-section elementor-element elementor-element-3af14a0f elementor-section-boxed elementor-section-height-default elementor-section-height-default\" data-id=\"3af14a0f\" data-element_type=\"section\">\n\t\t\t\t\t\t<div class=\"elementor-container elementor-column-gap-default\">\n\t\t\t\t\t<div class=\"elementor-column elementor-col-50 elementor-inner-column elementor-element elementor-element-54d92ed3\" data-id=\"54d92ed3\" data-element_type=\"column\">\n\t\t\t<div class=\"elementor-widget-wrap elementor-element-populated\">\n\t\t\t\t\t\t<div class=\"elementor-element elementor-element-379b3a0 elementor-widget elementor-widget-text-editor\" data-id=\"379b3a0\" data-element_type=\"widget\" data-widget_type=\"text-editor.default\">\n\t\t\t\t<div class=\"elementor-widget-container\">\n\t\t\t\t\t\t\t\t\t<h3 style=\"text-align: center;\">BBOX<\/h3>\n\t\t\t\t\t\t\t\t<\/div>\n\t\t\t\t<\/div>\n\t\t\t\t<div class=\"elementor-element elementor-element-384dd15a elementor-widget elementor-widget-image\" data-id=\"384dd15a\" data-element_type=\"widget\" data-widget_type=\"image.default\">\n\t\t\t\t<div class=\"elementor-widget-container\">\n\t\t\t\t\t\t\t\t\t\t\t\t\t\t\t\t<a href=\"https:\/\/plastimol.com\/productos\/bbox\/\">\n\t\t\t\t\t\t\t<img fetchpriority=\"high\" decoding=\"async\" width=\"300\" height=\"200\" src=\"https:\/\/plastimol.com\/wp-content\/uploads\/2023\/03\/BBOX-300x200.webp\" class=\"attachment-medium size-medium wp-image-12064\" alt=\"BBOX Productos: Fabrica Productos Plasticos\" srcset=\"https:\/\/plastimol.com\/wp-content\/uploads\/2023\/03\/BBOX-300x200.webp 300w, https:\/\/plastimol.com\/wp-content\/uploads\/2023\/03\/BBOX-768x512.webp 768w, https:\/\/plastimol.com\/wp-content\/uploads\/2023\/03\/BBOX-600x400.webp 600w, https:\/\/plastimol.com\/wp-content\/uploads\/2023\/03\/BBOX.webp 1000w\" sizes=\"(max-width: 300px) 100vw, 300px\" \/>\t\t\t\t\t\t\t\t<\/a>\n\t\t\t\t\t\t\t\t\t\t\t\t\t\t\t<\/div>\n\t\t\t\t<\/div>\n\t\t\t\t\t<\/div>\n\t\t<\/div>\n\t\t\t\t<div class=\"elementor-column elementor-col-50 elementor-inner-column elementor-element elementor-element-3f0800ba\" data-id=\"3f0800ba\" data-element_type=\"column\">\n\t\t\t<div class=\"elementor-widget-wrap elementor-element-populated\">\n\t\t\t\t\t\t<div class=\"elementor-element elementor-element-0673b67 elementor-widget elementor-widget-text-editor\" data-id=\"0673b67\" data-element_type=\"widget\" data-widget_type=\"text-editor.default\">\n\t\t\t\t<div class=\"elementor-widget-container\">\n\t\t\t\t\t\t\t\t\t<h3 style=\"text-align: center;\">BO\u00ceTES<\/h3>\n\t\t\t\t\t\t\t\t<\/div>\n\t\t\t\t<\/div>\n\t\t\t\t<div class=\"elementor-element elementor-element-6ddf5b94 elementor-widget elementor-widget-image\" data-id=\"6ddf5b94\" data-element_type=\"widget\" data-widget_type=\"image.default\">\n\t\t\t\t<div class=\"elementor-widget-container\">\n\t\t\t\t\t\t\t\t\t\t\t\t\t\t\t\t<a href=\"https:\/\/plastimol.com\/productos\/cajas\/\">\n\t\t\t\t\t\t\t<img decoding=\"async\" width=\"300\" height=\"200\" src=\"https:\/\/plastimol.com\/wp-content\/uploads\/2022\/10\/OW-24_60-1-300x200.webp\" class=\"attachment-medium size-medium wp-image-9265\" alt=\"Cajas Ligeras OW 24 60\" srcset=\"https:\/\/plastimol.com\/wp-content\/uploads\/2022\/10\/OW-24_60-1-300x200.webp 300w, https:\/\/plastimol.com\/wp-content\/uploads\/2022\/10\/OW-24_60-1-768x512.webp 768w, https:\/\/plastimol.com\/wp-content\/uploads\/2022\/10\/OW-24_60-1-600x400.webp 600w, https:\/\/plastimol.com\/wp-content\/uploads\/2022\/10\/OW-24_60-1.webp 1000w\" sizes=\"(max-width: 300px) 100vw, 300px\" \/>\t\t\t\t\t\t\t\t<\/a>\n\t\t\t\t\t\t\t\t\t\t\t\t\t\t\t<\/div>\n\t\t\t\t<\/div>\n\t\t\t\t\t<\/div>\n\t\t<\/div>\n\t\t\t\t\t<\/div>\n\t\t<\/section>\n\t\t\t\t<section class=\"elementor-section elementor-inner-section elementor-element elementor-element-6b9c4eb6 elementor-section-boxed elementor-section-height-default elementor-section-height-default\" data-id=\"6b9c4eb6\" data-element_type=\"section\">\n\t\t\t\t\t\t<div class=\"elementor-container elementor-column-gap-default\">\n\t\t\t\t\t<div class=\"elementor-column elementor-col-50 elementor-inner-column elementor-element elementor-element-6593b113\" data-id=\"6593b113\" data-element_type=\"column\">\n\t\t\t<div class=\"elementor-widget-wrap elementor-element-populated\">\n\t\t\t\t\t\t<div class=\"elementor-element elementor-element-cc26f78 elementor-widget elementor-widget-text-editor\" data-id=\"cc26f78\" data-element_type=\"widget\" data-widget_type=\"text-editor.default\">\n\t\t\t\t<div class=\"elementor-widget-container\">\n\t\t\t\t\t\t\t\t\t<h3 style=\"text-align: center;\">CONTENEURS<\/h3>\n\t\t\t\t\t\t\t\t<\/div>\n\t\t\t\t<\/div>\n\t\t\t\t<div class=\"elementor-element elementor-element-41671c7b elementor-widget elementor-widget-image\" data-id=\"41671c7b\" data-element_type=\"widget\" data-widget_type=\"image.default\">\n\t\t\t\t<div class=\"elementor-widget-container\">\n\t\t\t\t\t\t\t\t\t\t\t\t\t\t\t\t<a href=\"https:\/\/plastimol.com\/productos\/bidones\/\">\n\t\t\t\t\t\t\t<img decoding=\"async\" width=\"300\" height=\"200\" src=\"https:\/\/plastimol.com\/wp-content\/uploads\/2022\/07\/KB-1-300x200.webp\" class=\"attachment-medium size-medium wp-image-7460\" alt=\"KB 60L\" srcset=\"https:\/\/plastimol.com\/wp-content\/uploads\/2022\/07\/KB-1-300x200.webp 300w, https:\/\/plastimol.com\/wp-content\/uploads\/2022\/07\/KB-1-768x512.webp 768w, https:\/\/plastimol.com\/wp-content\/uploads\/2022\/07\/KB-1-600x400.webp 600w, https:\/\/plastimol.com\/wp-content\/uploads\/2022\/07\/KB-1.webp 1000w\" sizes=\"(max-width: 300px) 100vw, 300px\" \/>\t\t\t\t\t\t\t\t<\/a>\n\t\t\t\t\t\t\t\t\t\t\t\t\t\t\t<\/div>\n\t\t\t\t<\/div>\n\t\t\t\t\t<\/div>\n\t\t<\/div>\n\t\t\t\t<div class=\"elementor-column elementor-col-50 elementor-inner-column elementor-element elementor-element-6a5881d9\" data-id=\"6a5881d9\" data-element_type=\"column\">\n\t\t\t<div class=\"elementor-widget-wrap elementor-element-populated\">\n\t\t\t\t\t\t<div class=\"elementor-element elementor-element-bc8f498 elementor-widget elementor-widget-text-editor\" data-id=\"bc8f498\" data-element_type=\"widget\" data-widget_type=\"text-editor.default\">\n\t\t\t\t<div class=\"elementor-widget-container\">\n\t\t\t\t\t\t\t\t\t<h3 style=\"text-align: center;\">PALETS<\/h3>\n\t\t\t\t\t\t\t\t<\/div>\n\t\t\t\t<\/div>\n\t\t\t\t<div class=\"elementor-element elementor-element-4a85a368 elementor-widget elementor-widget-image\" data-id=\"4a85a368\" data-element_type=\"widget\" data-widget_type=\"image.default\">\n\t\t\t\t<div class=\"elementor-widget-container\">\n\t\t\t\t\t\t\t\t\t\t\t\t\t\t\t\t<a href=\"https:\/\/plastimol.com\/productos\/palets\/\">\n\t\t\t\t\t\t\t<img loading=\"lazy\" decoding=\"async\" width=\"300\" height=\"200\" src=\"https:\/\/plastimol.com\/wp-content\/uploads\/2023\/05\/OW-24_60-1-300x200-1.webp\" class=\"attachment-medium size-medium wp-image-63578\" alt=\"Fabrica Productos Plasticos\" \/>\t\t\t\t\t\t\t\t<\/a>\n\t\t\t\t\t\t\t\t\t\t\t\t\t\t\t<\/div>\n\t\t\t\t<\/div>\n\t\t\t\t\t<\/div>\n\t\t<\/div>\n\t\t\t\t\t<\/div>\n\t\t<\/section>\n\t\t\t\t<div class=\"elementor-element elementor-element-743a2cd8 elementor-widget elementor-widget-spacer\" data-id=\"743a2cd8\" data-element_type=\"widget\" data-widget_type=\"spacer.default\">\n\t\t\t\t<div class=\"elementor-widget-container\">\n\t\t\t\t\t\t\t<div class=\"elementor-spacer\">\n\t\t\t<div class=\"elementor-spacer-inner\"><\/div>\n\t\t<\/div>\n\t\t\t\t\t\t<\/div>\n\t\t\t\t<\/div>\n\t\t\t\t\t<\/div>\n\t\t<\/div>\n\t\t\t\t\t<\/div>\n\t\t<\/section>\n\t\t\t\t<\/div>\n\t\t","protected":false},"excerpt":{"rendered":"<p>PRODUITS : FABRICATION DE PRODUITS EN PLASTIQUE PRODUITS : ENTREPRISES DE PRODUITS EN PLASTIQUE Chez Plastimol, nous proposons une large gamme de produits en plastique tels que des big box en plastique, des caisses en plastique, des palettes et des f\u00fbts en plastique bleu. Tous nos produits sont con\u00e7us pour \u00eatre utilis\u00e9s par nos clients [&hellip;]<\/p>\n","protected":false},"author":8,"featured_media":0,"parent":0,"menu_order":0,"comment_status":"closed","ping_status":"closed","template":"","meta":{"_uag_custom_page_level_css":"","site-sidebar-layout":"no-sidebar","site-content-layout":"page-builder","ast-site-content-layout":"default","site-content-style":"default","site-sidebar-style":"default","ast-global-header-display":"","ast-banner-title-visibility":"","ast-main-header-display":"","ast-hfb-above-header-display":"","ast-hfb-below-header-display":"","ast-hfb-mobile-header-display":"","site-post-title":"disabled","ast-breadcrumbs-content":"","ast-featured-img":"disabled","footer-sml-layout":"","ast-disable-related-posts":"","theme-transparent-header-meta":"default","adv-header-id-meta":"","stick-header-meta":"default","header-above-stick-meta":"","header-main-stick-meta":"","header-below-stick-meta":"","astra-migrate-meta-layouts":"default","ast-page-background-enabled":"default","ast-page-background-meta":{"desktop":{"background-color":"","background-image":"","background-repeat":"repeat","background-position":"center center","background-size":"auto","background-attachment":"scroll","background-type":"","background-media":"","overlay-type":"","overlay-color":"","overlay-opacity":"","overlay-gradient":""},"tablet":{"background-color":"","background-image":"","background-repeat":"repeat","background-position":"center center","background-size":"auto","background-attachment":"scroll","background-type":"","background-media":"","overlay-type":"","overlay-color":"","overlay-opacity":"","overlay-gradient":""},"mobile":{"background-color":"","background-image":"","background-repeat":"repeat","background-position":"center center","background-size":"auto","background-attachment":"scroll","background-type":"","background-media":"","overlay-type":"","overlay-color":"","overlay-opacity":"","overlay-gradient":""}},"ast-content-background-meta":{"desktop":{"background-color":"var(--ast-global-color-5)","background-image":"","background-repeat":"repeat","background-position":"center center","background-size":"auto","background-attachment":"scroll","background-type":"","background-media":"","overlay-type":"","overlay-color":"","overlay-opacity":"","overlay-gradient":""},"tablet":{"background-color":"var(--ast-global-color-5)","background-image":"","background-repeat":"repeat","background-position":"center center","background-size":"auto","background-attachment":"scroll","background-type":"","background-media":"","overlay-type":"","overlay-color":"","overlay-opacity":"","overlay-gradient":""},"mobile":{"background-color":"var(--ast-global-color-5)","background-image":"","background-repeat":"repeat","background-position":"center center","background-size":"auto","background-attachment":"scroll","background-type":"","background-media":"","overlay-type":"","overlay-color":"","overlay-opacity":"","overlay-gradient":""}},"_joinchat":[],"footnotes":""},"class_list":["post-16193","page","type-page","status-publish","hentry"],"yoast_head":"<!-- This site is optimized with the Yoast SEO Premium plugin v25.3 (Yoast SEO v25.3) - https:\/\/yoast.com\/wordpress\/plugins\/seo\/ -->\n<title>Produits : Fabrication de produits en plastique | Plastimol<\/title>\n<meta name=\"description\" content=\"D\u00e9couvrez l&#039;usine leader de produits en plastique : Plastimol.com. Qualit\u00e9, Innovation et Durabilit\u00e9 dans chaque article. Achetez maintenant !\" \/>\n<meta name=\"robots\" content=\"index, follow, max-snippet:-1, max-image-preview:large, max-video-preview:-1\" \/>\n<link rel=\"canonical\" href=\"https:\/\/plastimol.com\/fr\/produits\/\" \/>\n<meta property=\"og:locale\" content=\"fr_FR\" \/>\n<meta property=\"og:type\" content=\"article\" \/>\n<meta property=\"og:title\" content=\"Produits : Fabrication de produits en plastique\" \/>\n<meta property=\"og:description\" content=\"D\u00e9couvrez l&#039;usine leader de produits en plastique : Plastimol.com. Qualit\u00e9, Innovation et Durabilit\u00e9 dans chaque article. Achetez maintenant !\" \/>\n<meta property=\"og:url\" content=\"https:\/\/plastimol.com\/fr\/produits\/\" \/>\n<meta property=\"og:site_name\" content=\"Plastimol\" \/>\n<meta property=\"article:publisher\" content=\"https:\/\/www.facebook.com\/Plasticos-De-Molina-SL-2231330860466005\/\" \/>\n<meta property=\"article:modified_time\" content=\"2023-06-27T11:32:35+00:00\" \/>\n<meta property=\"og:image\" content=\"https:\/\/plastimol.com\/wp-content\/uploads\/2023\/03\/BBOX-300x200.webp\" \/>\n<meta name=\"twitter:card\" content=\"summary_large_image\" \/>\n<script type=\"application\/ld+json\" class=\"yoast-schema-graph\">{\"@context\":\"https:\/\/schema.org\",\"@graph\":[{\"@type\":\"WebPage\",\"@id\":\"https:\/\/plastimol.com\/fr\/produits\/\",\"url\":\"https:\/\/plastimol.com\/fr\/produits\/\",\"name\":\"Produits : Fabrication de produits en plastique | Plastimol\",\"isPartOf\":{\"@id\":\"https:\/\/plastimol.com\/fr\/#website\"},\"primaryImageOfPage\":{\"@id\":\"https:\/\/plastimol.com\/fr\/produits\/#primaryimage\"},\"image\":{\"@id\":\"https:\/\/plastimol.com\/fr\/produits\/#primaryimage\"},\"thumbnailUrl\":\"https:\/\/plastimol.com\/wp-content\/uploads\/2023\/03\/BBOX-300x200.webp\",\"datePublished\":\"2023-05-12T17:06:20+00:00\",\"dateModified\":\"2023-06-27T11:32:35+00:00\",\"description\":\"D\u00e9couvrez l'usine leader de produits en plastique : Plastimol.com. Qualit\u00e9, Innovation et Durabilit\u00e9 dans chaque article. Achetez maintenant !\",\"breadcrumb\":{\"@id\":\"https:\/\/plastimol.com\/fr\/produits\/#breadcrumb\"},\"inLanguage\":\"fr-FR\",\"potentialAction\":[{\"@type\":\"ReadAction\",\"target\":[\"https:\/\/plastimol.com\/fr\/produits\/\"]}]},{\"@type\":\"ImageObject\",\"inLanguage\":\"fr-FR\",\"@id\":\"https:\/\/plastimol.com\/fr\/produits\/#primaryimage\",\"url\":\"https:\/\/plastimol.com\/wp-content\/uploads\/2023\/03\/BBOX-300x200.webp\",\"contentUrl\":\"https:\/\/plastimol.com\/wp-content\/uploads\/2023\/03\/BBOX-300x200.webp\"},{\"@type\":\"BreadcrumbList\",\"@id\":\"https:\/\/plastimol.com\/fr\/produits\/#breadcrumb\",\"itemListElement\":[{\"@type\":\"ListItem\",\"position\":1,\"name\":\"Plastimol\",\"item\":\"https:\/\/plastimol.com\/fr\/\"},{\"@type\":\"ListItem\",\"position\":2,\"name\":\"Produits : Fabrication de produits en plastique\"}]},{\"@type\":\"WebSite\",\"@id\":\"https:\/\/plastimol.com\/fr\/#website\",\"url\":\"https:\/\/plastimol.com\/fr\/\",\"name\":\"Plastimol.com\",\"description\":\"Fabricantes Bbox, Contenedores, Cajas, Bidones y Palets de Pl\u00e1stico\",\"publisher\":{\"@id\":\"https:\/\/plastimol.com\/fr\/#organization\"},\"potentialAction\":[{\"@type\":\"SearchAction\",\"target\":{\"@type\":\"EntryPoint\",\"urlTemplate\":\"https:\/\/plastimol.com\/fr\/?s={search_term_string}\"},\"query-input\":{\"@type\":\"PropertyValueSpecification\",\"valueRequired\":true,\"valueName\":\"search_term_string\"}}],\"inLanguage\":\"fr-FR\"},{\"@type\":\"Organization\",\"@id\":\"https:\/\/plastimol.com\/fr\/#organization\",\"name\":\"Plastimol.com\",\"url\":\"https:\/\/plastimol.com\/fr\/\",\"logo\":{\"@type\":\"ImageObject\",\"inLanguage\":\"fr-FR\",\"@id\":\"https:\/\/plastimol.com\/fr\/#\/schema\/logo\/image\/\",\"url\":\"https:\/\/plastimol.com\/wp-content\/uploads\/2020\/12\/cropped-logo.png\",\"contentUrl\":\"https:\/\/plastimol.com\/wp-content\/uploads\/2020\/12\/cropped-logo.png\",\"width\":1957,\"height\":485,\"caption\":\"Plastimol.com\"},\"image\":{\"@id\":\"https:\/\/plastimol.com\/fr\/#\/schema\/logo\/image\/\"},\"sameAs\":[\"https:\/\/www.facebook.com\/Plasticos-De-Molina-SL-2231330860466005\/\",\"https:\/\/in.linkedin.com\/company\/plastimol\",\"https:\/\/www.instagram.com\/plastimol_envases\",\"https:\/\/www.youtube.com\/channel\/UCtKxYvZ0eakrjy2gSCBETGg\/videos\"]}]}<\/script>\n<!-- \/ Yoast SEO Premium plugin. -->","yoast_head_json":{"title":"Produits : Fabrication de produits en plastique | Plastimol","description":"D\u00e9couvrez l'usine leader de produits en plastique : Plastimol.com. Qualit\u00e9, Innovation et Durabilit\u00e9 dans chaque article. Achetez maintenant !","robots":{"index":"index","follow":"follow","max-snippet":"max-snippet:-1","max-image-preview":"max-image-preview:large","max-video-preview":"max-video-preview:-1"},"canonical":"https:\/\/plastimol.com\/fr\/produits\/","og_locale":"fr_FR","og_type":"article","og_title":"Produits : Fabrication de produits en plastique","og_description":"D\u00e9couvrez l'usine leader de produits en plastique : Plastimol.com. Qualit\u00e9, Innovation et Durabilit\u00e9 dans chaque article. Achetez maintenant !","og_url":"https:\/\/plastimol.com\/fr\/produits\/","og_site_name":"Plastimol","article_publisher":"https:\/\/www.facebook.com\/Plasticos-De-Molina-SL-2231330860466005\/","article_modified_time":"2023-06-27T11:32:35+00:00","og_image":[{"url":"https:\/\/plastimol.com\/wp-content\/uploads\/2023\/03\/BBOX-300x200.webp","type":"","width":"","height":""}],"twitter_card":"summary_large_image","schema":{"@context":"https:\/\/schema.org","@graph":[{"@type":"WebPage","@id":"https:\/\/plastimol.com\/fr\/produits\/","url":"https:\/\/plastimol.com\/fr\/produits\/","name":"Produits : Fabrication de produits en plastique | Plastimol","isPartOf":{"@id":"https:\/\/plastimol.com\/fr\/#website"},"primaryImageOfPage":{"@id":"https:\/\/plastimol.com\/fr\/produits\/#primaryimage"},"image":{"@id":"https:\/\/plastimol.com\/fr\/produits\/#primaryimage"},"thumbnailUrl":"https:\/\/plastimol.com\/wp-content\/uploads\/2023\/03\/BBOX-300x200.webp","datePublished":"2023-05-12T17:06:20+00:00","dateModified":"2023-06-27T11:32:35+00:00","description":"D\u00e9couvrez l'usine leader de produits en plastique : Plastimol.com. Qualit\u00e9, Innovation et Durabilit\u00e9 dans chaque article. Achetez maintenant !","breadcrumb":{"@id":"https:\/\/plastimol.com\/fr\/produits\/#breadcrumb"},"inLanguage":"fr-FR","potentialAction":[{"@type":"ReadAction","target":["https:\/\/plastimol.com\/fr\/produits\/"]}]},{"@type":"ImageObject","inLanguage":"fr-FR","@id":"https:\/\/plastimol.com\/fr\/produits\/#primaryimage","url":"https:\/\/plastimol.com\/wp-content\/uploads\/2023\/03\/BBOX-300x200.webp","contentUrl":"https:\/\/plastimol.com\/wp-content\/uploads\/2023\/03\/BBOX-300x200.webp"},{"@type":"BreadcrumbList","@id":"https:\/\/plastimol.com\/fr\/produits\/#breadcrumb","itemListElement":[{"@type":"ListItem","position":1,"name":"Plastimol","item":"https:\/\/plastimol.com\/fr\/"},{"@type":"ListItem","position":2,"name":"Produits : Fabrication de produits en plastique"}]},{"@type":"WebSite","@id":"https:\/\/plastimol.com\/fr\/#website","url":"https:\/\/plastimol.com\/fr\/","name":"Plastimol.com","description":"Fabricantes Bbox, Contenedores, Cajas, Bidones y Palets de Pl\u00e1stico","publisher":{"@id":"https:\/\/plastimol.com\/fr\/#organization"},"potentialAction":[{"@type":"SearchAction","target":{"@type":"EntryPoint","urlTemplate":"https:\/\/plastimol.com\/fr\/?s={search_term_string}"},"query-input":{"@type":"PropertyValueSpecification","valueRequired":true,"valueName":"search_term_string"}}],"inLanguage":"fr-FR"},{"@type":"Organization","@id":"https:\/\/plastimol.com\/fr\/#organization","name":"Plastimol.com","url":"https:\/\/plastimol.com\/fr\/","logo":{"@type":"ImageObject","inLanguage":"fr-FR","@id":"https:\/\/plastimol.com\/fr\/#\/schema\/logo\/image\/","url":"https:\/\/plastimol.com\/wp-content\/uploads\/2020\/12\/cropped-logo.png","contentUrl":"https:\/\/plastimol.com\/wp-content\/uploads\/2020\/12\/cropped-logo.png","width":1957,"height":485,"caption":"Plastimol.com"},"image":{"@id":"https:\/\/plastimol.com\/fr\/#\/schema\/logo\/image\/"},"sameAs":["https:\/\/www.facebook.com\/Plasticos-De-Molina-SL-2231330860466005\/","https:\/\/in.linkedin.com\/company\/plastimol","https:\/\/www.instagram.com\/plastimol_envases","https:\/\/www.youtube.com\/channel\/UCtKxYvZ0eakrjy2gSCBETGg\/videos"]}]}},"uagb_featured_image_src":{"full":false,"thumbnail":false,"medium":false,"medium_large":false,"large":false,"1536x1536":false,"2048x2048":false,"woocommerce_thumbnail":false,"woocommerce_single":false,"woocommerce_gallery_thumbnail":false},"uagb_author_info":{"display_name":"Plastimol","author_link":"https:\/\/plastimol.com\/fr\/author\/plastimol\/"},"uagb_comment_info":0,"uagb_excerpt":"PRODUITS : FABRICATION DE PRODUITS EN PLASTIQUE PRODUITS : ENTREPRISES DE PRODUITS EN PLASTIQUE Chez Plastimol, nous proposons une large gamme de produits en plastique tels que des big box en plastique, des caisses en plastique, des palettes et des f\u00fbts en plastique bleu. Tous nos produits sont con\u00e7us pour \u00eatre utilis\u00e9s par nos clients\u2026","_links":{"self":[{"href":"https:\/\/plastimol.com\/fr\/wp-json\/wp\/v2\/pages\/16193","targetHints":{"allow":["GET"]}}],"collection":[{"href":"https:\/\/plastimol.com\/fr\/wp-json\/wp\/v2\/pages"}],"about":[{"href":"https:\/\/plastimol.com\/fr\/wp-json\/wp\/v2\/types\/page"}],"author":[{"embeddable":true,"href":"https:\/\/plastimol.com\/fr\/wp-json\/wp\/v2\/users\/8"}],"replies":[{"embeddable":true,"href":"https:\/\/plastimol.com\/fr\/wp-json\/wp\/v2\/comments?post=16193"}],"version-history":[{"count":0,"href":"https:\/\/plastimol.com\/fr\/wp-json\/wp\/v2\/pages\/16193\/revisions"}],"wp:attachment":[{"href":"https:\/\/plastimol.com\/fr\/wp-json\/wp\/v2\/media?parent=16193"}],"curies":[{"name":"wp","href":"https:\/\/api.w.org\/{rel}","templated":true}]}}