{"id":16183,"date":"2023-05-12T17:06:19","date_gmt":"2023-05-12T17:06:19","guid":{"rendered":"https:\/\/plastimol.com\/bbox\/"},"modified":"2023-06-27T11:38:43","modified_gmt":"2023-06-27T11:38:43","slug":"bbox","status":"publish","type":"page","link":"https:\/\/plastimol.com\/fr\/produits\/bbox\/","title":{"rendered":"BBOX"},"content":{"rendered":"\t\t<div data-elementor-type=\"wp-page\" data-elementor-id=\"16183\" class=\"elementor elementor-16183 elementor-1514\" data-elementor-post-type=\"page\">\n\t\t\t\t\t\t<section class=\"elementor-section elementor-top-section elementor-element elementor-element-4df0339b elementor-section-boxed elementor-section-height-default elementor-section-height-default\" data-id=\"4df0339b\" data-element_type=\"section\">\n\t\t\t\t\t\t<div class=\"elementor-container elementor-column-gap-default\">\n\t\t\t\t\t<div class=\"elementor-column elementor-col-100 elementor-top-column elementor-element elementor-element-79595b4a\" data-id=\"79595b4a\" data-element_type=\"column\">\n\t\t\t<div class=\"elementor-widget-wrap elementor-element-populated\">\n\t\t\t\t\t\t<div class=\"elementor-element elementor-element-3caf18f9 elementor-widget elementor-widget-heading\" data-id=\"3caf18f9\" data-element_type=\"widget\" data-widget_type=\"heading.default\">\n\t\t\t\t<div class=\"elementor-widget-container\">\n\t\t\t\t\t<h1 class=\"elementor-heading-title elementor-size-large\">BBOX<\/h1>\t\t\t\t<\/div>\n\t\t\t\t<\/div>\n\t\t\t\t<div class=\"elementor-element elementor-element-149714ed elementor-widget-divider--view-line elementor-widget elementor-widget-divider\" data-id=\"149714ed\" data-element_type=\"widget\" data-widget_type=\"divider.default\">\n\t\t\t\t<div class=\"elementor-widget-container\">\n\t\t\t\t\t\t\t<div class=\"elementor-divider\">\n\t\t\t<span class=\"elementor-divider-separator\">\n\t\t\t\t\t\t<\/span>\n\t\t<\/div>\n\t\t\t\t\t\t<\/div>\n\t\t\t\t<\/div>\n\t\t\t\t<div class=\"elementor-element elementor-element-d4a598d elementor-widget elementor-widget-heading\" data-id=\"d4a598d\" data-element_type=\"widget\" data-widget_type=\"heading.default\">\n\t\t\t\t<div class=\"elementor-widget-container\">\n\t\t\t\t\t<h2 class=\"elementor-heading-title elementor-size-medium\">Bo\u00eetes, palettes en plastique et grandes caisses en plastique pour divers secteurs.<\/h2>\t\t\t\t<\/div>\n\t\t\t\t<\/div>\n\t\t\t\t<div class=\"elementor-element elementor-element-0d03908 elementor-widget elementor-widget-text-editor\" data-id=\"0d03908\" data-element_type=\"widget\" data-widget_type=\"text-editor.default\">\n\t\t\t\t<div class=\"elementor-widget-container\">\n\t\t\t\t\t\t\t\t\t<p><strong>Bo\u00eetes, palettes en plastique et grandes caisses en plastique pour divers secteurs et formats.<\/strong> <strong>Vous trouverez ici un large choix de nos meilleurs produits de grandes caisses en plastique avec couvercle, sans couvercle, respirantes, empilables&#8230;<\/strong> <\/p>\n\t\t\t\t\t\t\t\t<\/div>\n\t\t\t\t<\/div>\n\t\t\t\t\t<\/div>\n\t\t<\/div>\n\t\t\t\t\t<\/div>\n\t\t<\/section>\n\t\t\t\t<section class=\"elementor-section elementor-top-section elementor-element elementor-element-390c011 elementor-section-boxed elementor-section-height-default elementor-section-height-default\" data-id=\"390c011\" data-element_type=\"section\">\n\t\t\t\t\t\t<div class=\"elementor-container elementor-column-gap-default\">\n\t\t\t\t\t<div class=\"elementor-column elementor-col-25 elementor-top-column elementor-element elementor-element-c0aef37\" data-id=\"c0aef37\" data-element_type=\"column\">\n\t\t\t<div class=\"elementor-widget-wrap elementor-element-populated\">\n\t\t\t\t\t\t<div class=\"elementor-element elementor-element-6bc4354 elementor-widget elementor-widget-heading\" data-id=\"6bc4354\" data-element_type=\"widget\" data-widget_type=\"heading.default\">\n\t\t\t\t<div class=\"elementor-widget-container\">\n\t\t\t\t\t<h3 class=\"elementor-heading-title elementor-size-medium\"><a href=\"https:\/\/plastimol.com\/fr\/produits\/bbox\/agriculture\/\">Agriculture<\/a><\/h3>\t\t\t\t<\/div>\n\t\t\t\t<\/div>\n\t\t\t\t<div class=\"elementor-element elementor-element-e1b67fd elementor-widget elementor-widget-image\" data-id=\"e1b67fd\" data-element_type=\"widget\" data-widget_type=\"image.default\">\n\t\t\t\t<div class=\"elementor-widget-container\">\n\t\t\t\t\t\t\t\t\t\t\t\t\t\t\t\t<a href=\"https:\/\/plastimol.com\/productos\/bbox\/agricultura\/\">\n\t\t\t\t\t\t\t<img fetchpriority=\"high\" decoding=\"async\" width=\"1011\" height=\"889\" src=\"https:\/\/plastimol.com\/wp-content\/uploads\/2023\/05\/1210.50-LR-FR-4P-R01-1.webp\" class=\"attachment-large size-large wp-image-63654\" alt=\"BBOX\" srcset=\"https:\/\/plastimol.com\/wp-content\/uploads\/2023\/05\/1210.50-LR-FR-4P-R01-1.webp 1011w, https:\/\/plastimol.com\/wp-content\/uploads\/2023\/05\/1210.50-LR-FR-4P-R01-1-300x264.webp 300w, https:\/\/plastimol.com\/wp-content\/uploads\/2023\/05\/1210.50-LR-FR-4P-R01-1-768x675.webp 768w, https:\/\/plastimol.com\/wp-content\/uploads\/2023\/05\/1210.50-LR-FR-4P-R01-1-600x528.webp 600w\" sizes=\"(max-width: 1011px) 100vw, 1011px\" \/>\t\t\t\t\t\t\t\t<\/a>\n\t\t\t\t\t\t\t\t\t\t\t\t\t\t\t<\/div>\n\t\t\t\t<\/div>\n\t\t\t\t\t<\/div>\n\t\t<\/div>\n\t\t\t\t<div class=\"elementor-column elementor-col-25 elementor-top-column elementor-element elementor-element-2edb8fa\" data-id=\"2edb8fa\" data-element_type=\"column\">\n\t\t\t<div class=\"elementor-widget-wrap elementor-element-populated\">\n\t\t\t\t\t\t<div class=\"elementor-element elementor-element-fb65021 elementor-widget elementor-widget-heading\" data-id=\"fb65021\" data-element_type=\"widget\" data-widget_type=\"heading.default\">\n\t\t\t\t<div class=\"elementor-widget-container\">\n\t\t\t\t\t<h3 class=\"elementor-heading-title elementor-size-medium\"><a href=\"https:\/\/plastimol.com\/fr\/produits\/bbox\/lindustrie\/\">L'industrie<\/a><\/h3>\t\t\t\t<\/div>\n\t\t\t\t<\/div>\n\t\t\t\t<div class=\"elementor-element elementor-element-560c250 elementor-widget elementor-widget-image\" data-id=\"560c250\" data-element_type=\"widget\" data-widget_type=\"image.default\">\n\t\t\t\t<div class=\"elementor-widget-container\">\n\t\t\t\t\t\t\t\t\t\t\t\t\t\t\t\t<a href=\"https:\/\/plastimol.com\/productos\/bbox\/industria\/\">\n\t\t\t\t\t\t\t<img decoding=\"async\" width=\"999\" height=\"889\" src=\"https:\/\/plastimol.com\/wp-content\/uploads\/2022\/07\/1210.63-LC-FC-4P-R01.webp\" class=\"attachment-large size-large wp-image-8266\" alt=\"BBOX 1210.63 LC FC-4P R01\" srcset=\"https:\/\/plastimol.com\/wp-content\/uploads\/2022\/07\/1210.63-LC-FC-4P-R01.webp 999w, https:\/\/plastimol.com\/wp-content\/uploads\/2022\/07\/1210.63-LC-FC-4P-R01-300x267.webp 300w, https:\/\/plastimol.com\/wp-content\/uploads\/2022\/07\/1210.63-LC-FC-4P-R01-768x683.webp 768w, https:\/\/plastimol.com\/wp-content\/uploads\/2022\/07\/1210.63-LC-FC-4P-R01-600x534.webp 600w\" sizes=\"(max-width: 999px) 100vw, 999px\" \/>\t\t\t\t\t\t\t\t<\/a>\n\t\t\t\t\t\t\t\t\t\t\t\t\t\t\t<\/div>\n\t\t\t\t<\/div>\n\t\t\t\t\t<\/div>\n\t\t<\/div>\n\t\t\t\t<div class=\"elementor-column elementor-col-25 elementor-top-column elementor-element elementor-element-3466c57\" data-id=\"3466c57\" data-element_type=\"column\">\n\t\t\t<div class=\"elementor-widget-wrap elementor-element-populated\">\n\t\t\t\t\t\t<div class=\"elementor-element elementor-element-e5ad6e1 elementor-widget elementor-widget-heading\" data-id=\"e5ad6e1\" data-element_type=\"widget\" data-widget_type=\"heading.default\">\n\t\t\t\t<div class=\"elementor-widget-container\">\n\t\t\t\t\t<h3 class=\"elementor-heading-title elementor-size-medium\"><a href=\"https:\/\/plastimol.com\/fr\/produits\/bbox\/combine\/\">Combin\u00e9<\/a><\/h3>\t\t\t\t<\/div>\n\t\t\t\t<\/div>\n\t\t\t\t<div class=\"elementor-element elementor-element-c253562 elementor-widget elementor-widget-image\" data-id=\"c253562\" data-element_type=\"widget\" data-widget_type=\"image.default\">\n\t\t\t\t<div class=\"elementor-widget-container\">\n\t\t\t\t\t\t\t\t\t\t\t\t\t\t\t\t<a href=\"https:\/\/plastimol.com\/productos\/bbox\/combinados\/\">\n\t\t\t\t\t\t\t<img decoding=\"async\" width=\"1020\" height=\"889\" src=\"https:\/\/plastimol.com\/wp-content\/uploads\/2022\/07\/1210.63-LC-FRR-4P-R01.webp\" class=\"attachment-large size-large wp-image-8416\" alt=\"BBOX 1210.63 LC FRR-4P R01\" srcset=\"https:\/\/plastimol.com\/wp-content\/uploads\/2022\/07\/1210.63-LC-FRR-4P-R01.webp 1020w, https:\/\/plastimol.com\/wp-content\/uploads\/2022\/07\/1210.63-LC-FRR-4P-R01-300x261.webp 300w, https:\/\/plastimol.com\/wp-content\/uploads\/2022\/07\/1210.63-LC-FRR-4P-R01-768x669.webp 768w, https:\/\/plastimol.com\/wp-content\/uploads\/2022\/07\/1210.63-LC-FRR-4P-R01-600x523.webp 600w\" sizes=\"(max-width: 1020px) 100vw, 1020px\" \/>\t\t\t\t\t\t\t\t<\/a>\n\t\t\t\t\t\t\t\t\t\t\t\t\t\t\t<\/div>\n\t\t\t\t<\/div>\n\t\t\t\t\t<\/div>\n\t\t<\/div>\n\t\t\t\t<div class=\"elementor-column elementor-col-25 elementor-top-column elementor-element elementor-element-53b1633\" data-id=\"53b1633\" data-element_type=\"column\">\n\t\t\t<div class=\"elementor-widget-wrap elementor-element-populated\">\n\t\t\t\t\t\t<div class=\"elementor-element elementor-element-7ee508c elementor-widget elementor-widget-heading\" data-id=\"7ee508c\" data-element_type=\"widget\" data-widget_type=\"heading.default\">\n\t\t\t\t<div class=\"elementor-widget-container\">\n\t\t\t\t\t<h3 class=\"elementor-heading-title elementor-size-medium\"><a href=\"https:\/\/plastimol.com\/fr\/produits\/bbox\/accessoires-3\/\">Accessoires<\/a><\/h3>\t\t\t\t<\/div>\n\t\t\t\t<\/div>\n\t\t\t\t<div class=\"elementor-element elementor-element-8f47474 elementor-widget elementor-widget-image\" data-id=\"8f47474\" data-element_type=\"widget\" data-widget_type=\"image.default\">\n\t\t\t\t<div class=\"elementor-widget-container\">\n\t\t\t\t\t\t\t\t\t\t\t\t\t\t\t\t<a href=\"https:\/\/plastimol.com\/productos\/bbox\/accesorios-bbox\/\">\n\t\t\t\t\t\t\t<img loading=\"lazy\" decoding=\"async\" width=\"1000\" height=\"667\" src=\"https:\/\/plastimol.com\/wp-content\/uploads\/2023\/04\/TAPA-2.webp\" class=\"attachment-large size-large wp-image-12824\" alt=\"TAPA BBOX\" srcset=\"https:\/\/plastimol.com\/wp-content\/uploads\/2023\/04\/TAPA-2.webp 1000w, https:\/\/plastimol.com\/wp-content\/uploads\/2023\/04\/TAPA-2-300x200.webp 300w, https:\/\/plastimol.com\/wp-content\/uploads\/2023\/04\/TAPA-2-768x512.webp 768w, https:\/\/plastimol.com\/wp-content\/uploads\/2023\/04\/TAPA-2-600x400.webp 600w\" sizes=\"(max-width: 1000px) 100vw, 1000px\" \/>\t\t\t\t\t\t\t\t<\/a>\n\t\t\t\t\t\t\t\t\t\t\t\t\t\t\t<\/div>\n\t\t\t\t<\/div>\n\t\t\t\t\t<\/div>\n\t\t<\/div>\n\t\t\t\t\t<\/div>\n\t\t<\/section>\n\t\t\t\t<\/div>\n\t\t","protected":false},"excerpt":{"rendered":"<p>BBOX Bo\u00eetes, palettes en plastique et grandes caisses en plastique pour divers secteurs. Bo\u00eetes, palettes en plastique et grandes caisses en plastique pour divers secteurs et formats. Vous trouverez ici un large choix de nos meilleurs produits de grandes caisses en plastique avec couvercle, sans couvercle, respirantes, empilables&#8230; Agriculture L&rsquo;industrie Combin\u00e9 Accessoires<\/p>\n","protected":false},"author":8,"featured_media":0,"parent":16193,"menu_order":0,"comment_status":"closed","ping_status":"closed","template":"","meta":{"_uag_custom_page_level_css":"","site-sidebar-layout":"no-sidebar","site-content-layout":"page-builder","ast-site-content-layout":"default","site-content-style":"default","site-sidebar-style":"default","ast-global-header-display":"","ast-banner-title-visibility":"","ast-main-header-display":"","ast-hfb-above-header-display":"","ast-hfb-below-header-display":"","ast-hfb-mobile-header-display":"","site-post-title":"disabled","ast-breadcrumbs-content":"","ast-featured-img":"disabled","footer-sml-layout":"","ast-disable-related-posts":"","theme-transparent-header-meta":"default","adv-header-id-meta":"","stick-header-meta":"default","header-above-stick-meta":"","header-main-stick-meta":"","header-below-stick-meta":"","astra-migrate-meta-layouts":"default","ast-page-background-enabled":"default","ast-page-background-meta":{"desktop":{"background-color":"","background-image":"","background-repeat":"repeat","background-position":"center center","background-size":"auto","background-attachment":"scroll","background-type":"","background-media":"","overlay-type":"","overlay-color":"","overlay-opacity":"","overlay-gradient":""},"tablet":{"background-color":"","background-image":"","background-repeat":"repeat","background-position":"center center","background-size":"auto","background-attachment":"scroll","background-type":"","background-media":"","overlay-type":"","overlay-color":"","overlay-opacity":"","overlay-gradient":""},"mobile":{"background-color":"","background-image":"","background-repeat":"repeat","background-position":"center center","background-size":"auto","background-attachment":"scroll","background-type":"","background-media":"","overlay-type":"","overlay-color":"","overlay-opacity":"","overlay-gradient":""}},"ast-content-background-meta":{"desktop":{"background-color":"var(--ast-global-color-5)","background-image":"","background-repeat":"repeat","background-position":"center center","background-size":"auto","background-attachment":"scroll","background-type":"","background-media":"","overlay-type":"","overlay-color":"","overlay-opacity":"","overlay-gradient":""},"tablet":{"background-color":"var(--ast-global-color-5)","background-image":"","background-repeat":"repeat","background-position":"center center","background-size":"auto","background-attachment":"scroll","background-type":"","background-media":"","overlay-type":"","overlay-color":"","overlay-opacity":"","overlay-gradient":""},"mobile":{"background-color":"var(--ast-global-color-5)","background-image":"","background-repeat":"repeat","background-position":"center center","background-size":"auto","background-attachment":"scroll","background-type":"","background-media":"","overlay-type":"","overlay-color":"","overlay-opacity":"","overlay-gradient":""}},"_joinchat":[],"footnotes":""},"class_list":["post-16183","page","type-page","status-publish","hentry"],"yoast_head":"<!-- This site is optimized with the Yoast SEO Premium plugin v25.3 (Yoast SEO v25.3) - https:\/\/yoast.com\/wordpress\/plugins\/seo\/ -->\n<title>Achetez Bbox, des bo\u00eetes et des conteneurs en plastique | Plastimol<\/title>\n<meta name=\"description\" content=\"L&#039;achat de Bbox, de bo\u00eetes et de conteneurs en plastique vous aide \u00e0 am\u00e9liorer la logistique et le transport de vos marchandises. Achetez sur plastimol.com !\" \/>\n<meta name=\"robots\" content=\"index, follow, max-snippet:-1, max-image-preview:large, max-video-preview:-1\" \/>\n<link rel=\"canonical\" href=\"https:\/\/plastimol.com\/fr\/produits\/bbox\/\" \/>\n<meta property=\"og:locale\" content=\"fr_FR\" \/>\n<meta property=\"og:type\" content=\"article\" \/>\n<meta property=\"og:title\" content=\"BBOX\" \/>\n<meta property=\"og:description\" content=\"L&#039;achat de Bbox, de bo\u00eetes et de conteneurs en plastique vous aide \u00e0 am\u00e9liorer la logistique et le transport de vos marchandises. Achetez sur plastimol.com !\" \/>\n<meta property=\"og:url\" content=\"https:\/\/plastimol.com\/fr\/produits\/bbox\/\" \/>\n<meta property=\"og:site_name\" content=\"Plastimol\" \/>\n<meta property=\"article:publisher\" content=\"https:\/\/www.facebook.com\/Plasticos-De-Molina-SL-2231330860466005\/\" \/>\n<meta property=\"article:modified_time\" content=\"2023-06-27T11:38:43+00:00\" \/>\n<meta property=\"og:image\" content=\"https:\/\/plastimol.com\/wp-content\/uploads\/2023\/05\/1210.50-LR-FR-4P-R01-1.webp\" \/>\n<meta name=\"twitter:card\" content=\"summary_large_image\" \/>\n<script type=\"application\/ld+json\" class=\"yoast-schema-graph\">{\"@context\":\"https:\/\/schema.org\",\"@graph\":[{\"@type\":\"WebPage\",\"@id\":\"https:\/\/plastimol.com\/fr\/produits\/bbox\/\",\"url\":\"https:\/\/plastimol.com\/fr\/produits\/bbox\/\",\"name\":\"Achetez Bbox, des bo\u00eetes et des conteneurs en plastique | Plastimol\",\"isPartOf\":{\"@id\":\"https:\/\/plastimol.com\/fr\/#website\"},\"primaryImageOfPage\":{\"@id\":\"https:\/\/plastimol.com\/fr\/produits\/bbox\/#primaryimage\"},\"image\":{\"@id\":\"https:\/\/plastimol.com\/fr\/produits\/bbox\/#primaryimage\"},\"thumbnailUrl\":\"https:\/\/plastimol.com\/wp-content\/uploads\/2023\/05\/1210.50-LR-FR-4P-R01-1.webp\",\"datePublished\":\"2023-05-12T17:06:19+00:00\",\"dateModified\":\"2023-06-27T11:38:43+00:00\",\"description\":\"L'achat de Bbox, de bo\u00eetes et de conteneurs en plastique vous aide \u00e0 am\u00e9liorer la logistique et le transport de vos marchandises. Achetez sur plastimol.com !\",\"breadcrumb\":{\"@id\":\"https:\/\/plastimol.com\/fr\/produits\/bbox\/#breadcrumb\"},\"inLanguage\":\"fr-FR\",\"potentialAction\":[{\"@type\":\"ReadAction\",\"target\":[\"https:\/\/plastimol.com\/fr\/produits\/bbox\/\"]}]},{\"@type\":\"ImageObject\",\"inLanguage\":\"fr-FR\",\"@id\":\"https:\/\/plastimol.com\/fr\/produits\/bbox\/#primaryimage\",\"url\":\"https:\/\/plastimol.com\/wp-content\/uploads\/2023\/05\/1210.50-LR-FR-4P-R01-1.webp\",\"contentUrl\":\"https:\/\/plastimol.com\/wp-content\/uploads\/2023\/05\/1210.50-LR-FR-4P-R01-1.webp\"},{\"@type\":\"BreadcrumbList\",\"@id\":\"https:\/\/plastimol.com\/fr\/produits\/bbox\/#breadcrumb\",\"itemListElement\":[{\"@type\":\"ListItem\",\"position\":1,\"name\":\"Plastimol\",\"item\":\"https:\/\/plastimol.com\/fr\/\"},{\"@type\":\"ListItem\",\"position\":2,\"name\":\"Produits : Fabrication de produits en plastique\",\"item\":\"https:\/\/plastimol.com\/fr\/productos\/\"},{\"@type\":\"ListItem\",\"position\":3,\"name\":\"BBOX\"}]},{\"@type\":\"WebSite\",\"@id\":\"https:\/\/plastimol.com\/fr\/#website\",\"url\":\"https:\/\/plastimol.com\/fr\/\",\"name\":\"Plastimol.com\",\"description\":\"Fabricantes Bbox, Contenedores, Cajas, Bidones y Palets de Pl\u00e1stico\",\"publisher\":{\"@id\":\"https:\/\/plastimol.com\/fr\/#organization\"},\"potentialAction\":[{\"@type\":\"SearchAction\",\"target\":{\"@type\":\"EntryPoint\",\"urlTemplate\":\"https:\/\/plastimol.com\/fr\/?s={search_term_string}\"},\"query-input\":{\"@type\":\"PropertyValueSpecification\",\"valueRequired\":true,\"valueName\":\"search_term_string\"}}],\"inLanguage\":\"fr-FR\"},{\"@type\":\"Organization\",\"@id\":\"https:\/\/plastimol.com\/fr\/#organization\",\"name\":\"Plastimol.com\",\"url\":\"https:\/\/plastimol.com\/fr\/\",\"logo\":{\"@type\":\"ImageObject\",\"inLanguage\":\"fr-FR\",\"@id\":\"https:\/\/plastimol.com\/fr\/#\/schema\/logo\/image\/\",\"url\":\"https:\/\/plastimol.com\/wp-content\/uploads\/2020\/12\/cropped-logo.png\",\"contentUrl\":\"https:\/\/plastimol.com\/wp-content\/uploads\/2020\/12\/cropped-logo.png\",\"width\":1957,\"height\":485,\"caption\":\"Plastimol.com\"},\"image\":{\"@id\":\"https:\/\/plastimol.com\/fr\/#\/schema\/logo\/image\/\"},\"sameAs\":[\"https:\/\/www.facebook.com\/Plasticos-De-Molina-SL-2231330860466005\/\",\"https:\/\/in.linkedin.com\/company\/plastimol\",\"https:\/\/www.instagram.com\/plastimol_envases\",\"https:\/\/www.youtube.com\/channel\/UCtKxYvZ0eakrjy2gSCBETGg\/videos\"]}]}<\/script>\n<!-- \/ Yoast SEO Premium plugin. -->","yoast_head_json":{"title":"Achetez Bbox, des bo\u00eetes et des conteneurs en plastique | Plastimol","description":"L'achat de Bbox, de bo\u00eetes et de conteneurs en plastique vous aide \u00e0 am\u00e9liorer la logistique et le transport de vos marchandises. Achetez sur plastimol.com !","robots":{"index":"index","follow":"follow","max-snippet":"max-snippet:-1","max-image-preview":"max-image-preview:large","max-video-preview":"max-video-preview:-1"},"canonical":"https:\/\/plastimol.com\/fr\/produits\/bbox\/","og_locale":"fr_FR","og_type":"article","og_title":"BBOX","og_description":"L'achat de Bbox, de bo\u00eetes et de conteneurs en plastique vous aide \u00e0 am\u00e9liorer la logistique et le transport de vos marchandises. Achetez sur plastimol.com !","og_url":"https:\/\/plastimol.com\/fr\/produits\/bbox\/","og_site_name":"Plastimol","article_publisher":"https:\/\/www.facebook.com\/Plasticos-De-Molina-SL-2231330860466005\/","article_modified_time":"2023-06-27T11:38:43+00:00","og_image":[{"url":"https:\/\/plastimol.com\/wp-content\/uploads\/2023\/05\/1210.50-LR-FR-4P-R01-1.webp","type":"","width":"","height":""}],"twitter_card":"summary_large_image","schema":{"@context":"https:\/\/schema.org","@graph":[{"@type":"WebPage","@id":"https:\/\/plastimol.com\/fr\/produits\/bbox\/","url":"https:\/\/plastimol.com\/fr\/produits\/bbox\/","name":"Achetez Bbox, des bo\u00eetes et des conteneurs en plastique | Plastimol","isPartOf":{"@id":"https:\/\/plastimol.com\/fr\/#website"},"primaryImageOfPage":{"@id":"https:\/\/plastimol.com\/fr\/produits\/bbox\/#primaryimage"},"image":{"@id":"https:\/\/plastimol.com\/fr\/produits\/bbox\/#primaryimage"},"thumbnailUrl":"https:\/\/plastimol.com\/wp-content\/uploads\/2023\/05\/1210.50-LR-FR-4P-R01-1.webp","datePublished":"2023-05-12T17:06:19+00:00","dateModified":"2023-06-27T11:38:43+00:00","description":"L'achat de Bbox, de bo\u00eetes et de conteneurs en plastique vous aide \u00e0 am\u00e9liorer la logistique et le transport de vos marchandises. Achetez sur plastimol.com !","breadcrumb":{"@id":"https:\/\/plastimol.com\/fr\/produits\/bbox\/#breadcrumb"},"inLanguage":"fr-FR","potentialAction":[{"@type":"ReadAction","target":["https:\/\/plastimol.com\/fr\/produits\/bbox\/"]}]},{"@type":"ImageObject","inLanguage":"fr-FR","@id":"https:\/\/plastimol.com\/fr\/produits\/bbox\/#primaryimage","url":"https:\/\/plastimol.com\/wp-content\/uploads\/2023\/05\/1210.50-LR-FR-4P-R01-1.webp","contentUrl":"https:\/\/plastimol.com\/wp-content\/uploads\/2023\/05\/1210.50-LR-FR-4P-R01-1.webp"},{"@type":"BreadcrumbList","@id":"https:\/\/plastimol.com\/fr\/produits\/bbox\/#breadcrumb","itemListElement":[{"@type":"ListItem","position":1,"name":"Plastimol","item":"https:\/\/plastimol.com\/fr\/"},{"@type":"ListItem","position":2,"name":"Produits : Fabrication de produits en plastique","item":"https:\/\/plastimol.com\/fr\/productos\/"},{"@type":"ListItem","position":3,"name":"BBOX"}]},{"@type":"WebSite","@id":"https:\/\/plastimol.com\/fr\/#website","url":"https:\/\/plastimol.com\/fr\/","name":"Plastimol.com","description":"Fabricantes Bbox, Contenedores, Cajas, Bidones y Palets de Pl\u00e1stico","publisher":{"@id":"https:\/\/plastimol.com\/fr\/#organization"},"potentialAction":[{"@type":"SearchAction","target":{"@type":"EntryPoint","urlTemplate":"https:\/\/plastimol.com\/fr\/?s={search_term_string}"},"query-input":{"@type":"PropertyValueSpecification","valueRequired":true,"valueName":"search_term_string"}}],"inLanguage":"fr-FR"},{"@type":"Organization","@id":"https:\/\/plastimol.com\/fr\/#organization","name":"Plastimol.com","url":"https:\/\/plastimol.com\/fr\/","logo":{"@type":"ImageObject","inLanguage":"fr-FR","@id":"https:\/\/plastimol.com\/fr\/#\/schema\/logo\/image\/","url":"https:\/\/plastimol.com\/wp-content\/uploads\/2020\/12\/cropped-logo.png","contentUrl":"https:\/\/plastimol.com\/wp-content\/uploads\/2020\/12\/cropped-logo.png","width":1957,"height":485,"caption":"Plastimol.com"},"image":{"@id":"https:\/\/plastimol.com\/fr\/#\/schema\/logo\/image\/"},"sameAs":["https:\/\/www.facebook.com\/Plasticos-De-Molina-SL-2231330860466005\/","https:\/\/in.linkedin.com\/company\/plastimol","https:\/\/www.instagram.com\/plastimol_envases","https:\/\/www.youtube.com\/channel\/UCtKxYvZ0eakrjy2gSCBETGg\/videos"]}]}},"uagb_featured_image_src":{"full":false,"thumbnail":false,"medium":false,"medium_large":false,"large":false,"1536x1536":false,"2048x2048":false,"woocommerce_thumbnail":false,"woocommerce_single":false,"woocommerce_gallery_thumbnail":false},"uagb_author_info":{"display_name":"Plastimol","author_link":"https:\/\/plastimol.com\/fr\/author\/plastimol\/"},"uagb_comment_info":0,"uagb_excerpt":"BBOX Bo\u00eetes, palettes en plastique et grandes caisses en plastique pour divers secteurs. Bo\u00eetes, palettes en plastique et grandes caisses en plastique pour divers secteurs et formats. Vous trouverez ici un large choix de nos meilleurs produits de grandes caisses en plastique avec couvercle, sans couvercle, respirantes, empilables&#8230; Agriculture L&rsquo;industrie Combin\u00e9 Accessoires","_links":{"self":[{"href":"https:\/\/plastimol.com\/fr\/wp-json\/wp\/v2\/pages\/16183","targetHints":{"allow":["GET"]}}],"collection":[{"href":"https:\/\/plastimol.com\/fr\/wp-json\/wp\/v2\/pages"}],"about":[{"href":"https:\/\/plastimol.com\/fr\/wp-json\/wp\/v2\/types\/page"}],"author":[{"embeddable":true,"href":"https:\/\/plastimol.com\/fr\/wp-json\/wp\/v2\/users\/8"}],"replies":[{"embeddable":true,"href":"https:\/\/plastimol.com\/fr\/wp-json\/wp\/v2\/comments?post=16183"}],"version-history":[{"count":0,"href":"https:\/\/plastimol.com\/fr\/wp-json\/wp\/v2\/pages\/16183\/revisions"}],"up":[{"embeddable":true,"href":"https:\/\/plastimol.com\/fr\/wp-json\/wp\/v2\/pages\/16193"}],"wp:attachment":[{"href":"https:\/\/plastimol.com\/fr\/wp-json\/wp\/v2\/media?parent=16183"}],"curies":[{"name":"wp","href":"https:\/\/api.w.org\/{rel}","templated":true}]}}