{"id":16048,"date":"2023-05-12T17:03:42","date_gmt":"2023-05-12T17:03:42","guid":{"rendered":"https:\/\/plastimol.com\/contact\/"},"modified":"2023-06-27T11:10:12","modified_gmt":"2023-06-27T11:10:12","slug":"contact","status":"publish","type":"page","link":"https:\/\/plastimol.com\/fr\/contact\/","title":{"rendered":"Contact"},"content":{"rendered":"\t\t<div data-elementor-type=\"wp-page\" data-elementor-id=\"16048\" class=\"elementor elementor-16048 elementor-9950\" data-elementor-post-type=\"page\">\n\t\t\t\t\t\t<section class=\"elementor-section elementor-top-section elementor-element elementor-element-5024c2d elementor-section-boxed elementor-section-height-default elementor-section-height-default\" data-id=\"5024c2d\" data-element_type=\"section\">\n\t\t\t\t\t\t<div class=\"elementor-container elementor-column-gap-default\">\n\t\t\t\t\t<div class=\"elementor-column elementor-col-100 elementor-top-column elementor-element elementor-element-fc4e1a5\" data-id=\"fc4e1a5\" data-element_type=\"column\">\n\t\t\t<div class=\"elementor-widget-wrap elementor-element-populated\">\n\t\t\t\t\t\t<div class=\"elementor-element elementor-element-1bcf8f6 elementor-widget elementor-widget-heading\" data-id=\"1bcf8f6\" data-element_type=\"widget\" data-widget_type=\"heading.default\">\n\t\t\t\t<div class=\"elementor-widget-container\">\n\t\t\t\t\t<h1 class=\"elementor-heading-title elementor-size-large\">CONTACT<\/h1>\t\t\t\t<\/div>\n\t\t\t\t<\/div>\n\t\t\t\t<div class=\"elementor-element elementor-element-633464c elementor-widget-divider--view-line elementor-widget elementor-widget-divider\" data-id=\"633464c\" data-element_type=\"widget\" data-widget_type=\"divider.default\">\n\t\t\t\t<div class=\"elementor-widget-container\">\n\t\t\t\t\t\t\t<div class=\"elementor-divider\">\n\t\t\t<span class=\"elementor-divider-separator\">\n\t\t\t\t\t\t<\/span>\n\t\t<\/div>\n\t\t\t\t\t\t<\/div>\n\t\t\t\t<\/div>\n\t\t\t\t\t<\/div>\n\t\t<\/div>\n\t\t\t\t\t<\/div>\n\t\t<\/section>\n\t\t\t\t<section class=\"elementor-section elementor-top-section elementor-element elementor-element-694ca99 elementor-section-boxed elementor-section-height-default elementor-section-height-default\" data-id=\"694ca99\" data-element_type=\"section\">\n\t\t\t\t\t\t<div class=\"elementor-container elementor-column-gap-default\">\n\t\t\t\t\t<div class=\"elementor-column elementor-col-100 elementor-top-column elementor-element elementor-element-3cfccf0\" data-id=\"3cfccf0\" data-element_type=\"column\">\n\t\t\t<div class=\"elementor-widget-wrap elementor-element-populated\">\n\t\t\t\t\t\t<div class=\"elementor-element elementor-element-5f91779 elementor-widget elementor-widget-spacer\" data-id=\"5f91779\" data-element_type=\"widget\" data-widget_type=\"spacer.default\">\n\t\t\t\t<div class=\"elementor-widget-container\">\n\t\t\t\t\t\t\t<div class=\"elementor-spacer\">\n\t\t\t<div class=\"elementor-spacer-inner\"><\/div>\n\t\t<\/div>\n\t\t\t\t\t\t<\/div>\n\t\t\t\t<\/div>\n\t\t\t\t\t<\/div>\n\t\t<\/div>\n\t\t\t\t\t<\/div>\n\t\t<\/section>\n\t\t\t\t<section class=\"elementor-section elementor-top-section elementor-element elementor-element-9825180 elementor-section-boxed elementor-section-height-default elementor-section-height-default\" data-id=\"9825180\" data-element_type=\"section\">\n\t\t\t\t\t\t<div class=\"elementor-container elementor-column-gap-default\">\n\t\t\t\t\t<div class=\"elementor-column elementor-col-50 elementor-top-column elementor-element elementor-element-8dee93b\" data-id=\"8dee93b\" data-element_type=\"column\">\n\t\t\t<div class=\"elementor-widget-wrap elementor-element-populated\">\n\t\t\t\t\t\t<div class=\"elementor-element elementor-element-a7308c2 elementor-widget elementor-widget-google_maps\" data-id=\"a7308c2\" data-element_type=\"widget\" data-widget_type=\"google_maps.default\">\n\t\t\t\t<div class=\"elementor-widget-container\">\n\t\t\t\t\t\t\t<div class=\"elementor-custom-embed\">\n\t\t\t<iframe loading=\"lazy\"\n\t\t\t\t\tsrc=\"https:\/\/maps.google.com\/maps?q=Plastimol%20Autov%C3%ADa%20de%20Madrid%20Salida%20121-B%2C%2030627%2C%20Molina%20de%20Segura&#038;t=m&#038;z=14&#038;output=embed&#038;iwloc=near\"\n\t\t\t\t\ttitle=\"Plastimol Autov\u00eda de Madrid Salida 121-B, 30627, Molina de Segura\"\n\t\t\t\t\taria-label=\"Plastimol Autov\u00eda de Madrid Salida 121-B, 30627, Molina de Segura\"\n\t\t\t><\/iframe>\n\t\t<\/div>\n\t\t\t\t\t\t<\/div>\n\t\t\t\t<\/div>\n\t\t\t\t<section class=\"elementor-section elementor-inner-section elementor-element elementor-element-cb717c8 elementor-section-boxed elementor-section-height-default elementor-section-height-default\" data-id=\"cb717c8\" data-element_type=\"section\">\n\t\t\t\t\t\t<div class=\"elementor-container elementor-column-gap-default\">\n\t\t\t\t\t<div class=\"elementor-column elementor-col-100 elementor-inner-column elementor-element elementor-element-eaccf9c\" data-id=\"eaccf9c\" data-element_type=\"column\" data-settings=\"{&quot;background_background&quot;:&quot;classic&quot;}\">\n\t\t\t<div class=\"elementor-widget-wrap elementor-element-populated\">\n\t\t\t\t\t\t<div class=\"elementor-element elementor-element-a4e342b elementor-widget elementor-widget-text-editor\" data-id=\"a4e342b\" data-element_type=\"widget\" data-widget_type=\"text-editor.default\">\n\t\t\t\t<div class=\"elementor-widget-container\">\n\t\t\t\t\t\t\t\t\t<p style=\"text-align: center;\"><span style=\"color: #ffffff;\">PL\u00c1STICOS DE MOLINA, S.L.<\/span><\/p>\n<p style=\"text-align: center;\"><span style=\"color: #ffffff;\">Autoroute A-30 Km 118,8 Sortie 121B Fortuna<\/span><\/p>\n<p style=\"text-align: center;\"><span style=\"color: #ffffff;\">30627 Molina de Segura (Murcia) &#8211; Espagne<\/span><\/p>\n<p style=\"text-align: center;\"><span style=\"color: #ffffff;\"><a style=\"color: #ffffff;\" href=\"tel:968611388\">(+34) 968 61 13<\/a><a style=\"color: #ffffff;\" href=\"mailto:info@plastimol.com\">88-info@plastimol.com <\/a> <\/span><\/p>\n<p style=\"text-align: center;\"><span style=\"color: #ffffff;\">Heures d&rsquo;ouverture : 9-14h et 15-18h du lundi au vendredi<\/span><\/p>\n\t\t\t\t\t\t\t\t<\/div>\n\t\t\t\t<\/div>\n\t\t\t\t\t<\/div>\n\t\t<\/div>\n\t\t\t\t\t<\/div>\n\t\t<\/section>\n\t\t\t\t\t<\/div>\n\t\t<\/div>\n\t\t\t\t<div class=\"elementor-column elementor-col-50 elementor-top-column elementor-element elementor-element-0c2b6ff\" data-id=\"0c2b6ff\" data-element_type=\"column\">\n\t\t\t<div class=\"elementor-widget-wrap elementor-element-populated\">\n\t\t\t\t\t\t<div class=\"elementor-element elementor-element-6b77bb9 elementor-widget elementor-widget-wpforms\" data-id=\"6b77bb9\" data-element_type=\"widget\" data-widget_type=\"wpforms.default\">\n\t\t\t\t<div class=\"elementor-widget-container\">\n\t\t\t\t\t<div class=\"wpforms-container wpforms-container-full\" id=\"wpforms-811\"><form id=\"wpforms-form-811\" class=\"wpforms-validate wpforms-form\" data-formid=\"811\" method=\"post\" enctype=\"multipart\/form-data\" action=\"\/fr\/wp-json\/wp\/v2\/pages\/16048\" data-token=\"e81e26760d91916b97d1480290daabcb\" data-token-time=\"1776529728\"><noscript class=\"wpforms-error-noscript\">Veuillez activer JavaScript dans votre navigateur pour remplir ce formulaire.<\/noscript><div class=\"wpforms-field-container\"><div id=\"wpforms-811-field_0-container\" class=\"wpforms-field wpforms-field-name\" data-field-id=\"0\"><label class=\"wpforms-field-label\">Nom <span class=\"wpforms-required-label\">*<\/span><\/label><div class=\"wpforms-field-row wpforms-field-large\"><div class=\"wpforms-field-row-block wpforms-first wpforms-one-half\"><input type=\"text\" id=\"wpforms-811-field_0\" class=\"wpforms-field-name-first wpforms-field-required\" name=\"wpforms[fields][0][first]\" required><label for=\"wpforms-811-field_0\" class=\"wpforms-field-sublabel after\">Pr\u00e9nom<\/label><\/div><div class=\"wpforms-field-row-block wpforms-one-half\"><input type=\"text\" id=\"wpforms-811-field_0-last\" class=\"wpforms-field-name-last wpforms-field-required\" name=\"wpforms[fields][0][last]\" required><label for=\"wpforms-811-field_0-last\" class=\"wpforms-field-sublabel after\">Nom<\/label><\/div><\/div><\/div><div id=\"wpforms-811-field_3-container\" class=\"wpforms-field wpforms-field-text\" data-field-id=\"3\"><label class=\"wpforms-field-label\" for=\"wpforms-811-field_3\">Entreprise (soci\u00e9t\u00e9)<\/label><input type=\"text\" id=\"wpforms-811-field_3\" class=\"wpforms-field-large\" name=\"wpforms[fields][3]\" ><\/div><div id=\"wpforms-811-field_7-container\" class=\"wpforms-field wpforms-field-phone\" data-field-id=\"7\"><label class=\"wpforms-field-label\" for=\"wpforms-811-field_7\">T\u00e9l\u00e9phone<\/label><input type=\"tel\" id=\"wpforms-811-field_7\" class=\"wpforms-field-large\" data-rule-int-phone-field=\"true\" name=\"wpforms[fields][7]\" aria-label=\"T\u00e9l\u00e9phone\" ><\/div><div id=\"wpforms-811-field_1-container\" class=\"wpforms-field wpforms-field-email\" data-field-id=\"1\"><label class=\"wpforms-field-label\" for=\"wpforms-811-field_1\">Email <span class=\"wpforms-required-label\">*<\/span><\/label><input type=\"email\" id=\"wpforms-811-field_1\" class=\"wpforms-field-large wpforms-field-required\" name=\"wpforms[fields][1]\" spellcheck=\"false\" required><\/div><div id=\"wpforms-811-field_2-container\" class=\"wpforms-field wpforms-field-textarea\" data-field-id=\"2\"><label class=\"wpforms-field-label\" for=\"wpforms-811-field_2\">Demande <span class=\"wpforms-required-label\">*<\/span><\/label><textarea id=\"wpforms-811-field_2\" class=\"wpforms-field-medium wpforms-field-required\" name=\"wpforms[fields][2]\" required><\/textarea><\/div><div id=\"wpforms-811-field_5-container\" class=\"wpforms-field wpforms-field-checkbox\" data-field-id=\"5\"><ul id=\"wpforms-811-field_5\" class=\"wpforms-field-required\"><li class=\"choice-1 depth-1\"><input type=\"checkbox\" id=\"wpforms-811-field_5_1\" name=\"wpforms[fields][5][]\" value=\"J&#039;accepte cette politique de protection des donn\u00e9es\" required ><label class=\"wpforms-field-label-inline\" for=\"wpforms-811-field_5_1\">J'accepte cette politique de protection des donn\u00e9es<\/label><\/li><li class=\"choice-2 depth-1\"><input type=\"checkbox\" id=\"wpforms-811-field_5_2\" name=\"wpforms[fields][5][]\" value=\"Je souhaite recevoir des communications commerciales de Plastimol.\" required ><label class=\"wpforms-field-label-inline\" for=\"wpforms-811-field_5_2\">Je souhaite recevoir des communications commerciales de Plastimol.<\/label><\/li><\/ul><div class=\"wpforms-field-description\">PL\u00c1STICOS DE MOLINA, S.L. traitera vos donn\u00e9es personnelles pour r\u00e9pondre aux demandes formul\u00e9es. Vous pouvez exercer vos droits d'acc\u00e8s, de rectification, de suppression et de portabilit\u00e9 de vos donn\u00e9es, ainsi que le droit de limitation et d'opposition \u00e0 leur traitement, en nous contactant \u00e0 l'adresse e-mail marketing@plastimol.com. Nous vous recommandons de lire la <A HREF=\"https:\/\/plastimol.com\/fr\/vie-privee\/\">politique de confidentialit\u00e9<\/A> avant de nous fournir vos donn\u00e9es personnelles.<\/div><\/div><\/div><!-- .wpforms-field-container --><div class=\"wpforms-recaptcha-container wpforms-is-recaptcha wpforms-is-recaptcha-type-v2\" ><div class=\"g-recaptcha\" data-sitekey=\"6Lfi8gUaAAAAADsja5BAsuoGh2ALAANCokftCLHO\"><\/div><input type=\"text\" name=\"g-recaptcha-hidden\" class=\"wpforms-recaptcha-hidden\" style=\"position:absolute!important;clip:rect(0,0,0,0)!important;height:1px!important;width:1px!important;border:0!important;overflow:hidden!important;padding:0!important;margin:0!important;\" data-rule-recaptcha=\"1\"><\/div><div class=\"wpforms-submit-container\" ><input type=\"hidden\" name=\"wpforms[id]\" value=\"811\"><input type=\"hidden\" name=\"page_title\" value=\"\"><input type=\"hidden\" name=\"page_url\" value=\"https:\/\/plastimol.com\/fr\/wp-json\/wp\/v2\/pages\/16048\"><input type=\"hidden\" name=\"url_referer\" value=\"\"><button type=\"submit\" name=\"wpforms[submit]\" id=\"wpforms-submit-811\" class=\"wpforms-submit enviar\" data-alt-text=\"Envoi en cours...\" data-submit-text=\"Envoyer\" aria-live=\"assertive\" value=\"wpforms-submit\">Envoyer<\/button><\/div><\/form><\/div>  <!-- .wpforms-container -->\t\t\t\t<\/div>\n\t\t\t\t<\/div>\n\t\t\t\t\t<\/div>\n\t\t<\/div>\n\t\t\t\t\t<\/div>\n\t\t<\/section>\n\t\t\t\t<\/div>\n\t\t","protected":false},"excerpt":{"rendered":"<p>CONTACT PL\u00c1STICOS DE MOLINA, S.L. Autoroute A-30 Km 118,8 Sortie 121B Fortuna 30627 Molina de Segura (Murcia) &#8211; Espagne (+34) 968 61 1388-info@plastimol.com Heures d&rsquo;ouverture : 9-14h et 15-18h du lundi au vendredi<\/p>\n","protected":false},"author":8,"featured_media":0,"parent":0,"menu_order":0,"comment_status":"closed","ping_status":"closed","template":"","meta":{"_uag_custom_page_level_css":"","site-sidebar-layout":"no-sidebar","site-content-layout":"page-builder","ast-site-content-layout":"default","site-content-style":"default","site-sidebar-style":"default","ast-global-header-display":"","ast-banner-title-visibility":"","ast-main-header-display":"","ast-hfb-above-header-display":"","ast-hfb-below-header-display":"","ast-hfb-mobile-header-display":"","site-post-title":"disabled","ast-breadcrumbs-content":"","ast-featured-img":"disabled","footer-sml-layout":"","ast-disable-related-posts":"","theme-transparent-header-meta":"default","adv-header-id-meta":"","stick-header-meta":"default","header-above-stick-meta":"","header-main-stick-meta":"","header-below-stick-meta":"","astra-migrate-meta-layouts":"default","ast-page-background-enabled":"default","ast-page-background-meta":{"desktop":{"background-color":"","background-image":"","background-repeat":"repeat","background-position":"center center","background-size":"auto","background-attachment":"scroll","background-type":"","background-media":"","overlay-type":"","overlay-color":"","overlay-opacity":"","overlay-gradient":""},"tablet":{"background-color":"","background-image":"","background-repeat":"repeat","background-position":"center center","background-size":"auto","background-attachment":"scroll","background-type":"","background-media":"","overlay-type":"","overlay-color":"","overlay-opacity":"","overlay-gradient":""},"mobile":{"background-color":"","background-image":"","background-repeat":"repeat","background-position":"center center","background-size":"auto","background-attachment":"scroll","background-type":"","background-media":"","overlay-type":"","overlay-color":"","overlay-opacity":"","overlay-gradient":""}},"ast-content-background-meta":{"desktop":{"background-color":"var(--ast-global-color-5)","background-image":"","background-repeat":"repeat","background-position":"center center","background-size":"auto","background-attachment":"scroll","background-type":"","background-media":"","overlay-type":"","overlay-color":"","overlay-opacity":"","overlay-gradient":""},"tablet":{"background-color":"var(--ast-global-color-5)","background-image":"","background-repeat":"repeat","background-position":"center center","background-size":"auto","background-attachment":"scroll","background-type":"","background-media":"","overlay-type":"","overlay-color":"","overlay-opacity":"","overlay-gradient":""},"mobile":{"background-color":"var(--ast-global-color-5)","background-image":"","background-repeat":"repeat","background-position":"center center","background-size":"auto","background-attachment":"scroll","background-type":"","background-media":"","overlay-type":"","overlay-color":"","overlay-opacity":"","overlay-gradient":""}},"_joinchat":[],"footnotes":""},"class_list":["post-16048","page","type-page","status-publish","hentry"],"yoast_head":"<!-- This site is optimized with the Yoast SEO Premium plugin v25.3 (Yoast SEO v25.3) - https:\/\/yoast.com\/wordpress\/plugins\/seo\/ -->\n<title>Contact | Plastimol<\/title>\n<meta name=\"description\" content=\"Contactez-nous ! Nous sommes l\u00e0 pour r\u00e9pondre \u00e0 vos questions et vous offrir le meilleur service. Contactez-nous d\u00e8s aujourd&#039;hui ! T\u00e9l\u00e9phone : +34 968 61 13 88.\" \/>\n<meta name=\"robots\" content=\"index, follow, max-snippet:-1, max-image-preview:large, max-video-preview:-1\" \/>\n<link rel=\"canonical\" href=\"https:\/\/plastimol.com\/fr\/contact\/\" \/>\n<meta property=\"og:locale\" content=\"fr_FR\" \/>\n<meta property=\"og:type\" content=\"article\" \/>\n<meta property=\"og:title\" content=\"Contact\" \/>\n<meta property=\"og:description\" content=\"Contactez-nous ! Nous sommes l\u00e0 pour r\u00e9pondre \u00e0 vos questions et vous offrir le meilleur service. Contactez-nous d\u00e8s aujourd&#039;hui ! T\u00e9l\u00e9phone : +34 968 61 13 88.\" \/>\n<meta property=\"og:url\" content=\"https:\/\/plastimol.com\/fr\/contact\/\" \/>\n<meta property=\"og:site_name\" content=\"Plastimol\" \/>\n<meta property=\"article:publisher\" content=\"https:\/\/www.facebook.com\/Plasticos-De-Molina-SL-2231330860466005\/\" \/>\n<meta property=\"article:modified_time\" content=\"2023-06-27T11:10:12+00:00\" \/>\n<meta name=\"twitter:card\" content=\"summary_large_image\" \/>\n<script type=\"application\/ld+json\" class=\"yoast-schema-graph\">{\"@context\":\"https:\/\/schema.org\",\"@graph\":[{\"@type\":\"WebPage\",\"@id\":\"https:\/\/plastimol.com\/fr\/contact\/\",\"url\":\"https:\/\/plastimol.com\/fr\/contact\/\",\"name\":\"Contact | Plastimol\",\"isPartOf\":{\"@id\":\"https:\/\/plastimol.com\/fr\/#website\"},\"datePublished\":\"2023-05-12T17:03:42+00:00\",\"dateModified\":\"2023-06-27T11:10:12+00:00\",\"description\":\"Contactez-nous ! Nous sommes l\u00e0 pour r\u00e9pondre \u00e0 vos questions et vous offrir le meilleur service. Contactez-nous d\u00e8s aujourd'hui ! T\u00e9l\u00e9phone : +34 968 61 13 88.\",\"breadcrumb\":{\"@id\":\"https:\/\/plastimol.com\/fr\/contact\/#breadcrumb\"},\"inLanguage\":\"fr-FR\",\"potentialAction\":[{\"@type\":\"ReadAction\",\"target\":[\"https:\/\/plastimol.com\/fr\/contact\/\"]}]},{\"@type\":\"BreadcrumbList\",\"@id\":\"https:\/\/plastimol.com\/fr\/contact\/#breadcrumb\",\"itemListElement\":[{\"@type\":\"ListItem\",\"position\":1,\"name\":\"Plastimol\",\"item\":\"https:\/\/plastimol.com\/fr\/\"},{\"@type\":\"ListItem\",\"position\":2,\"name\":\"Contact\"}]},{\"@type\":\"WebSite\",\"@id\":\"https:\/\/plastimol.com\/fr\/#website\",\"url\":\"https:\/\/plastimol.com\/fr\/\",\"name\":\"Plastimol.com\",\"description\":\"Fabricantes Bbox, Contenedores, Cajas, Bidones y Palets de Pl\u00e1stico\",\"publisher\":{\"@id\":\"https:\/\/plastimol.com\/fr\/#organization\"},\"potentialAction\":[{\"@type\":\"SearchAction\",\"target\":{\"@type\":\"EntryPoint\",\"urlTemplate\":\"https:\/\/plastimol.com\/fr\/?s={search_term_string}\"},\"query-input\":{\"@type\":\"PropertyValueSpecification\",\"valueRequired\":true,\"valueName\":\"search_term_string\"}}],\"inLanguage\":\"fr-FR\"},{\"@type\":\"Organization\",\"@id\":\"https:\/\/plastimol.com\/fr\/#organization\",\"name\":\"Plastimol.com\",\"url\":\"https:\/\/plastimol.com\/fr\/\",\"logo\":{\"@type\":\"ImageObject\",\"inLanguage\":\"fr-FR\",\"@id\":\"https:\/\/plastimol.com\/fr\/#\/schema\/logo\/image\/\",\"url\":\"https:\/\/plastimol.com\/wp-content\/uploads\/2020\/12\/cropped-logo.png\",\"contentUrl\":\"https:\/\/plastimol.com\/wp-content\/uploads\/2020\/12\/cropped-logo.png\",\"width\":1957,\"height\":485,\"caption\":\"Plastimol.com\"},\"image\":{\"@id\":\"https:\/\/plastimol.com\/fr\/#\/schema\/logo\/image\/\"},\"sameAs\":[\"https:\/\/www.facebook.com\/Plasticos-De-Molina-SL-2231330860466005\/\",\"https:\/\/in.linkedin.com\/company\/plastimol\",\"https:\/\/www.instagram.com\/plastimol_envases\",\"https:\/\/www.youtube.com\/channel\/UCtKxYvZ0eakrjy2gSCBETGg\/videos\"]}]}<\/script>\n<!-- \/ Yoast SEO Premium plugin. -->","yoast_head_json":{"title":"Contact | Plastimol","description":"Contactez-nous ! Nous sommes l\u00e0 pour r\u00e9pondre \u00e0 vos questions et vous offrir le meilleur service. Contactez-nous d\u00e8s aujourd'hui ! T\u00e9l\u00e9phone : +34 968 61 13 88.","robots":{"index":"index","follow":"follow","max-snippet":"max-snippet:-1","max-image-preview":"max-image-preview:large","max-video-preview":"max-video-preview:-1"},"canonical":"https:\/\/plastimol.com\/fr\/contact\/","og_locale":"fr_FR","og_type":"article","og_title":"Contact","og_description":"Contactez-nous ! Nous sommes l\u00e0 pour r\u00e9pondre \u00e0 vos questions et vous offrir le meilleur service. Contactez-nous d\u00e8s aujourd'hui ! T\u00e9l\u00e9phone : +34 968 61 13 88.","og_url":"https:\/\/plastimol.com\/fr\/contact\/","og_site_name":"Plastimol","article_publisher":"https:\/\/www.facebook.com\/Plasticos-De-Molina-SL-2231330860466005\/","article_modified_time":"2023-06-27T11:10:12+00:00","twitter_card":"summary_large_image","schema":{"@context":"https:\/\/schema.org","@graph":[{"@type":"WebPage","@id":"https:\/\/plastimol.com\/fr\/contact\/","url":"https:\/\/plastimol.com\/fr\/contact\/","name":"Contact | Plastimol","isPartOf":{"@id":"https:\/\/plastimol.com\/fr\/#website"},"datePublished":"2023-05-12T17:03:42+00:00","dateModified":"2023-06-27T11:10:12+00:00","description":"Contactez-nous ! Nous sommes l\u00e0 pour r\u00e9pondre \u00e0 vos questions et vous offrir le meilleur service. Contactez-nous d\u00e8s aujourd'hui ! T\u00e9l\u00e9phone : +34 968 61 13 88.","breadcrumb":{"@id":"https:\/\/plastimol.com\/fr\/contact\/#breadcrumb"},"inLanguage":"fr-FR","potentialAction":[{"@type":"ReadAction","target":["https:\/\/plastimol.com\/fr\/contact\/"]}]},{"@type":"BreadcrumbList","@id":"https:\/\/plastimol.com\/fr\/contact\/#breadcrumb","itemListElement":[{"@type":"ListItem","position":1,"name":"Plastimol","item":"https:\/\/plastimol.com\/fr\/"},{"@type":"ListItem","position":2,"name":"Contact"}]},{"@type":"WebSite","@id":"https:\/\/plastimol.com\/fr\/#website","url":"https:\/\/plastimol.com\/fr\/","name":"Plastimol.com","description":"Fabricantes Bbox, Contenedores, Cajas, Bidones y Palets de Pl\u00e1stico","publisher":{"@id":"https:\/\/plastimol.com\/fr\/#organization"},"potentialAction":[{"@type":"SearchAction","target":{"@type":"EntryPoint","urlTemplate":"https:\/\/plastimol.com\/fr\/?s={search_term_string}"},"query-input":{"@type":"PropertyValueSpecification","valueRequired":true,"valueName":"search_term_string"}}],"inLanguage":"fr-FR"},{"@type":"Organization","@id":"https:\/\/plastimol.com\/fr\/#organization","name":"Plastimol.com","url":"https:\/\/plastimol.com\/fr\/","logo":{"@type":"ImageObject","inLanguage":"fr-FR","@id":"https:\/\/plastimol.com\/fr\/#\/schema\/logo\/image\/","url":"https:\/\/plastimol.com\/wp-content\/uploads\/2020\/12\/cropped-logo.png","contentUrl":"https:\/\/plastimol.com\/wp-content\/uploads\/2020\/12\/cropped-logo.png","width":1957,"height":485,"caption":"Plastimol.com"},"image":{"@id":"https:\/\/plastimol.com\/fr\/#\/schema\/logo\/image\/"},"sameAs":["https:\/\/www.facebook.com\/Plasticos-De-Molina-SL-2231330860466005\/","https:\/\/in.linkedin.com\/company\/plastimol","https:\/\/www.instagram.com\/plastimol_envases","https:\/\/www.youtube.com\/channel\/UCtKxYvZ0eakrjy2gSCBETGg\/videos"]}]}},"uagb_featured_image_src":{"full":false,"thumbnail":false,"medium":false,"medium_large":false,"large":false,"1536x1536":false,"2048x2048":false,"woocommerce_thumbnail":false,"woocommerce_single":false,"woocommerce_gallery_thumbnail":false},"uagb_author_info":{"display_name":"Plastimol","author_link":"https:\/\/plastimol.com\/fr\/author\/plastimol\/"},"uagb_comment_info":0,"uagb_excerpt":"CONTACT PL\u00c1STICOS DE MOLINA, S.L. Autoroute A-30 Km 118,8 Sortie 121B Fortuna 30627 Molina de Segura (Murcia) &#8211; Espagne (+34) 968 61 1388-info@plastimol.com Heures d&rsquo;ouverture : 9-14h et 15-18h du lundi au vendredi","_links":{"self":[{"href":"https:\/\/plastimol.com\/fr\/wp-json\/wp\/v2\/pages\/16048","targetHints":{"allow":["GET"]}}],"collection":[{"href":"https:\/\/plastimol.com\/fr\/wp-json\/wp\/v2\/pages"}],"about":[{"href":"https:\/\/plastimol.com\/fr\/wp-json\/wp\/v2\/types\/page"}],"author":[{"embeddable":true,"href":"https:\/\/plastimol.com\/fr\/wp-json\/wp\/v2\/users\/8"}],"replies":[{"embeddable":true,"href":"https:\/\/plastimol.com\/fr\/wp-json\/wp\/v2\/comments?post=16048"}],"version-history":[{"count":0,"href":"https:\/\/plastimol.com\/fr\/wp-json\/wp\/v2\/pages\/16048\/revisions"}],"wp:attachment":[{"href":"https:\/\/plastimol.com\/fr\/wp-json\/wp\/v2\/media?parent=16048"}],"curies":[{"name":"wp","href":"https:\/\/api.w.org\/{rel}","templated":true}]}}